{"id":25950,"date":"2025-02-20T23:28:02","date_gmt":"2025-02-20T22:28:02","guid":{"rendered":"http:\/\/olemosaic.com\/producto\/bol-de-coco-fucsia-sardina\/"},"modified":"2025-07-25T19:35:03","modified_gmt":"2025-07-25T17:35:03","slug":"bol-de-coco-fuchsia-sardine-marron","status":"publish","type":"product","link":"https:\/\/olemosaic.com\/fr\/produit\/bol-de-coco-fuchsia-sardine-marron\/","title":{"rendered":"Bol de coco fuchsia. Sardine. Marron."},"content":{"rendered":"<p>Bol de coco fuchsia d\u00e9cor\u00e9 d&rsquo;un motif de sardine. Ce bol attrayant, fabriqu\u00e9 en noix de coco, pr\u00e9sente un design exclusif qui allie fonctionnalit\u00e9 et esth\u00e9tique. \u00c0 l&rsquo;int\u00e9rieur, de douces teintes fuchsia \u00e9voquent la fra\u00eecheur et la joie de la mer, cr\u00e9ant une ambiance vibrante et accueillante dans n&rsquo;importe quel espace. Au centre du design, une sardine peinte dans un ton marron \u00e9l\u00e9gant apporte un contraste visuel captivant, symbolisant la riche tradition de p\u00eache des c\u00f4tes m\u00e9diterran\u00e9ennes.<\/p>\n<p>Chaque bol est une pi\u00e8ce unique, fabriqu\u00e9e de mani\u00e8re artisanale, ce qui garantit son authenticit\u00e9 en tant que souvenir typique de la culture espagnole. Le choix de la noix de coco comme mat\u00e9riau souligne non seulement la durabilit\u00e9 du produit, mais refl\u00e8te \u00e9galement le lien des communaut\u00e9s c\u00f4ti\u00e8res avec la nature et la mer. Ce bol de coco est non seulement id\u00e9al pour servir des ap\u00e9ritifs, mais il sert \u00e9galement d&rsquo;\u00e9l\u00e9ment d\u00e9coratif qui rehausse n&rsquo;importe quelle table ou \u00e9tag\u00e8re.<\/p>\n<p>Chez Ol\u00e9 Mosaic, nous nous sp\u00e9cialisons dans la distribution de souvenirs en gros, proposant des produits qui capturent l&rsquo;essence de la culture et de la tradition locales. Ce bol fuchsia d\u00e9cor\u00e9 d&rsquo;une sardine est une excellente option pour les touristes qui cherchent \u00e0 emporter un morceau d&rsquo;authenticit\u00e9 de leur visite en Espagne, devenant un incontournable dans toute boutique de cadeaux touristiques.<\/p>\n","protected":false},"excerpt":{"rendered":"<p>Bol de coco fuchsia d\u00e9cor\u00e9 d&rsquo;un d\u00e9licat motif de sardine. Ce bol attrayant, fabriqu\u00e9 en noix de coco, pr\u00e9sente un design exclusif avec des teintes fuchsia douces et color\u00e9es \u00e0 l&rsquo;int\u00e9rieur, \u00e9voquant la fra\u00eecheur de la mer. La sardine, peinte dans un ton marron \u00e9l\u00e9gant, est situ\u00e9e au centre du bol, cr\u00e9ant un contraste visuel captivant. Id\u00e9al comme pi\u00e8ce d\u00e9corative ou pour servir des ap\u00e9ritifs, ce bol allie art et fonctionnalit\u00e9.<\/p>\n","protected":false},"featured_media":11852,"template":"","meta":{"_acf_changed":false},"product_brand":[],"product_cat":[521],"product_tag":[530],"class_list":{"0":"post-25950","1":"product","2":"type-product","3":"status-publish","4":"has-post-thumbnail","6":"product_cat-bols","7":"product_tag-animaux","8":"pa_motivo-sardines","10":"first","11":"instock","12":"shipping-taxable","13":"product-type-simple"},"acf":[],"_links":{"self":[{"href":"https:\/\/olemosaic.com\/fr\/wp-json\/wp\/v2\/product\/25950","targetHints":{"allow":["GET"]}}],"collection":[{"href":"https:\/\/olemosaic.com\/fr\/wp-json\/wp\/v2\/product"}],"about":[{"href":"https:\/\/olemosaic.com\/fr\/wp-json\/wp\/v2\/types\/product"}],"wp:featuredmedia":[{"embeddable":true,"href":"https:\/\/olemosaic.com\/fr\/wp-json\/wp\/v2\/media\/11852"}],"wp:attachment":[{"href":"https:\/\/olemosaic.com\/fr\/wp-json\/wp\/v2\/media?parent=25950"}],"wp:term":[{"taxonomy":"product_brand","embeddable":true,"href":"https:\/\/olemosaic.com\/fr\/wp-json\/wp\/v2\/product_brand?post=25950"},{"taxonomy":"product_cat","embeddable":true,"href":"https:\/\/olemosaic.com\/fr\/wp-json\/wp\/v2\/product_cat?post=25950"},{"taxonomy":"product_tag","embeddable":true,"href":"https:\/\/olemosaic.com\/fr\/wp-json\/wp\/v2\/product_tag?post=25950"}],"curies":[{"name":"wp","href":"https:\/\/api.w.org\/{rel}","templated":true}]}}