{"id":25948,"date":"2025-02-20T22:28:01","date_gmt":"2025-02-20T22:28:01","guid":{"rendered":"http:\/\/olemosaic.com\/producto\/bol-de-coco-naranja-delfin-menorca\/"},"modified":"2025-07-25T19:21:03","modified_gmt":"2025-07-25T17:21:03","slug":"bol-en-noix-de-coco-orange-dauphin-minorque","status":"publish","type":"product","link":"https:\/\/olemosaic.com\/fr\/produit\/bol-en-noix-de-coco-orange-dauphin-minorque\/","title":{"rendered":"Bol en noix de coco orange. Dauphin. Minorque."},"content":{"rendered":"<p>Bol d\u00e9coratif en noix de coco de Minorque, avec un design attrayant dans les tons bleus \u00e9voquant la beaut\u00e9 des eaux cristallines de la M\u00e9diterran\u00e9e. Ce bol exquis pr\u00e9sente un dessin \u00e9l\u00e9gant d&rsquo;un dauphin, symbole de la faune marine de la r\u00e9gion, encadr\u00e9 par un d\u00e9tail d\u00e9coratif en mosa\u00efque qui renforce son esth\u00e9tique artisanale. Avec le nom \u00ab\u00a0MINORQUE\u00a0\u00bb imprim\u00e9 sur le devant, cette pi\u00e8ce se distingue tant par sa fonctionnalit\u00e9, id\u00e9ale pour servir de petits ap\u00e9ritifs ou comme \u00e9l\u00e9ment d\u00e9coratif, que par son authenticit\u00e9 en tant que souvenir repr\u00e9sentatif de l&rsquo;\u00eele. Sa forme ovale et sa finition artisanale soulignent la beaut\u00e9 naturelle du mat\u00e9riau, en faisant un compl\u00e9ment id\u00e9al pour tout foyer recherchant une touche du charme m\u00e9diterran\u00e9en. Ce bol en noix de coco n&rsquo;est pas seulement un objet d\u00e9coratif, il poss\u00e8de \u00e9galement un lien culturel significatif, refl\u00e9tant la riche tradition artisanale de Minorque et l&rsquo;amour de la nature qui caract\u00e9rise ses habitants. Chez Ol\u00e9 Mosaic, en tant que grossiste de souvenirs, nous proposons ce bol en noix de coco comme une excellente option pour les boutiques de cadeaux touristiques recherchant des produits uniques et de qualit\u00e9, parfaits pour les touristes souhaitant emporter un morceau de Minorque.<\/p>\n","protected":false},"excerpt":{"rendered":"<p>Bol en noix de coco avec un design attrayant dans les tons bleus repr\u00e9sentant un dauphin, \u00e9voquant les eaux cristallines de Minorque. Cet article, avec un d\u00e9tail d\u00e9coratif en mosa\u00efque et le nom \u00ab\u00a0MINORQUE\u00a0\u00bb imprim\u00e9, est id\u00e9al comme \u00e9l\u00e9ment d\u00e9coratif ou pour servir de petits ap\u00e9ritifs. Sa forme ovale et sa finition artisanale soulignent la beaut\u00e9 naturelle du mat\u00e9riau, apportant une touche de charme m\u00e9diterran\u00e9en \u00e0 n&rsquo;importe quel foyer.<\/p>\n","protected":false},"featured_media":11947,"template":"","meta":{"_acf_changed":false},"product_brand":[],"product_cat":[521],"product_tag":[530],"class_list":{"0":"post-25948","1":"product","2":"type-product","3":"status-publish","4":"has-post-thumbnail","6":"product_cat-bols","7":"product_tag-animaux","8":"pa_ciudad-menorca","9":"pa_motivo-dauphins","10":"pa_pais-espana","12":"first","13":"instock","14":"shipping-taxable","15":"product-type-simple"},"acf":[],"_links":{"self":[{"href":"https:\/\/olemosaic.com\/fr\/wp-json\/wp\/v2\/product\/25948","targetHints":{"allow":["GET"]}}],"collection":[{"href":"https:\/\/olemosaic.com\/fr\/wp-json\/wp\/v2\/product"}],"about":[{"href":"https:\/\/olemosaic.com\/fr\/wp-json\/wp\/v2\/types\/product"}],"wp:featuredmedia":[{"embeddable":true,"href":"https:\/\/olemosaic.com\/fr\/wp-json\/wp\/v2\/media\/11947"}],"wp:attachment":[{"href":"https:\/\/olemosaic.com\/fr\/wp-json\/wp\/v2\/media?parent=25948"}],"wp:term":[{"taxonomy":"product_brand","embeddable":true,"href":"https:\/\/olemosaic.com\/fr\/wp-json\/wp\/v2\/product_brand?post=25948"},{"taxonomy":"product_cat","embeddable":true,"href":"https:\/\/olemosaic.com\/fr\/wp-json\/wp\/v2\/product_cat?post=25948"},{"taxonomy":"product_tag","embeddable":true,"href":"https:\/\/olemosaic.com\/fr\/wp-json\/wp\/v2\/product_tag?post=25948"}],"curies":[{"name":"wp","href":"https:\/\/api.w.org\/{rel}","templated":true}]}}