{"id":25946,"date":"2025-02-20T23:28:01","date_gmt":"2025-02-20T22:28:01","guid":{"rendered":"http:\/\/olemosaic.com\/producto\/bol-de-coco-sardina-2\/"},"modified":"2025-07-25T18:37:50","modified_gmt":"2025-07-25T16:37:50","slug":"bol-en-noix-de-coco-sardine-portugal","status":"publish","type":"product","link":"https:\/\/olemosaic.com\/fr\/produit\/bol-en-noix-de-coco-sardine-portugal\/","title":{"rendered":"Bol en noix de coco. Sardine. Portugal."},"content":{"rendered":"<p>Bol en noix de coco d\u00e9cor\u00e9 d&rsquo;une mosa\u00efque vibrante repr\u00e9sentant l&rsquo;essence de la culture portugaise, id\u00e9al pour d\u00e9guster des ap\u00e9ritifs ou comme pi\u00e8ce d\u00e9corative. Ce bol attrayant pr\u00e9sente un design captivant de sardine, symbole embl\u00e9matique de la gastronomie et du folklore maritime du Portugal. Ses couleurs vives, dans les tons bleu, rose et jaune, forment une mosa\u00efque vibrante qui \u00e9voque les azulejos traditionnels portugais, cr\u00e9ant un effet visuel qui apporte joie et couleur \u00e0 n&rsquo;importe quel espace.<\/p>\n<p>Au centre du bol, la s\u00e9rigraphie \u00ab\u00a0PORTUGAL\u00a0\u00bb se distingue, renfor\u00e7ant le lien avec le pays et son riche h\u00e9ritage culturel. La forme ovale du bol et ses bords lisses lui conf\u00e8rent une touche d&rsquo;\u00e9l\u00e9gance et de distinction, le rendant parfait aussi bien pour servir des ap\u00e9ritifs lors de r\u00e9unions que pour l&rsquo;exposer comme une belle pi\u00e8ce d\u00e9corative dans votre maison.<\/p>\n<p>En tant que v\u00e9ritable pi\u00e8ce de souvenir du Portugal, ce bol en noix de coco n&rsquo;est pas seulement pratique, il encapsule \u00e9galement l&rsquo;essence de la culture portugaise dans chaque d\u00e9tail. Chez Ol\u00e9 Mosaic, nous nous sp\u00e9cialisons dans la distribution de souvenirs en gros, proposant des articles comme ce bol qui mettent en avant l&rsquo;authenticit\u00e9 et la valeur culturelle. Ce produit est une excellente option pour les boutiques de cadeaux touristiques cherchant \u00e0 offrir \u00e0 leurs clients un petit morceau du Portugal plein de couleur et de tradition.<\/p>\n","protected":false},"excerpt":{"rendered":"<p>Bol en noix de coco d\u00e9cor\u00e9 d&rsquo;une mosa\u00efque vibrante repr\u00e9sentant la culture portugaise, mettant en avant le design d&rsquo;une sardine. Ce bol attrayant, id\u00e9al pour servir des ap\u00e9ritifs ou comme pi\u00e8ce d\u00e9corative, pr\u00e9sente des couleurs vives dans les tons bleu, rose et jaune, rehauss\u00e9es par une finition brillante. La s\u00e9rigraphie \u00ab\u00a0PORTUGAL\u00a0\u00bb au centre souligne l&rsquo;essence du pays, tandis que sa forme ovale et ses bords lisses apportent une touche \u00e9l\u00e9gante. Parfait pour apporter un peu de Portugal chez soi.<\/p>\n","protected":false},"featured_media":11983,"template":"","meta":{"_acf_changed":false},"product_brand":[],"product_cat":[521],"product_tag":[530],"class_list":{"0":"post-25946","1":"product","2":"type-product","3":"status-publish","4":"has-post-thumbnail","6":"product_cat-bols","7":"product_tag-animaux","8":"pa_motivo-sardines","9":"pa_pais-portugal","11":"first","12":"instock","13":"shipping-taxable","14":"product-type-simple"},"acf":[],"_links":{"self":[{"href":"https:\/\/olemosaic.com\/fr\/wp-json\/wp\/v2\/product\/25946","targetHints":{"allow":["GET"]}}],"collection":[{"href":"https:\/\/olemosaic.com\/fr\/wp-json\/wp\/v2\/product"}],"about":[{"href":"https:\/\/olemosaic.com\/fr\/wp-json\/wp\/v2\/types\/product"}],"wp:featuredmedia":[{"embeddable":true,"href":"https:\/\/olemosaic.com\/fr\/wp-json\/wp\/v2\/media\/11983"}],"wp:attachment":[{"href":"https:\/\/olemosaic.com\/fr\/wp-json\/wp\/v2\/media?parent=25946"}],"wp:term":[{"taxonomy":"product_brand","embeddable":true,"href":"https:\/\/olemosaic.com\/fr\/wp-json\/wp\/v2\/product_brand?post=25946"},{"taxonomy":"product_cat","embeddable":true,"href":"https:\/\/olemosaic.com\/fr\/wp-json\/wp\/v2\/product_cat?post=25946"},{"taxonomy":"product_tag","embeddable":true,"href":"https:\/\/olemosaic.com\/fr\/wp-json\/wp\/v2\/product_tag?post=25946"}],"curies":[{"name":"wp","href":"https:\/\/api.w.org\/{rel}","templated":true}]}}