{"id":25945,"date":"2025-02-20T23:28:01","date_gmt":"2025-02-20T22:28:01","guid":{"rendered":"http:\/\/olemosaic.com\/producto\/bol-de-coco-con-flores-isla-gran-canaria\/"},"modified":"2025-07-25T19:30:52","modified_gmt":"2025-07-25T17:30:52","slug":"bol-en-noix-de-coco-fleurs-ile-gran-canaria","status":"publish","type":"product","link":"https:\/\/olemosaic.com\/fr\/produit\/bol-en-noix-de-coco-fleurs-ile-gran-canaria\/","title":{"rendered":"Bol en noix de coco avec fleurs. \u00cele. Gran Canaria."},"content":{"rendered":"<p>Bol en noix de coco d\u00e9cor\u00e9 d&rsquo;une mosa\u00efque de fleurs vibrante repr\u00e9sentant la beaut\u00e9 naturelle de Gran Canaria. Ce bol attrayant, dot\u00e9 d&rsquo;une base en noix de coco durable, est moul\u00e9 et peint \u00e0 la main, affichant une magnifique palette de couleurs comprenant des tons orange, bleu et bordeaux. Chaque d\u00e9tail de la mosa\u00efque \u00e9voque la flore locale de l&rsquo;\u00eele, cr\u00e9ant un effet visuel captivant et nostalgique. Au centre, l&rsquo;inscription \u00ab\u00a0Gran Canaria\u00a0\u00bb se d\u00e9tache, ajoutant une touche distinctive et culturelle qui en fait un souvenir id\u00e9al pour ceux qui cherchent \u00e0 emporter un morceau de l&rsquo;\u00eele.<\/p>\n<p>Le design souligne non seulement la riche biodiversit\u00e9 de Gran Canaria, mais sert \u00e9galement de rappel de ses paysages et traditions. Ce bol n&rsquo;est pas seulement une pi\u00e8ce d\u00e9corative, mais aussi fonctionnelle, adapt\u00e9e pour servir des ap\u00e9ritifs ou comme centre de table. Chez Ol\u00e9 Mosaic, nous sommes fiers de proposer des souvenirs authentiques et repr\u00e9sentatifs des diff\u00e9rentes r\u00e9gions d&rsquo;Espagne. Ce bol en noix de coco peint \u00e0 la main est une excellente option pour les boutiques de cadeaux touristiques souhaitant offrir \u00e0 leurs clients un v\u00e9ritable lien avec la culture canarienne. En tant que grossistes de souvenirs, nous garantissons l&rsquo;authenticit\u00e9 et la qualit\u00e9 de chaque pi\u00e8ce, id\u00e9ale pour ceux qui appr\u00e9cient un souvenir significatif.<\/p>\n","protected":false},"excerpt":{"rendered":"<p>Bol en noix de coco d\u00e9cor\u00e9 d&rsquo;une mosa\u00efque de fleurs vibrante, repr\u00e9sentant la beaut\u00e9 naturelle de Gran Canaria. Ce bol attrayant, avec une base en noix de coco, pr\u00e9sente un design artisanal, peint \u00e0 la main, avec des d\u00e9tails color\u00e9s dans les tons orange, bleu et bordeaux \u00e9voquant la flore locale. Au centre, l&rsquo;inscription \u00ab\u00a0Gran Canaria\u00a0\u00bb ajoute une touche distinctive et culturelle, faisant de ce bol un souvenir id\u00e9al alliant fonctionnalit\u00e9 et art canarien.<\/p>\n","protected":false},"featured_media":10312,"template":"","meta":{"_acf_changed":false},"product_brand":[],"product_cat":[521],"product_tag":[],"class_list":{"0":"post-25945","1":"product","2":"type-product","3":"status-publish","4":"has-post-thumbnail","6":"product_cat-bols","7":"pa_ciudad-gran-canaria","8":"pa_motivo-iles","9":"pa_pais-espana","11":"first","12":"instock","13":"shipping-taxable","14":"product-type-simple"},"acf":[],"_links":{"self":[{"href":"https:\/\/olemosaic.com\/fr\/wp-json\/wp\/v2\/product\/25945","targetHints":{"allow":["GET"]}}],"collection":[{"href":"https:\/\/olemosaic.com\/fr\/wp-json\/wp\/v2\/product"}],"about":[{"href":"https:\/\/olemosaic.com\/fr\/wp-json\/wp\/v2\/types\/product"}],"wp:featuredmedia":[{"embeddable":true,"href":"https:\/\/olemosaic.com\/fr\/wp-json\/wp\/v2\/media\/10312"}],"wp:attachment":[{"href":"https:\/\/olemosaic.com\/fr\/wp-json\/wp\/v2\/media?parent=25945"}],"wp:term":[{"taxonomy":"product_brand","embeddable":true,"href":"https:\/\/olemosaic.com\/fr\/wp-json\/wp\/v2\/product_brand?post=25945"},{"taxonomy":"product_cat","embeddable":true,"href":"https:\/\/olemosaic.com\/fr\/wp-json\/wp\/v2\/product_cat?post=25945"},{"taxonomy":"product_tag","embeddable":true,"href":"https:\/\/olemosaic.com\/fr\/wp-json\/wp\/v2\/product_tag?post=25945"}],"curies":[{"name":"wp","href":"https:\/\/api.w.org\/{rel}","templated":true}]}}