{"id":25944,"date":"2025-02-20T23:28:01","date_gmt":"2025-02-20T22:28:01","guid":{"rendered":"http:\/\/olemosaic.com\/producto\/bol-de-coco-sardina\/"},"modified":"2025-07-25T18:33:39","modified_gmt":"2025-07-25T16:33:39","slug":"bol-en-noix-de-coco-sardine","status":"publish","type":"product","link":"https:\/\/olemosaic.com\/fr\/produit\/bol-en-noix-de-coco-sardine\/","title":{"rendered":"Bol en noix de coco. Sardine."},"content":{"rendered":"<p>Bol en noix de coco d\u00e9cor\u00e9 d&rsquo;une mosa\u00efque de couleurs vibrantes, inspir\u00e9 par la tradition maritime de la c\u00f4te espagnole. Ce bol, fabriqu\u00e9 artisanalement, pr\u00e9sente un design captivant qui int\u00e8gre une sardine au centre, symbole repr\u00e9sentatif de la gastronomie et de la culture c\u00f4ti\u00e8res. Autour du poisson, de petits fragments dans les tons rose, bleu et violet se d\u00e9ploient, cr\u00e9ant un effet visuel dynamique qui souligne la beaut\u00e9 naturelle du mat\u00e9riau.<\/p>\n<p>La technique employ\u00e9e pour sa fabrication met non seulement en \u00e9vidence le savoir-faire des artisans, mais souligne \u00e9galement l&rsquo;authenticit\u00e9 de ce produit en tant que souvenir typique de la r\u00e9gion. Ce bol en noix de coco est id\u00e9al aussi bien comme pi\u00e8ce d\u00e9corative, apportant une touche color\u00e9e \u00e0 n&rsquo;importe quelle table, que pour servir des ap\u00e9ritifs, devenant une option polyvalente pour tous types de c\u00e9l\u00e9brations et de r\u00e9unions.<\/p>\n<p>En tant que distributeur de souvenirs en gros, Ol\u00e9 Mosaic propose ce bol comme une excellente option pour les boutiques de cadeaux touristiques cherchant \u00e0 renforcer le lien culturel avec la c\u00f4te espagnole. Son design unique ne c\u00e9l\u00e8bre pas seulement la tradition de la r\u00e9gion, mais le positionne \u00e9galement comme un souvenir authentique et significatif, parfait pour les touristes souhaitant emporter un morceau du riche h\u00e9ritage maritime de l&rsquo;Espagne.<\/p>\n","protected":false},"excerpt":{"rendered":"<p>Bol en noix de coco d\u00e9cor\u00e9 d&rsquo;une mosa\u00efque de couleurs vibrantes, inspir\u00e9 par la tradition maritime de la c\u00f4te espagnole. Cette pi\u00e8ce unique pr\u00e9sente un design avec une sardine au centre, entour\u00e9e de petits fragments dans les tons rose, bleu et violet, combin\u00e9s \u00e0 un \u00e9clat naturel. Fabriqu\u00e9 selon une technique artisanale qui rehausse la beaut\u00e9 du mat\u00e9riau, ce bol est parfait comme \u00e9l\u00e9ment d\u00e9coratif ou pour servir des ap\u00e9ritifs sur n&rsquo;importe quelle table.<\/p>\n","protected":false},"featured_media":11802,"template":"","meta":{"_acf_changed":false},"product_brand":[],"product_cat":[521],"product_tag":[530],"class_list":{"0":"post-25944","1":"product","2":"type-product","3":"status-publish","4":"has-post-thumbnail","6":"product_cat-bols","7":"product_tag-animaux","8":"pa_motivo-sardines","10":"first","11":"instock","12":"shipping-taxable","13":"product-type-simple"},"acf":[],"_links":{"self":[{"href":"https:\/\/olemosaic.com\/fr\/wp-json\/wp\/v2\/product\/25944","targetHints":{"allow":["GET"]}}],"collection":[{"href":"https:\/\/olemosaic.com\/fr\/wp-json\/wp\/v2\/product"}],"about":[{"href":"https:\/\/olemosaic.com\/fr\/wp-json\/wp\/v2\/types\/product"}],"wp:featuredmedia":[{"embeddable":true,"href":"https:\/\/olemosaic.com\/fr\/wp-json\/wp\/v2\/media\/11802"}],"wp:attachment":[{"href":"https:\/\/olemosaic.com\/fr\/wp-json\/wp\/v2\/media?parent=25944"}],"wp:term":[{"taxonomy":"product_brand","embeddable":true,"href":"https:\/\/olemosaic.com\/fr\/wp-json\/wp\/v2\/product_brand?post=25944"},{"taxonomy":"product_cat","embeddable":true,"href":"https:\/\/olemosaic.com\/fr\/wp-json\/wp\/v2\/product_cat?post=25944"},{"taxonomy":"product_tag","embeddable":true,"href":"https:\/\/olemosaic.com\/fr\/wp-json\/wp\/v2\/product_tag?post=25944"}],"curies":[{"name":"wp","href":"https:\/\/api.w.org\/{rel}","templated":true}]}}