{"id":25943,"date":"2025-02-20T22:28:00","date_gmt":"2025-02-20T22:28:00","guid":{"rendered":"http:\/\/olemosaic.com\/producto\/bol-de-coco-con-flores-flamenco\/"},"modified":"2025-07-25T18:48:09","modified_gmt":"2025-07-25T16:48:09","slug":"bol-noix-de-coco-fleurs-flamant-rose","status":"publish","type":"product","link":"https:\/\/olemosaic.com\/fr\/produit\/bol-noix-de-coco-fleurs-flamant-rose\/","title":{"rendered":"Bol en noix de coco avec fleurs. Flamant rose."},"content":{"rendered":"<p>Bol en noix de coco d\u00e9cor\u00e9 de motifs floraux et de flamants roses, inspir\u00e9 par la culture andalouse. Ce bol \u00e9l\u00e9gant se distingue par son design captivant, qui fusionne la beaut\u00e9 naturelle de la noix de coco avec une mosa\u00efque complexe de couleurs vibrantes. La surface pr\u00e9sente des teintes jaunes, rouges et bleues, avec une finition brillante qui refl\u00e8te la lumi\u00e8re de mani\u00e8re \u00e9blouissante. Au centre, deux flamants roses stylis\u00e9s, entrelac\u00e9s dans un geste d&rsquo;amour, ajoutent une touche de romantisme et de fra\u00eecheur, capturant l&rsquo;essence des paysages du sud de l&rsquo;Espagne.<\/p>\n<p>Chaque fleur d\u00e9corative, peinte avec m\u00e9ticulosit\u00e9, rehausre la riche flore andalouse et l&rsquo;influence de la culture locale sur l&rsquo;artisanat. Ce bol n&rsquo;est pas seulement une pi\u00e8ce d\u00e9corative d&rsquo;une grande beaut\u00e9, mais aussi un centre de table fonctionnel, id\u00e9al pour les occasions sp\u00e9ciales ou simplement pour orner n&rsquo;importe quel coin de la maison avec un air v\u00e9ritablement espagnol. Chez Ol\u00e9 Mosaic, nous nous sp\u00e9cialisons dans la distribution de souvenirs en gros, et ce bol combine tradition et design contemporain, devenant le cadeau parfait pour les touristes \u00e0 la recherche de souvenirs de qualit\u00e9 refl\u00e9tant la culture andalouse. Son authenticit\u00e9 et sa beaut\u00e9 en font une option id\u00e9ale pour les boutiques de souvenirs et un souvenir inoubliable du charme de l&rsquo;Andalousie.<\/p>\n","protected":false},"excerpt":{"rendered":"<p>Bol en noix de coco d\u00e9cor\u00e9 de motifs floraux et de flamants roses, inspir\u00e9 par la culture andalouse. Ce bol \u00e9l\u00e9gant pr\u00e9sente un design unique, avec une mosa\u00efque de couleurs incluant des teintes jaunes, rouges et bleues, dans une finition brillante. Au centre, deux flamants roses stylis\u00e9s s&rsquo;entrelacent dans un geste d&rsquo;amour. Id\u00e9al pour d\u00e9corer ou utiliser comme centre de table, ce bol allie art et tradition, apportant une touche espagnole \u00e0 n&rsquo;importe quel foyer.<\/p>\n","protected":false},"featured_media":13487,"template":"","meta":{"_acf_changed":false},"product_brand":[],"product_cat":[521],"product_tag":[530],"class_list":{"0":"post-25943","1":"product","2":"type-product","3":"status-publish","4":"has-post-thumbnail","6":"product_cat-bols","7":"product_tag-animaux","8":"pa_motivo-flamants-roses","10":"first","11":"instock","12":"shipping-taxable","13":"product-type-simple"},"acf":[],"_links":{"self":[{"href":"https:\/\/olemosaic.com\/fr\/wp-json\/wp\/v2\/product\/25943","targetHints":{"allow":["GET"]}}],"collection":[{"href":"https:\/\/olemosaic.com\/fr\/wp-json\/wp\/v2\/product"}],"about":[{"href":"https:\/\/olemosaic.com\/fr\/wp-json\/wp\/v2\/types\/product"}],"wp:featuredmedia":[{"embeddable":true,"href":"https:\/\/olemosaic.com\/fr\/wp-json\/wp\/v2\/media\/13487"}],"wp:attachment":[{"href":"https:\/\/olemosaic.com\/fr\/wp-json\/wp\/v2\/media?parent=25943"}],"wp:term":[{"taxonomy":"product_brand","embeddable":true,"href":"https:\/\/olemosaic.com\/fr\/wp-json\/wp\/v2\/product_brand?post=25943"},{"taxonomy":"product_cat","embeddable":true,"href":"https:\/\/olemosaic.com\/fr\/wp-json\/wp\/v2\/product_cat?post=25943"},{"taxonomy":"product_tag","embeddable":true,"href":"https:\/\/olemosaic.com\/fr\/wp-json\/wp\/v2\/product_tag?post=25943"}],"curies":[{"name":"wp","href":"https:\/\/api.w.org\/{rel}","templated":true}]}}