{"id":25942,"date":"2025-02-20T22:28:00","date_gmt":"2025-02-20T22:28:00","guid":{"rendered":"http:\/\/olemosaic.com\/producto\/bol-de-coco-de-corazones-caballito-de-mar-gran-canaria\/"},"modified":"2025-07-25T20:30:56","modified_gmt":"2025-07-25T18:30:56","slug":"bol-noix-de-coco-coeurs-hippocampe-gran-canaria","status":"publish","type":"product","link":"https:\/\/olemosaic.com\/fr\/produit\/bol-noix-de-coco-coeurs-hippocampe-gran-canaria\/","title":{"rendered":"Bol en noix de coco c\u0153urs. Hippocampe. Gran Canaria."},"content":{"rendered":"<p>Bol en noix de coco d\u00e9cor\u00e9 de motifs de c\u0153urs et d&rsquo;hippocampes, originaire de Gran Canaria. Ce bol en noix de coco artisanal exquis se distingue par sa technique d\u00e9licate de mosa\u00efque, utilisant des pi\u00e8ces de coquillage brillantes qui forment un magnifique motif color\u00e9. Au centre, les deux hippocampes, repr\u00e9sent\u00e9s dans des tons chauds, sont \u00e9l\u00e9gamment con\u00e7us autour de l&rsquo;inscription \u00ab\u00a0Gran Canaria\u00a0\u00bb, capturant parfaitement l&rsquo;essence du folklore local et l&rsquo;environnement marin distinctif qui caract\u00e9rise les \u00eeles Canaries. Le bord du bol pr\u00e9sente des nuances de c\u0153urs dans des couleurs vibrantes, \u00e9voquant la joie et la chaleur de cette r\u00e9gion tropicale. Ce bol n&rsquo;est pas seulement un \u00e9l\u00e9ment d\u00e9coratif, mais aussi un souvenir attrayant qui refl\u00e8te la riche culture canarienne, en faisant un objet id\u00e9al pour ceux qui cherchent \u00e0 emporter un souvenir de ce bel archipel. Chez Ol\u00e9 Mosaic, nous nous sp\u00e9cialisons dans la distribution de souvenirs en gros, et ce bol en noix de coco d\u00e9cor\u00e9 est une excellente option pour les boutiques de cadeaux touristiques souhaitant proposer des produits authentiques et uniques qui mettent en valeur la beaut\u00e9 du patrimoine canarien.<\/p>\n","protected":false},"excerpt":{"rendered":"<p>Bol en noix de coco d\u00e9cor\u00e9 de motifs de c\u0153urs et d&rsquo;hippocampes, originaire de Gran Canaria. Ce produit artisanal se distingue par sa technique d\u00e9licate de mosa\u00efque, utilisant des pi\u00e8ces de coquillage pour cr\u00e9er un motif magnifique et color\u00e9. Au centre, deux hippocampes sont accompagn\u00e9s de l&rsquo;inscription \u00ab\u00a0Gran Canaria\u00a0\u00bb, capturant l&rsquo;essence du folklore local. Son design vibrant aux tons vari\u00e9s en fait un souvenir attrayant ou un \u00e9l\u00e9ment d\u00e9coratif.<\/p>\n","protected":false},"featured_media":10349,"template":"","meta":{"_acf_changed":false},"product_brand":[],"product_cat":[521],"product_tag":[530],"class_list":{"0":"post-25942","1":"product","2":"type-product","3":"status-publish","4":"has-post-thumbnail","6":"product_cat-bols","7":"product_tag-animaux","8":"pa_ciudad-gran-canaria","9":"pa_motivo-hippocampes","10":"pa_pais-espana","12":"first","13":"instock","14":"shipping-taxable","15":"product-type-simple"},"acf":[],"_links":{"self":[{"href":"https:\/\/olemosaic.com\/fr\/wp-json\/wp\/v2\/product\/25942","targetHints":{"allow":["GET"]}}],"collection":[{"href":"https:\/\/olemosaic.com\/fr\/wp-json\/wp\/v2\/product"}],"about":[{"href":"https:\/\/olemosaic.com\/fr\/wp-json\/wp\/v2\/types\/product"}],"wp:featuredmedia":[{"embeddable":true,"href":"https:\/\/olemosaic.com\/fr\/wp-json\/wp\/v2\/media\/10349"}],"wp:attachment":[{"href":"https:\/\/olemosaic.com\/fr\/wp-json\/wp\/v2\/media?parent=25942"}],"wp:term":[{"taxonomy":"product_brand","embeddable":true,"href":"https:\/\/olemosaic.com\/fr\/wp-json\/wp\/v2\/product_brand?post=25942"},{"taxonomy":"product_cat","embeddable":true,"href":"https:\/\/olemosaic.com\/fr\/wp-json\/wp\/v2\/product_cat?post=25942"},{"taxonomy":"product_tag","embeddable":true,"href":"https:\/\/olemosaic.com\/fr\/wp-json\/wp\/v2\/product_tag?post=25942"}],"curies":[{"name":"wp","href":"https:\/\/api.w.org\/{rel}","templated":true}]}}