{"id":25941,"date":"2025-02-20T23:28:00","date_gmt":"2025-02-20T22:28:00","guid":{"rendered":"http:\/\/olemosaic.com\/producto\/bol-de-coco-con-flores-mariposa\/"},"modified":"2025-07-25T18:48:08","modified_gmt":"2025-07-25T16:48:08","slug":"bol-noix-de-coco-fleurs-papillon","status":"publish","type":"product","link":"https:\/\/olemosaic.com\/fr\/produit\/bol-noix-de-coco-fleurs-papillon\/","title":{"rendered":"Bol en noix de coco avec fleurs. Papillon."},"content":{"rendered":"<p>Bol en noix de coco d\u00e9cor\u00e9 de mosa\u00efques de fleurs et d&rsquo;un papillon<\/p>\n<p>Ce bol en noix de coco est une magnifique repr\u00e9sentation de l&rsquo;art populaire portugais, con\u00e7u pour apporter une touche vibrante \u00e0 n&rsquo;importe quel foyer. Fabriqu\u00e9 \u00e0 partir de fibre de coco, cette pi\u00e8ce artisanale se distingue par sa technique de peinture \u00e0 la main, qui met en valeur des couleurs chaudes comme l&rsquo;orange et le rouge, ainsi que des d\u00e9tails bleus \u00e9voquant la fra\u00eecheur de l&rsquo;environnement tropical. Au centre, un d\u00e9licat papillon se d\u00e9ploie sur un fond de mosa\u00efques florales, symbolisant la diversit\u00e9 et la beaut\u00e9 de la nature qui caract\u00e9rise le Portugal.<\/p>\n<p>Les fleurs, peintes dans des tons vibrants, entourent le papillon, cr\u00e9ant un effet visuel captivant qui embrasse l&rsquo;essence du folklore local. Ce bol n&rsquo;est pas seulement id\u00e9al comme \u00e9l\u00e9ment d\u00e9coratif, mais aussi comme pi\u00e8ce fonctionnelle pour servir des ap\u00e9ritifs ou des salades, transformant chaque repas en une c\u00e9l\u00e9bration de l&rsquo;art et de la culture.<\/p>\n<p>Le bol en noix de coco est, sans aucun doute, un excellent souvenir qui encapsule l&rsquo;authenticit\u00e9 de la tradition portugaise. Chez Ol\u00e9 Mosaic, nous proposons des souvenirs authentiques qui capturent l&rsquo;esprit de r\u00e9gions comme le Portugal, id\u00e9aux pour les boutiques de cadeaux touristiques \u00e0 la recherche de produits uniques et de qualit\u00e9. En tant que grossistes d&rsquo;articles de d\u00e9coration, nous garantissons l&rsquo;exclusivit\u00e9 et l&rsquo;artisanat dans chacun de nos produits, offrant aux touristes des souvenirs m\u00e9morables qui c\u00e9l\u00e8brent la richesse culturelle de leur voyage.<\/p>\n","protected":false},"excerpt":{"rendered":"<p>Bol en noix de coco d\u00e9cor\u00e9 d&rsquo;une mosa\u00efque florale vibrante et d&rsquo;un papillon au centre, repr\u00e9sentant la richesse de l&rsquo;art populaire. Fabriqu\u00e9 en fibre de coco, ce bol artisanal pr\u00e9sente une technique de design artisanal, peint \u00e0 la main, qui souligne les couleurs chaudes comme l&rsquo;orange et le rouge, accompagn\u00e9es de d\u00e9tails bleus. Id\u00e9al comme pi\u00e8ce d\u00e9corative ou pour servir des ap\u00e9ritifs, il \u00e9voque l&rsquo;essence tropicale du Portugal.<\/p>\n","protected":false},"featured_media":13475,"template":"","meta":{"_acf_changed":false},"product_brand":[],"product_cat":[521],"product_tag":[530],"class_list":{"0":"post-25941","1":"product","2":"type-product","3":"status-publish","4":"has-post-thumbnail","6":"product_cat-bols","7":"product_tag-animaux","8":"pa_motivo-papillons","10":"first","11":"instock","12":"shipping-taxable","13":"product-type-simple"},"acf":[],"_links":{"self":[{"href":"https:\/\/olemosaic.com\/fr\/wp-json\/wp\/v2\/product\/25941","targetHints":{"allow":["GET"]}}],"collection":[{"href":"https:\/\/olemosaic.com\/fr\/wp-json\/wp\/v2\/product"}],"about":[{"href":"https:\/\/olemosaic.com\/fr\/wp-json\/wp\/v2\/types\/product"}],"wp:featuredmedia":[{"embeddable":true,"href":"https:\/\/olemosaic.com\/fr\/wp-json\/wp\/v2\/media\/13475"}],"wp:attachment":[{"href":"https:\/\/olemosaic.com\/fr\/wp-json\/wp\/v2\/media?parent=25941"}],"wp:term":[{"taxonomy":"product_brand","embeddable":true,"href":"https:\/\/olemosaic.com\/fr\/wp-json\/wp\/v2\/product_brand?post=25941"},{"taxonomy":"product_cat","embeddable":true,"href":"https:\/\/olemosaic.com\/fr\/wp-json\/wp\/v2\/product_cat?post=25941"},{"taxonomy":"product_tag","embeddable":true,"href":"https:\/\/olemosaic.com\/fr\/wp-json\/wp\/v2\/product_tag?post=25941"}],"curies":[{"name":"wp","href":"https:\/\/api.w.org\/{rel}","templated":true}]}}