{"id":25940,"date":"2025-02-20T22:28:00","date_gmt":"2025-02-20T22:28:00","guid":{"rendered":"http:\/\/olemosaic.com\/producto\/bol-de-coco-con-flores-tortuga-gran-canaria\/"},"modified":"2025-07-25T19:43:40","modified_gmt":"2025-07-25T17:43:40","slug":"bol-noix-de-coco-fleurs-tortue-gran-canaria","status":"publish","type":"product","link":"https:\/\/olemosaic.com\/fr\/produit\/bol-noix-de-coco-fleurs-tortue-gran-canaria\/","title":{"rendered":"Bol en noix de coco avec fleurs. Tortue. Gran Canaria."},"content":{"rendered":"<p>Bol en noix de coco d\u00e9cor\u00e9 de fleurs et d&rsquo;une tortue de Gran Canaria<\/p>\n<p>Ce charmant bol en noix de coco, d\u00e9cor\u00e9 \u00e0 la main, est un souvenir embl\u00e9matique qui capture l&rsquo;essence vibrante de Gran Canaria. Il pr\u00e9sente un design color\u00e9 \u00e9voquant la riche flore de l&rsquo;\u00eele, orn\u00e9 de fleurs dans des tons orange, bleu et rouge qui donnent vie \u00e0 son int\u00e9rieur. Au centre, une tortue sereine se d\u00e9tache sur un fond dor\u00e9, symbolisant la riche biodiversit\u00e9 marine qui caract\u00e9rise l&rsquo;archipel des Canaries. L&rsquo;inscription \u00ab\u00a0Gran Canaria\u00a0\u00bb est plac\u00e9e harmonieusement, \u00e9tablissant un lien nostalgique avec le lieu.<\/p>\n<p>Le bol, \u00e9labor\u00e9 selon des techniques artisanales traditionnelles, n&rsquo;est pas seulement un objet d\u00e9coratif, mais peut \u00e9galement \u00eatre utilis\u00e9 au quotidien, ce qui en fait une pi\u00e8ce polyvalente qui embellira n&rsquo;importe quel foyer. Son design unique le rend parfait pour les touristes \u00e0 la recherche de souvenirs authentiques repr\u00e9sentant la chaleur et la vivacit\u00e9 des \u00eeles. En choisissant ce type de souvenirs de Gran Canaria, les voyageurs n&rsquo;acqui\u00e8rent pas seulement un objet d\u00e9coratif, mais un souvenir significatif de leur exp\u00e9rience sur l&rsquo;\u00eele.<\/p>\n<p>Chez Ol\u00e9 Mosaic, nous sommes fiers de proposer des produits authentiques et repr\u00e9sentatifs, comme ce bol en noix de coco d\u00e9cor\u00e9 d&rsquo;une tortue, id\u00e9al pour les boutiques de cadeaux touristiques. En tant que grossistes de souvenirs artisanaux, nous garantissons que chaque pi\u00e8ce est non seulement belle, mais poss\u00e8de \u00e9galement une profonde valeur culturelle et artistique.<\/p>\n","protected":false},"excerpt":{"rendered":"<p>Bol en noix de coco d\u00e9cor\u00e9 d&rsquo;une repr\u00e9sentation color\u00e9e de fleurs et d&rsquo;une tortue, inspir\u00e9 par la richesse naturelle de Gran Canaria. Cet article, fabriqu\u00e9 \u00e0 la main, pr\u00e9sente un design vibrant avec des tons orange, bleu et rouge \u00e9voquant la flore locale. Au centre, une tortue flotte sur un fond dor\u00e9, tandis que l&rsquo;inscription \u00ab\u00a0Gran Canaria\u00a0\u00bb souligne son lien avec l&rsquo;\u00eele. Parfait comme \u00e9l\u00e9ment d\u00e9coratif ou pour un usage quotidien.<\/p>\n","protected":false},"featured_media":10372,"template":"","meta":{"_acf_changed":false},"product_brand":[],"product_cat":[521],"product_tag":[530],"class_list":{"0":"post-25940","1":"product","2":"type-product","3":"status-publish","4":"has-post-thumbnail","6":"product_cat-bols","7":"product_tag-animaux","8":"pa_ciudad-gran-canaria","9":"pa_motivo-tortues","10":"pa_pais-espana","12":"first","13":"instock","14":"shipping-taxable","15":"product-type-simple"},"acf":[],"_links":{"self":[{"href":"https:\/\/olemosaic.com\/fr\/wp-json\/wp\/v2\/product\/25940","targetHints":{"allow":["GET"]}}],"collection":[{"href":"https:\/\/olemosaic.com\/fr\/wp-json\/wp\/v2\/product"}],"about":[{"href":"https:\/\/olemosaic.com\/fr\/wp-json\/wp\/v2\/types\/product"}],"wp:featuredmedia":[{"embeddable":true,"href":"https:\/\/olemosaic.com\/fr\/wp-json\/wp\/v2\/media\/10372"}],"wp:attachment":[{"href":"https:\/\/olemosaic.com\/fr\/wp-json\/wp\/v2\/media?parent=25940"}],"wp:term":[{"taxonomy":"product_brand","embeddable":true,"href":"https:\/\/olemosaic.com\/fr\/wp-json\/wp\/v2\/product_brand?post=25940"},{"taxonomy":"product_cat","embeddable":true,"href":"https:\/\/olemosaic.com\/fr\/wp-json\/wp\/v2\/product_cat?post=25940"},{"taxonomy":"product_tag","embeddable":true,"href":"https:\/\/olemosaic.com\/fr\/wp-json\/wp\/v2\/product_tag?post=25940"}],"curies":[{"name":"wp","href":"https:\/\/api.w.org\/{rel}","templated":true}]}}