{"id":25939,"date":"2025-02-20T22:28:00","date_gmt":"2025-02-20T22:28:00","guid":{"rendered":"http:\/\/olemosaic.com\/producto\/bol-de-coco-isla-fuerteventura\/"},"modified":"2025-07-25T19:56:07","modified_gmt":"2025-07-25T17:56:07","slug":"bol-noix-de-coco-ile-fuerteventura","status":"publish","type":"product","link":"https:\/\/olemosaic.com\/fr\/produit\/bol-noix-de-coco-ile-fuerteventura\/","title":{"rendered":"Bol en noix de coco. \u00cele. Fuerteventura."},"content":{"rendered":"<p>Bol en noix de coco d\u00e9cor\u00e9 de mosa\u00efques color\u00e9es, inspir\u00e9 par la beaut\u00e9 de Fuerteventura. Ce bol attrayant pr\u00e9sente un design unique avec des formes irr\u00e9guli\u00e8res dans des tons rose, bleu et violet, compl\u00e9t\u00e9s par des d\u00e9tails nacr\u00e9s qui rehaussent sa luminosit\u00e9. Avec un contour de couleur naturelle, il porte grav\u00e9e la silhouette de l&rsquo;\u00eele et le texte \u00ab\u00a0FUERTEVENTURA\u00a0\u00bb, ce qui en fait un souvenir id\u00e9al capturant l&rsquo;essence de l&rsquo;\u00eele des Canaries. Cette pi\u00e8ce ne sert pas seulement d&rsquo;\u00e9l\u00e9ment d\u00e9coratif vibrant, mais aussi de compl\u00e9ment pratique pour servir des ap\u00e9ritifs sur n&rsquo;importe quelle table. La combinaison de couleurs joyeuses \u00e9voque les paysages de Fuerteventura, avec ses eaux cristallines et ses sites naturels. Ce bol repr\u00e9sente la riche tradition artisanale des \u00eeles Canaries, constituant un cadeau parfait pour ceux qui souhaitent emporter un morceau de sa beaut\u00e9. Chez Ol\u00e9 Mosaic, en tant que grossistes de souvenirs uniques, nous proposons ce bol en noix de coco comme une excellente option pour les boutiques de cadeaux touristiques \u00e0 la recherche de produits authentiques et culturellement significatifs. De plus, le bol se distingue par son authenticit\u00e9 et son lien culturel, devenant un souvenir repr\u00e9sentatif de Fuerteventura qui ne peut manquer dans la collection de tout touriste.<\/p>\n","protected":false},"excerpt":{"rendered":"<p>Bol en noix de coco d\u00e9cor\u00e9 de mosa\u00efques color\u00e9es, inspir\u00e9 par la beaut\u00e9 de Fuerteventura. Ce bol attrayant pr\u00e9sente un design unique avec des formes irr\u00e9guli\u00e8res dans des tons rose, bleu et violet, compl\u00e9t\u00e9s par des d\u00e9tails en nacre qui rehaussent sa luminosit\u00e9. Le contour, de couleur naturelle, montre la silhouette de l&rsquo;\u00eele et le texte \u00ab\u00a0FUERTEVENTURA\u00a0\u00bb, en faisant un souvenir id\u00e9al qui capture l&rsquo;essence canarienne. Parfait pour un usage d\u00e9coratif ou comme compl\u00e9ment pratique \u00e0 table.<\/p>\n","protected":false},"featured_media":11967,"template":"","meta":{"_acf_changed":false},"product_brand":[],"product_cat":[521],"product_tag":[],"class_list":{"0":"post-25939","1":"product","2":"type-product","3":"status-publish","4":"has-post-thumbnail","6":"product_cat-bols","7":"pa_ciudad-fuerteventura","8":"pa_motivo-iles","9":"pa_pais-espana","11":"first","12":"instock","13":"shipping-taxable","14":"product-type-simple"},"acf":[],"_links":{"self":[{"href":"https:\/\/olemosaic.com\/fr\/wp-json\/wp\/v2\/product\/25939","targetHints":{"allow":["GET"]}}],"collection":[{"href":"https:\/\/olemosaic.com\/fr\/wp-json\/wp\/v2\/product"}],"about":[{"href":"https:\/\/olemosaic.com\/fr\/wp-json\/wp\/v2\/types\/product"}],"wp:featuredmedia":[{"embeddable":true,"href":"https:\/\/olemosaic.com\/fr\/wp-json\/wp\/v2\/media\/11967"}],"wp:attachment":[{"href":"https:\/\/olemosaic.com\/fr\/wp-json\/wp\/v2\/media?parent=25939"}],"wp:term":[{"taxonomy":"product_brand","embeddable":true,"href":"https:\/\/olemosaic.com\/fr\/wp-json\/wp\/v2\/product_brand?post=25939"},{"taxonomy":"product_cat","embeddable":true,"href":"https:\/\/olemosaic.com\/fr\/wp-json\/wp\/v2\/product_cat?post=25939"},{"taxonomy":"product_tag","embeddable":true,"href":"https:\/\/olemosaic.com\/fr\/wp-json\/wp\/v2\/product_tag?post=25939"}],"curies":[{"name":"wp","href":"https:\/\/api.w.org\/{rel}","templated":true}]}}