{"id":25936,"date":"2025-02-20T23:27:59","date_gmt":"2025-02-20T22:27:59","guid":{"rendered":"http:\/\/olemosaic.com\/producto\/bol-de-coco-naranja-delfin-barcelona\/"},"modified":"2025-07-25T19:52:36","modified_gmt":"2025-07-25T17:52:36","slug":"bol-noix-de-coco-orange-dauphin-barcelone","status":"publish","type":"product","link":"https:\/\/olemosaic.com\/fr\/produit\/bol-noix-de-coco-orange-dauphin-barcelone\/","title":{"rendered":"Bol en noix de coco orange. Dauphin m\u00e9diterran\u00e9en Barcelone."},"content":{"rendered":"<p>Bol en noix de coco de couleur orange avec l&#8217;embl\u00e9matique dauphin de Barcelone. Ce bol artisanal est un exemple parfait de l&rsquo;identit\u00e9 m\u00e9diterran\u00e9enne et du charme distinctif de la cit\u00e9 comtale. Son design ovale captive au premier regard, avec un int\u00e9rieur brillant qui met en valeur une couleur orange vibrante, \u00e9voquant la chaleur du soleil et de la mer qui entourent la c\u00f4te barcelonaise. Le bord du bol pr\u00e9sente une \u00e9l\u00e9gante trame de mosa\u00efque, un clin d&rsquo;\u0153il \u00e0 la riche tradition artistique de la ville, tr\u00e8s pr\u00e9sente dans l&rsquo;\u0153uvre du c\u00e9l\u00e8bre architecte Antoni Gaud\u00ed.<\/p>\n<p>Au centre, se d\u00e9tache la figure d&rsquo;un dauphin, symbole de la vie marine et de la joie qui caract\u00e9rise les eaux de cette ville vibrante. Le mot \u00ab\u00a0Barcelone\u00a0\u00bb est imprim\u00e9 clairement \u00e0 la base, faisant de ce bol un authentique souvenir qui capture l&rsquo;essence du lieu. Ce produit est non seulement id\u00e9al pour un usage d\u00e9coratif, mais peut \u00e9galement \u00eatre utilis\u00e9 de mani\u00e8re fonctionnelle dans la cuisine ou comme \u00e9l\u00e9ment de d\u00e9coration dans n&rsquo;importe quel foyer.<\/p>\n<p>En tant que distributeurs de souvenirs en gros, chez Ol\u00e9 Mosaic, nous garantissons la qualit\u00e9 et l&rsquo;authenticit\u00e9 de nos produits. Ce bol en noix de coco avec le dauphin est une excellente option pour les boutiques de cadeaux touristiques cherchant \u00e0 proposer des articles repr\u00e9sentatifs et uniques de Barcelone. C&rsquo;est sans aucun doute un souvenir qui ravira tous ceux qui souhaitent emporter un morceau de la M\u00e9diterran\u00e9e chez eux.<\/p>\n","protected":false},"excerpt":{"rendered":"<p>Bol en noix de coco orange, d\u00e9cor\u00e9 d&rsquo;un dauphin embl\u00e9matique de Barcelone. Ce produit artisanal se distingue par son design ovale, \u00e9labor\u00e9 avec soin. L&rsquo;int\u00e9rieur brillant fait ressortir la couleur vibrante, tandis que le contour pr\u00e9sente une \u00e9l\u00e9gante trame de mosa\u00efque. Avec le mot \u00ab\u00a0Barcelone\u00a0\u00bb grav\u00e9 \u00e0 la base, ce bol est une pi\u00e8ce unique qui \u00e9voque l&rsquo;essence de la mer M\u00e9diterran\u00e9e et le charme de la cit\u00e9 comtale. Id\u00e9al pour un usage d\u00e9coratif ou fonctionnel.<\/p>\n","protected":false},"featured_media":11761,"template":"","meta":{"_acf_changed":false},"product_brand":[],"product_cat":[521],"product_tag":[530],"class_list":{"0":"post-25936","1":"product","2":"type-product","3":"status-publish","4":"has-post-thumbnail","6":"product_cat-bols","7":"product_tag-animaux","8":"pa_ciudad-barcelona","9":"pa_motivo-dauphins","10":"pa_pais-espana","12":"first","13":"instock","14":"shipping-taxable","15":"product-type-simple"},"acf":[],"_links":{"self":[{"href":"https:\/\/olemosaic.com\/fr\/wp-json\/wp\/v2\/product\/25936","targetHints":{"allow":["GET"]}}],"collection":[{"href":"https:\/\/olemosaic.com\/fr\/wp-json\/wp\/v2\/product"}],"about":[{"href":"https:\/\/olemosaic.com\/fr\/wp-json\/wp\/v2\/types\/product"}],"wp:featuredmedia":[{"embeddable":true,"href":"https:\/\/olemosaic.com\/fr\/wp-json\/wp\/v2\/media\/11761"}],"wp:attachment":[{"href":"https:\/\/olemosaic.com\/fr\/wp-json\/wp\/v2\/media?parent=25936"}],"wp:term":[{"taxonomy":"product_brand","embeddable":true,"href":"https:\/\/olemosaic.com\/fr\/wp-json\/wp\/v2\/product_brand?post=25936"},{"taxonomy":"product_cat","embeddable":true,"href":"https:\/\/olemosaic.com\/fr\/wp-json\/wp\/v2\/product_cat?post=25936"},{"taxonomy":"product_tag","embeddable":true,"href":"https:\/\/olemosaic.com\/fr\/wp-json\/wp\/v2\/product_tag?post=25936"}],"curies":[{"name":"wp","href":"https:\/\/api.w.org\/{rel}","templated":true}]}}