{"id":25934,"date":"2025-02-20T23:27:59","date_gmt":"2025-02-20T22:27:59","guid":{"rendered":"http:\/\/olemosaic.com\/producto\/bol-de-coco-azul-sardina-lisboa\/"},"modified":"2025-07-25T18:58:36","modified_gmt":"2025-07-25T16:58:36","slug":"bol-noix-de-coco-bleu-sardine-lisbonne","status":"publish","type":"product","link":"https:\/\/olemosaic.com\/fr\/produit\/bol-noix-de-coco-bleu-sardine-lisbonne\/","title":{"rendered":"Bol en noix de coco bleu. Sardine. Texte Lisbonne."},"content":{"rendered":"<p>Inspir\u00e9 par l&rsquo;ambiance vibrante de Lisbonne, ce charmant bol artisanal en noix de coco bleu pr\u00e9sente un motif peint \u00e0 la main mettant en valeur l&rsquo;iconique sardine, symbole de la culture portugaise, dans une nuance attrayante de bleu profond. Au centre du bol, le mot \u00ab\u00a0LISBONNE\u00a0\u00bb est inscrit avec \u00e9l\u00e9gance, apportant une touche authentique qui \u00e9voque l&rsquo;essence de cette ville fascinante. Autour de la sardine, de petits c\u0153urs aux couleurs vives donnent un air festif et joyeux \u00e0 l&rsquo;objet, \u00e9voquant la chaleur et l&rsquo;hospitalit\u00e9 de Lisbonne.<\/p>\n<p>Ce bol, fabriqu\u00e9 \u00e0 partir de noix de coco, n&rsquo;est pas seulement un \u00e9l\u00e9ment d\u00e9coratif, mais aussi fonctionnel, id\u00e9al comme r\u00e9cipient pour de petits objets, des fruits secs ou comme \u00e9l\u00e9ment d&rsquo;une table de desserts \u00e9l\u00e9gante. Sa finition brillante et la combinaison r\u00e9ussie de tons vifs font de chaque bol une pi\u00e8ce unique, refl\u00e9tant le riche h\u00e9ritage artisanal qui caract\u00e9rise les souvenirs du Portugal. Parfait pour les touristes \u00e0 la recherche d&rsquo;un souvenir authentique et repr\u00e9sentatif, ce bol encapsule la culture vibrante du folklore lisbo\u00e8te, devenant un excellent cadeau ou accessoire pour la maison. Chez Ol\u00e9 Mosaic, en tant que grossistes de produits typiques, nous proposons ce bol en noix de coco bleu comme une option alliant authenticit\u00e9 et attrait visuel, id\u00e9ale pour les boutiques de cadeaux touristiques souhaitant capturer l&rsquo;essence de Lisbonne.<\/p>\n","protected":false},"excerpt":{"rendered":"<p>Bol en noix de coco bleu avec l&#8217;embl\u00e9matique sardine, inspir\u00e9 par l&rsquo;ambiance vibrante de Lisbonne. Ce bol original pr\u00e9sente un design artisanal, peint \u00e0 la main, mettant en valeur une sardine dans un ton bleu profond, associ\u00e9e \u00e0 des c\u0153urs aux couleurs vives. Le mot \u00ab\u00a0LISBONNE\u00a0\u00bb pr\u00e9side au centre, ajoutant une touche authentique. Parfait comme \u00e9l\u00e9ment d\u00e9coratif ou fonctionnel, ce bol artisanal capture l&rsquo;essence du folklore lisbo\u00e8te.<\/p>\n","protected":false},"featured_media":10211,"template":"","meta":{"_acf_changed":false},"product_brand":[],"product_cat":[521],"product_tag":[530],"class_list":{"0":"post-25934","1":"product","2":"type-product","3":"status-publish","4":"has-post-thumbnail","6":"product_cat-bols","7":"product_tag-animaux","8":"pa_ciudad-lisboa","9":"pa_motivo-sardines","10":"pa_pais-portugal","12":"first","13":"instock","14":"shipping-taxable","15":"product-type-simple"},"acf":[],"_links":{"self":[{"href":"https:\/\/olemosaic.com\/fr\/wp-json\/wp\/v2\/product\/25934","targetHints":{"allow":["GET"]}}],"collection":[{"href":"https:\/\/olemosaic.com\/fr\/wp-json\/wp\/v2\/product"}],"about":[{"href":"https:\/\/olemosaic.com\/fr\/wp-json\/wp\/v2\/types\/product"}],"wp:featuredmedia":[{"embeddable":true,"href":"https:\/\/olemosaic.com\/fr\/wp-json\/wp\/v2\/media\/10211"}],"wp:attachment":[{"href":"https:\/\/olemosaic.com\/fr\/wp-json\/wp\/v2\/media?parent=25934"}],"wp:term":[{"taxonomy":"product_brand","embeddable":true,"href":"https:\/\/olemosaic.com\/fr\/wp-json\/wp\/v2\/product_brand?post=25934"},{"taxonomy":"product_cat","embeddable":true,"href":"https:\/\/olemosaic.com\/fr\/wp-json\/wp\/v2\/product_cat?post=25934"},{"taxonomy":"product_tag","embeddable":true,"href":"https:\/\/olemosaic.com\/fr\/wp-json\/wp\/v2\/product_tag?post=25934"}],"curies":[{"name":"wp","href":"https:\/\/api.w.org\/{rel}","templated":true}]}}