{"id":25933,"date":"2025-02-20T23:27:59","date_gmt":"2025-02-20T22:27:59","guid":{"rendered":"http:\/\/olemosaic.com\/producto\/bol-de-coco-azul-salamandra\/"},"modified":"2025-07-25T18:48:05","modified_gmt":"2025-07-25T16:48:05","slug":"bol-de-coco-bleu-salamandre","status":"publish","type":"product","link":"https:\/\/olemosaic.com\/fr\/produit\/bol-de-coco-bleu-salamandre\/","title":{"rendered":"Bol de coco bleu. Salamandre. Bleu et dor\u00e9."},"content":{"rendered":"<p>Bol de coco bleu d\u00e9cor\u00e9 d&rsquo;une \u00e9l\u00e9gante salamandre, id\u00e9al comme pi\u00e8ce d\u00e9corative ou pour un usage quotidien. Ce bol, fabriqu\u00e9 en c\u00e9ramique, resplendit de tons bleus vibrants qui \u00e9voquent les ciels d\u00e9gag\u00e9s et les eaux cristallines des c\u00f4tes m\u00e9diterran\u00e9ennes. La surface du bol est orn\u00e9e d&rsquo;un motif complexe qui refl\u00e8te la beaut\u00e9 de la nature et de la faune locale, mettant en valeur une d\u00e9licate salamandre avec une finition dor\u00e9e qui apporte une touche de sophistication et d&rsquo;\u00e9clat.<\/p>\n<p>Le design pr\u00e9sente une combinaison harmonieuse de textures et de couleurs qui invitent au toucher et \u00e0 l&rsquo;admiration, en faisant un attrait pour les visiteurs de la r\u00e9gion. Ce bol est plus qu&rsquo;un simple objet ; c&rsquo;est un hommage \u00e0 la riche tradition artisanale, symbolisant le lien des communaut\u00e9s locales avec leur environnement naturel.<\/p>\n<p>Les souvenirs en c\u00e9ramique, comme ce bol de coco bleu, sont typiques de nombreuses r\u00e9gions d&rsquo;Espagne et du Portugal, et repr\u00e9sentent l&rsquo;engagement des artisans \u00e0 pr\u00e9server leurs techniques h\u00e9rit\u00e9es. Chez Ol\u00e9 Mosaic, nous nous sp\u00e9cialisons dans la distribution de produits authentiques et culturels. Ce bol n&rsquo;est pas seulement un souvenir parfait de votre visite, mais aussi une excellente option pour les boutiques de cadeaux touristiques qui cherchent \u00e0 offrir des articles uniques et repr\u00e9sentatifs de la culture ib\u00e9rique. En optant pour ces souvenirs en c\u00e9ramique, les touristes ont l&rsquo;opportunit\u00e9 de ramener chez eux une pi\u00e8ce d&rsquo;art qui raconte l&rsquo;histoire et la beaut\u00e9 de la r\u00e9gion.<\/p>\n","protected":false},"excerpt":{"rendered":"<p>Bol de coco bleu d\u00e9cor\u00e9 d&rsquo;une \u00e9l\u00e9gante salamandre, repr\u00e9sentant l&rsquo;artisanat de la r\u00e9gion. Ce bol, fabriqu\u00e9 en c\u00e9ramique, pr\u00e9sente un design attrayant avec des tons bleus brillants et des d\u00e9tails dor\u00e9s qui rehaussent sa beaut\u00e9. La surface montre un motif complexe, \u00e9voquant la nature et la faune locales. Id\u00e9al comme pi\u00e8ce d\u00e9corative ou pour un usage quotidien, ce bol est un hommage \u00e0 la riche culture et tradition artisanale.<\/p>\n","protected":false},"featured_media":10068,"template":"","meta":{"_acf_changed":false},"product_brand":[],"product_cat":[521],"product_tag":[530],"class_list":{"0":"post-25933","1":"product","2":"type-product","3":"status-publish","4":"has-post-thumbnail","6":"product_cat-bols","7":"product_tag-animaux","8":"pa_motivo-salamandres","10":"first","11":"instock","12":"shipping-taxable","13":"product-type-simple"},"acf":[],"_links":{"self":[{"href":"https:\/\/olemosaic.com\/fr\/wp-json\/wp\/v2\/product\/25933","targetHints":{"allow":["GET"]}}],"collection":[{"href":"https:\/\/olemosaic.com\/fr\/wp-json\/wp\/v2\/product"}],"about":[{"href":"https:\/\/olemosaic.com\/fr\/wp-json\/wp\/v2\/types\/product"}],"wp:featuredmedia":[{"embeddable":true,"href":"https:\/\/olemosaic.com\/fr\/wp-json\/wp\/v2\/media\/10068"}],"wp:attachment":[{"href":"https:\/\/olemosaic.com\/fr\/wp-json\/wp\/v2\/media?parent=25933"}],"wp:term":[{"taxonomy":"product_brand","embeddable":true,"href":"https:\/\/olemosaic.com\/fr\/wp-json\/wp\/v2\/product_brand?post=25933"},{"taxonomy":"product_cat","embeddable":true,"href":"https:\/\/olemosaic.com\/fr\/wp-json\/wp\/v2\/product_cat?post=25933"},{"taxonomy":"product_tag","embeddable":true,"href":"https:\/\/olemosaic.com\/fr\/wp-json\/wp\/v2\/product_tag?post=25933"}],"curies":[{"name":"wp","href":"https:\/\/api.w.org\/{rel}","templated":true}]}}