{"id":25932,"date":"2025-02-20T23:27:59","date_gmt":"2025-02-20T22:27:59","guid":{"rendered":"http:\/\/olemosaic.com\/producto\/bol-de-coco-azul-tortuga-2\/"},"modified":"2025-07-25T18:48:07","modified_gmt":"2025-07-25T16:48:07","slug":"bol-de-coco-bleu-tortue-2","status":"publish","type":"product","link":"https:\/\/olemosaic.com\/fr\/produit\/bol-de-coco-bleu-tortue-2\/","title":{"rendered":"Bol de coco bleu. Tortue et c\u0153urs."},"content":{"rendered":"<p>Bol de coco bleu d\u00e9cor\u00e9 d&rsquo;une tortue<\/p>\n<p>Ce charmant bol de coco bleu est une v\u00e9ritable \u0153uvre d&rsquo;art qui \u00e9voque l&rsquo;essence marine et la beaut\u00e9 du folklore c\u00f4tier. La pi\u00e8ce pr\u00e9sente un fond noir parsem\u00e9 d&rsquo;un bleu vibrant qui met en valeur l&rsquo;illustration centrale d&rsquo;une tortue, symbole de la vie sous-marine et de l&rsquo;harmonie avec la nature. La tortue, avec un effet peint \u00e0 la main avec d\u00e9licatesse, occupe le centre, attirant l&rsquo;attention par son design ing\u00e9nieux et sa fabrication m\u00e9ticuleuse.<\/p>\n<p>Le bord du bol est orn\u00e9 d&rsquo;\u00e9l\u00e9gants c\u0153urs dans des tons bleus qui apportent une touche de fra\u00eecheur et d&rsquo;originalit\u00e9, faisant de cet objet un \u00e9l\u00e9ment d\u00e9coratif parfait pour embellir n&rsquo;importe quel espace de la maison ou du bureau. Chaque pi\u00e8ce est unique, r\u00e9sultat du travail minutieux d&rsquo;artisans locaux qui utilisent des techniques traditionnelles de peinture \u00e0 la main, ce qui garantit l&rsquo;authenticit\u00e9 de ce souvenir typique.<\/p>\n<p>Ce bol n&rsquo;est pas seulement un bel accessoire, mais aussi un souvenir repr\u00e9sentatif qui \u00e9voque la richesse culturelle des r\u00e9gions c\u00f4ti\u00e8res. Id\u00e9al pour les touristes \u00e0 la recherche de souvenirs authentiques, il capture la magie de la mer et de la culture locale. Chez Ol\u00e9 Mosaic, en tant que grossistes d&rsquo;articles artisanaux, nous proposons des souvenirs de haute qualit\u00e9 qui refl\u00e8tent les traditions et la beaut\u00e9 de l&rsquo;Espagne et du Portugal.<\/p>\n","protected":false},"excerpt":{"rendered":"<p>Bol de coco bleu d\u00e9cor\u00e9 d&rsquo;une charmante tortue, id\u00e9al pour donner une touche sp\u00e9ciale \u00e0 n&rsquo;importe quel coin. Ce produit artisanal pr\u00e9sente un fond noir parsem\u00e9 de bleu vibrant, qui fait ressortir le design de la tortue au centre. Le bord est orn\u00e9 d&rsquo;\u00e9l\u00e9gants c\u0153urs bleus, le tout dans un design artisanal peint \u00e0 la main. Un souvenir parfait qui capture l&rsquo;essence marine et folklorique, refl\u00e9tant la beaut\u00e9 de la vie c\u00f4ti\u00e8re.<\/p>\n","protected":false},"featured_media":10183,"template":"","meta":{"_acf_changed":false},"product_brand":[],"product_cat":[521],"product_tag":[530],"class_list":{"0":"post-25932","1":"product","2":"type-product","3":"status-publish","4":"has-post-thumbnail","6":"product_cat-bols","7":"product_tag-animaux","8":"pa_motivo-tortues","10":"first","11":"instock","12":"shipping-taxable","13":"product-type-simple"},"acf":[],"_links":{"self":[{"href":"https:\/\/olemosaic.com\/fr\/wp-json\/wp\/v2\/product\/25932","targetHints":{"allow":["GET"]}}],"collection":[{"href":"https:\/\/olemosaic.com\/fr\/wp-json\/wp\/v2\/product"}],"about":[{"href":"https:\/\/olemosaic.com\/fr\/wp-json\/wp\/v2\/types\/product"}],"wp:featuredmedia":[{"embeddable":true,"href":"https:\/\/olemosaic.com\/fr\/wp-json\/wp\/v2\/media\/10183"}],"wp:attachment":[{"href":"https:\/\/olemosaic.com\/fr\/wp-json\/wp\/v2\/media?parent=25932"}],"wp:term":[{"taxonomy":"product_brand","embeddable":true,"href":"https:\/\/olemosaic.com\/fr\/wp-json\/wp\/v2\/product_brand?post=25932"},{"taxonomy":"product_cat","embeddable":true,"href":"https:\/\/olemosaic.com\/fr\/wp-json\/wp\/v2\/product_cat?post=25932"},{"taxonomy":"product_tag","embeddable":true,"href":"https:\/\/olemosaic.com\/fr\/wp-json\/wp\/v2\/product_tag?post=25932"}],"curies":[{"name":"wp","href":"https:\/\/api.w.org\/{rel}","templated":true}]}}