{"id":25931,"date":"2025-02-20T23:27:59","date_gmt":"2025-02-20T22:27:59","guid":{"rendered":"http:\/\/olemosaic.com\/producto\/bol-de-coco-azul-flamenco\/"},"modified":"2025-07-25T19:12:48","modified_gmt":"2025-07-25T17:12:48","slug":"bol-de-coco-bleu-flamants-roses","status":"publish","type":"product","link":"https:\/\/olemosaic.com\/fr\/produit\/bol-de-coco-bleu-flamants-roses\/","title":{"rendered":"Bol de coco bleu. Flamants roses."},"content":{"rendered":"<p>Bol de coco bleu d\u00e9cor\u00e9 de motifs de flamants roses, id\u00e9al pour apporter une touche fra\u00eeche et vibrante \u00e0 toute d\u00e9coration. Ce bol charmant pr\u00e9sente un design dans des tons bleus qui \u00e9voquent la splendeur de la c\u00f4te espagnole, id\u00e9al pour ces journ\u00e9es ensoleill\u00e9es au bord de la mer. Sa surface est orn\u00e9e d&rsquo;un motif subtil en relief, cr\u00e9ant un effet visuel enchanteur qui capture magnifiquement la lumi\u00e8re. Au centre, deux flamants roses repr\u00e9sent\u00e9s dans un geste affectueux transmettent une sensation de chaleur et de joie.<\/p>\n<p>Ce bol n&rsquo;est pas seulement parfait pour servir des ap\u00e9ritifs, mais il se distingue \u00e9galement comme une pi\u00e8ce d\u00e9corative unique qui peut rehausser n&rsquo;importe quel environnement. Le choix de la noix de coco comme mat\u00e9riau refl\u00e8te la tradition locale et le lien avec la nature, offrant un souvenir authentique qui c\u00e9l\u00e8bre le mode de vie espagnol, caract\u00e9ris\u00e9 par sa proximit\u00e9 avec la mer et sa gastronomie exquise.<\/p>\n<p>Chez Ol\u00e9 Mosaic, notre engagement est d&rsquo;offrir des souvenirs uniques qui capturent l&rsquo;essence de chaque r\u00e9gion. Ce bol de coco bleu est un choix id\u00e9al pour les boutiques de cadeaux touristiques \u00e0 la recherche de quelque chose de sp\u00e9cial pour leurs clients. En tant que distributeurs de souvenirs en gros, nous garantissons que chaque pi\u00e8ce est repr\u00e9sentative de la culture et de la chaleur de l&rsquo;environnement espagnol, devenant un cadeau m\u00e9morable pour ceux qui recherchent authenticit\u00e9 et beaut\u00e9 dans leurs souvenirs.<\/p>\n","protected":false},"excerpt":{"rendered":"<p>Bol de coco bleu d\u00e9cor\u00e9 de flamants roses, id\u00e9al pour donner une touche fra\u00eeche et vibrante \u00e0 toute d\u00e9coration. Ce bol charmant pr\u00e9sente un design dans des tons bleus avec un relief subtil qui \u00e9voque l&rsquo;ambiance de la c\u00f4te espagnole. Au centre, deux flamants roses dans un geste affectueux apportent un \u00e9l\u00e9ment distinctif et enchanteur. Parfait pour servir des ap\u00e9ritifs ou comme pi\u00e8ce d\u00e9corative, il allie art et fonctionnalit\u00e9.<\/p>\n","protected":false},"featured_media":13514,"template":"","meta":{"_acf_changed":false},"product_brand":[],"product_cat":[521],"product_tag":[530],"class_list":{"0":"post-25931","1":"product","2":"type-product","3":"status-publish","4":"has-post-thumbnail","6":"product_cat-bols","7":"product_tag-animaux","8":"pa_motivo-flamants-roses","10":"first","11":"instock","12":"shipping-taxable","13":"product-type-simple"},"acf":[],"_links":{"self":[{"href":"https:\/\/olemosaic.com\/fr\/wp-json\/wp\/v2\/product\/25931","targetHints":{"allow":["GET"]}}],"collection":[{"href":"https:\/\/olemosaic.com\/fr\/wp-json\/wp\/v2\/product"}],"about":[{"href":"https:\/\/olemosaic.com\/fr\/wp-json\/wp\/v2\/types\/product"}],"wp:featuredmedia":[{"embeddable":true,"href":"https:\/\/olemosaic.com\/fr\/wp-json\/wp\/v2\/media\/13514"}],"wp:attachment":[{"href":"https:\/\/olemosaic.com\/fr\/wp-json\/wp\/v2\/media?parent=25931"}],"wp:term":[{"taxonomy":"product_brand","embeddable":true,"href":"https:\/\/olemosaic.com\/fr\/wp-json\/wp\/v2\/product_brand?post=25931"},{"taxonomy":"product_cat","embeddable":true,"href":"https:\/\/olemosaic.com\/fr\/wp-json\/wp\/v2\/product_cat?post=25931"},{"taxonomy":"product_tag","embeddable":true,"href":"https:\/\/olemosaic.com\/fr\/wp-json\/wp\/v2\/product_tag?post=25931"}],"curies":[{"name":"wp","href":"https:\/\/api.w.org\/{rel}","templated":true}]}}