{"id":25893,"date":"2025-02-20T23:27:58","date_gmt":"2025-02-20T22:27:58","guid":{"rendered":"http:\/\/olemosaic.com\/producto\/bol-de-coco-azul-caballito-de-mar-mallorca\/"},"modified":"2025-07-25T20:00:00","modified_gmt":"2025-07-25T18:00:00","slug":"bol-en-noix-de-coco-bleu-hippocampe-majorque","status":"publish","type":"product","link":"https:\/\/olemosaic.com\/fr\/produit\/bol-en-noix-de-coco-bleu-hippocampe-majorque\/","title":{"rendered":"Bol en noix de coco bleu. Hippocampe. Majorque. Technique Mosa\u00efque."},"content":{"rendered":"<p>Bol en noix de coco bleu avec un \u00e9l\u00e9gant hippocampe de Majorque. Ce bol exquis est une v\u00e9ritable \u0153uvre d&rsquo;art qui encapsule l&rsquo;essence de la mer M\u00e9diterran\u00e9e. \u00c9labor\u00e9 avec une technique de mosa\u00efque, sa finition vibrante dans des tons bleus et noirs \u00e9voque les eaux cristallines des c\u00f4tes majorquines. Au centre, un d\u00e9licat hippocampe se dresse, symbole de la faune marine locale, soulignant la connexion du produit avec la riche biodiversit\u00e9 de l&rsquo;\u00eele. Cet hippocampe, m\u00e9ticuleusement con\u00e7u, attire le regard et ajoute une touche de sophistication. Autour de l&rsquo;hippocampe, de petites formes de c\u0153ur d\u00e9corent les bords, offrant une sensation de chaleur et d&rsquo;amour pour la nature.<\/p>\n<p>\u00c0 la base du bol, l&rsquo;inscription \u00ab\u00a0MALLORCA\u00a0\u00bb r\u00e9affirme son authenticit\u00e9 en tant que souvenir, en faisant un cadeau parfait pour ceux qui souhaitent emporter un petit morceau de l&rsquo;\u00eele. Ce bol n&rsquo;est pas seulement fonctionnel, mais aussi un \u00e9l\u00e9ment d\u00e9coratif distinctif qui peut embellir n&rsquo;importe quel foyer. Chez Ol\u00e9 Mosaic, nous proposons une s\u00e9lection de souvenirs de Majorque qui se distinguent par leur qualit\u00e9 et leur design, parfaits pour les boutiques de cadeaux touristiques cherchant des produits uniques. Ce bol en noix de coco bleu est un choix id\u00e9al pour ceux qui recherchent des souvenirs authentiques repr\u00e9sentant la culture et la beaut\u00e9 de la r\u00e9gion.<\/p>\n","protected":false},"excerpt":{"rendered":"<p>Bol en noix de coco bleu d\u00e9cor\u00e9 d&rsquo;un \u00e9l\u00e9gant hippocampe, repr\u00e9sentant la beaut\u00e9 marine de Majorque. Ce bol attrayant, \u00e9labor\u00e9 avec une technique de mosa\u00efque, combine des tons bleus et noirs qui mettent en valeur un design central avec l&rsquo;hippocampe, entour\u00e9 de petites formes de c\u0153ur. L&rsquo;inscription \u00ab\u00a0MALLORCA\u00a0\u00bb \u00e0 la base renforce sa connexion avec l&rsquo;\u00eele, en faisant un souvenir parfait et un \u00e9l\u00e9ment d\u00e9coratif distinctif.<\/p>\n","protected":false},"featured_media":10240,"template":"","meta":{"_acf_changed":false},"product_brand":[],"product_cat":[521],"product_tag":[530],"class_list":{"0":"post-25893","1":"product","2":"type-product","3":"status-publish","4":"has-post-thumbnail","6":"product_cat-bols","7":"product_tag-animaux","8":"pa_ciudad-mallorca","9":"pa_motivo-hippocampes","10":"pa_pais-espana","12":"first","13":"instock","14":"shipping-taxable","15":"product-type-simple"},"acf":[],"_links":{"self":[{"href":"https:\/\/olemosaic.com\/fr\/wp-json\/wp\/v2\/product\/25893","targetHints":{"allow":["GET"]}}],"collection":[{"href":"https:\/\/olemosaic.com\/fr\/wp-json\/wp\/v2\/product"}],"about":[{"href":"https:\/\/olemosaic.com\/fr\/wp-json\/wp\/v2\/types\/product"}],"wp:featuredmedia":[{"embeddable":true,"href":"https:\/\/olemosaic.com\/fr\/wp-json\/wp\/v2\/media\/10240"}],"wp:attachment":[{"href":"https:\/\/olemosaic.com\/fr\/wp-json\/wp\/v2\/media?parent=25893"}],"wp:term":[{"taxonomy":"product_brand","embeddable":true,"href":"https:\/\/olemosaic.com\/fr\/wp-json\/wp\/v2\/product_brand?post=25893"},{"taxonomy":"product_cat","embeddable":true,"href":"https:\/\/olemosaic.com\/fr\/wp-json\/wp\/v2\/product_cat?post=25893"},{"taxonomy":"product_tag","embeddable":true,"href":"https:\/\/olemosaic.com\/fr\/wp-json\/wp\/v2\/product_tag?post=25893"}],"curies":[{"name":"wp","href":"https:\/\/api.w.org\/{rel}","templated":true}]}}