{"id":25892,"date":"2025-02-20T23:27:58","date_gmt":"2025-02-20T22:27:58","guid":{"rendered":"http:\/\/olemosaic.com\/producto\/bol-de-coco-amarillo-isla-tenerife\/"},"modified":"2025-07-25T18:34:52","modified_gmt":"2025-07-25T16:34:52","slug":"bol-en-noix-de-coco-jaune-ile-tenerife","status":"publish","type":"product","link":"https:\/\/olemosaic.com\/fr\/produit\/bol-en-noix-de-coco-jaune-ile-tenerife\/","title":{"rendered":"Bol en noix de coco jaune. \u00cele. Tenerife."},"content":{"rendered":"<p>Bol en noix de coco jaune de Tenerife. Ce magnifique bol, \u00e9labor\u00e9 de fa\u00e7on artisanale, s&rsquo;inspire de la splendide \u00eele de Tenerife, capturant son essence \u00e0 travers un design vibrant et plein de sens. La base du bol pr\u00e9sente un fond sombre qui contraste de mani\u00e8re spectaculaire avec les charmants c\u0153urs jaunes qui ornent son bord, cr\u00e9ant un effet visuel percutant. Au centre, une carte d\u00e9limit\u00e9e de l&rsquo;\u00eele dans un jaune resplendissant est compl\u00e9t\u00e9e par le nom \u00ab\u00a0TENERIFE\u00a0\u00bb inscrit de mani\u00e8re \u00e9l\u00e9gante, symbolisant la fiert\u00e9 locale et l&rsquo;affection pour cette terre canarienne.<\/p>\n<p>Ce bol en noix de coco n&rsquo;est pas seulement un objet d\u00e9coratif, mais une pi\u00e8ce embl\u00e9matique qui refl\u00e8te la riche culture et l&rsquo;art de l&rsquo;artisanat aux \u00eeles Canaries. Son design unique en fait un souvenir parfait pour ceux qui souhaitent emporter un morceau de la beaut\u00e9 de Tenerife chez eux, que ce soit comme centre de table, r\u00e9cipient pour petits objets ou simplement comme souvenir de leur visite. Chez Ol\u00e9 Mosaic, nous nous sp\u00e9cialisons dans la distribution de souvenirs authentiques et de qualit\u00e9. Ce bol en noix de coco jaune est une excellente option pour les boutiques de cadeaux touristiques cherchant \u00e0 offrir des produits authentiques et repr\u00e9sentatifs du riche h\u00e9ritage culturel canarien.<\/p>\n","protected":false},"excerpt":{"rendered":"<p>Bol en noix de coco jaune fait \u00e0 la main, repr\u00e9sentant l&rsquo;\u00eele de Tenerife. Ce produit original pr\u00e9sente un fond sombre d\u00e9cor\u00e9 de c\u0153urs jaunes et, au centre, une carte de l&rsquo;\u00eele avec le nom \u00ab\u00a0TENERIFE\u00a0\u00bb inscrit \u00e9l\u00e9gamment. Son design vibrant et artisanal en fait un souvenir parfait de la beaut\u00e9 canarienne, apportant une touche de couleur et de culture \u00e0 toute d\u00e9coration. Id\u00e9al pour un usage d\u00e9coratif ou fonctionnel.<\/p>\n","protected":false},"featured_media":10205,"template":"","meta":{"_acf_changed":false},"product_brand":[],"product_cat":[521],"product_tag":[],"class_list":{"0":"post-25892","1":"product","2":"type-product","3":"status-publish","4":"has-post-thumbnail","6":"product_cat-bols","7":"pa_ciudad-tenerife","8":"pa_motivo-iles","9":"pa_pais-espana","11":"first","12":"instock","13":"shipping-taxable","14":"product-type-simple"},"acf":[],"_links":{"self":[{"href":"https:\/\/olemosaic.com\/fr\/wp-json\/wp\/v2\/product\/25892","targetHints":{"allow":["GET"]}}],"collection":[{"href":"https:\/\/olemosaic.com\/fr\/wp-json\/wp\/v2\/product"}],"about":[{"href":"https:\/\/olemosaic.com\/fr\/wp-json\/wp\/v2\/types\/product"}],"wp:featuredmedia":[{"embeddable":true,"href":"https:\/\/olemosaic.com\/fr\/wp-json\/wp\/v2\/media\/10205"}],"wp:attachment":[{"href":"https:\/\/olemosaic.com\/fr\/wp-json\/wp\/v2\/media?parent=25892"}],"wp:term":[{"taxonomy":"product_brand","embeddable":true,"href":"https:\/\/olemosaic.com\/fr\/wp-json\/wp\/v2\/product_brand?post=25892"},{"taxonomy":"product_cat","embeddable":true,"href":"https:\/\/olemosaic.com\/fr\/wp-json\/wp\/v2\/product_cat?post=25892"},{"taxonomy":"product_tag","embeddable":true,"href":"https:\/\/olemosaic.com\/fr\/wp-json\/wp\/v2\/product_tag?post=25892"}],"curies":[{"name":"wp","href":"https:\/\/api.w.org\/{rel}","templated":true}]}}