{"id":25891,"date":"2025-02-20T23:27:58","date_gmt":"2025-02-20T22:27:58","guid":{"rendered":"http:\/\/olemosaic.com\/producto\/bol-de-ceramica-de-9-cm-panoramica-sevilla-beige\/"},"modified":"2025-07-25T20:12:08","modified_gmt":"2025-07-25T18:12:08","slug":"bol-en-ceramique-de-9-cm-panoramique-seville-beige","status":"publish","type":"product","link":"https:\/\/olemosaic.com\/fr\/produit\/bol-en-ceramique-de-9-cm-panoramique-seville-beige\/","title":{"rendered":"Bol en c\u00e9ramique de 9 cm. Panoramique. S\u00e9ville. Beige"},"content":{"rendered":"<p>Bol en c\u00e9ramique panoramique de S\u00e9ville<\/p>\n<p>Ce bol exclusif en c\u00e9ramique de 9 cm est une magnifique repr\u00e9sentation de l&rsquo;essence culturelle de S\u00e9ville, id\u00e9al aussi bien pour servir des ap\u00e9ritifs que pour d\u00e9corer. Son design captivant, dans des tons beige et rouge, se distingue par une charmante vue panoramique de la ville, o\u00f9 l&rsquo;on peut admirer des illustrations de monuments embl\u00e9matiques tels que l&rsquo;iconique Giralda, qui se dresse majestueusement \u00e0 l&rsquo;horizon. Chaque d\u00e9tail color\u00e9 embellit le bol, incluant le texte \u00ab SEVILLA \u00bb, qui ajoute une touche vibrante et authentique au produit.<\/p>\n<p>La finition \u00e9maill\u00e9e du bol rehausse les couleurs vives des illustrations, garantissant durabilit\u00e9 et un attrait visuel qui incarne le riche h\u00e9ritage s\u00e9villan. Ce bol n&rsquo;est pas seulement un souvenir artistique, mais aussi un rappel tangible de l&rsquo;histoire et de la culture de S\u00e9ville, en faisant une option parfaite pour les touristes cherchant \u00e0 emporter un petit morceau de cette ville merveilleuse.<\/p>\n<p>Chez Ol\u00e9 Mosaic, nous nous sp\u00e9cialisons dans la distribution de souvenirs en gros, offrant des pi\u00e8ces authentiques comme ce bol en c\u00e9ramique, qui souligne la beaut\u00e9 et la singularit\u00e9 de S\u00e9ville. Un produit parfait pour les boutiques de cadeaux touristiques souhaitant proposer des articles repr\u00e9sentatifs et de qualit\u00e9.<\/p>\n","protected":false},"excerpt":{"rendered":"<p>Bol en c\u00e9ramique de 9 cm avec une charmante vue panoramique de S\u00e9ville. Ce produit se distingue par son design dans des tons beige et rouge, d\u00e9cor\u00e9 d&rsquo;illustrations de monuments embl\u00e9matiques de la ville, comme la Giralda. Les d\u00e9tails color\u00e9s et le mot \u00ab\u00a0SEVILLA\u00a0\u00bb ajoutent une touche vibrante et culturelle. Id\u00e9al pour servir des ap\u00e9ritifs ou comme objet d\u00e9coratif, ce bol est une repr\u00e9sentation artistique du riche h\u00e9ritage s\u00e9villan.<\/p>\n","protected":false},"featured_media":7510,"template":"","meta":{"_acf_changed":false},"product_brand":[],"product_cat":[521],"product_tag":[585],"class_list":{"0":"post-25891","1":"product","2":"type-product","3":"status-publish","4":"has-post-thumbnail","6":"product_cat-bols","7":"product_tag-ceramique","8":"pa_ciudad-sevilla","9":"pa_motivo-panoramas","10":"pa_pais-espana","12":"first","13":"instock","14":"shipping-taxable","15":"product-type-simple"},"acf":[],"_links":{"self":[{"href":"https:\/\/olemosaic.com\/fr\/wp-json\/wp\/v2\/product\/25891","targetHints":{"allow":["GET"]}}],"collection":[{"href":"https:\/\/olemosaic.com\/fr\/wp-json\/wp\/v2\/product"}],"about":[{"href":"https:\/\/olemosaic.com\/fr\/wp-json\/wp\/v2\/types\/product"}],"wp:featuredmedia":[{"embeddable":true,"href":"https:\/\/olemosaic.com\/fr\/wp-json\/wp\/v2\/media\/7510"}],"wp:attachment":[{"href":"https:\/\/olemosaic.com\/fr\/wp-json\/wp\/v2\/media?parent=25891"}],"wp:term":[{"taxonomy":"product_brand","embeddable":true,"href":"https:\/\/olemosaic.com\/fr\/wp-json\/wp\/v2\/product_brand?post=25891"},{"taxonomy":"product_cat","embeddable":true,"href":"https:\/\/olemosaic.com\/fr\/wp-json\/wp\/v2\/product_cat?post=25891"},{"taxonomy":"product_tag","embeddable":true,"href":"https:\/\/olemosaic.com\/fr\/wp-json\/wp\/v2\/product_tag?post=25891"}],"curies":[{"name":"wp","href":"https:\/\/api.w.org\/{rel}","templated":true}]}}