{"id":25890,"date":"2025-02-20T23:27:58","date_gmt":"2025-02-20T22:27:58","guid":{"rendered":"http:\/\/olemosaic.com\/producto\/bol-de-ceramica-de-14-cm-panoramica-sevilla-beige\/"},"modified":"2025-07-25T19:19:28","modified_gmt":"2025-07-25T17:19:28","slug":"bol-en-ceramique-de-14-cm-panoramique-seville-beige","status":"publish","type":"product","link":"https:\/\/olemosaic.com\/fr\/produit\/bol-en-ceramique-de-14-cm-panoramique-seville-beige\/","title":{"rendered":"Bol en c\u00e9ramique de 14 cm. Panoramique. S\u00e9ville. Beige"},"content":{"rendered":"<p>Bol en c\u00e9ramique de S\u00e9ville. Ce charmant bol en c\u00e9ramique de 14 cm est un v\u00e9ritable bijou qui capture l&rsquo;essence de la ville vibrante de S\u00e9ville \u00e0 travers son design peint \u00e0 la main. Dans un ton beige \u00e9l\u00e9gant, le bol pr\u00e9sente une illustration panoramique qui met en valeur certains des monuments les plus embl\u00e9matiques de S\u00e9ville, comme la majestueuse Giralda. Entour\u00e9 de palmiers luxuriants et d&rsquo;ornements color\u00e9s, le design rayonne l&rsquo;esprit joyeux et culturel de la r\u00e9gion, en faisant un excellent souvenir de S\u00e9ville.<\/p>\n<p>L&rsquo;inscription \u00ab Sevilla \u00bb s&rsquo;affiche dans un style typographique dynamique qui ressort sur le fond et se compl\u00e8te par un bord rouge qui apporte une touche de chaleur et de couleur \u00e0 la pi\u00e8ce. Ce bol n&rsquo;est pas seulement fonctionnel, il sert \u00e9galement d&rsquo;\u00e9l\u00e9ment d\u00e9coratif attrayant id\u00e9al pour n&rsquo;importe quel foyer, offrant un morceau de la culture s\u00e9villane \u00e0 chaque utilisation. Les touristes trouveront dans ce bol en c\u00e9ramique un souvenir parfait repr\u00e9sentant la richesse du patrimoine local et, \u00e9tant un produit d&rsquo;Ol\u00e9 Mosaic, il garantit authenticit\u00e9 et qualit\u00e9. En tant que grossistes de souvenirs en c\u00e9ramique, nous proposons des articles id\u00e9aux pour les boutiques de cadeaux touristiques cherchant \u00e0 repr\u00e9senter le meilleur de la tradition andalouse.<\/p>\n","protected":false},"excerpt":{"rendered":"<p>Bol en c\u00e9ramique de 14 cm avec une illustration panoramique vibrante de S\u00e9ville. Ce bol beige attrayant pr\u00e9sente un design artisanal, peint \u00e0 la main, mettant en valeur les monuments embl\u00e9matiques de la ville, comme la Giralda, entour\u00e9s de palmiers et de d\u00e9tails color\u00e9s. L&rsquo;inscription \u00ab\u00a0Sevilla\u00a0\u00bb, dans un style typographique joyeux, s&rsquo;accorde avec son bord rouge, faisant de ce bol un article d\u00e9coratif et fonctionnel qui capture l&rsquo;essence de la culture s\u00e9villane.<\/p>\n","protected":false},"featured_media":7508,"template":"","meta":{"_acf_changed":false},"product_brand":[],"product_cat":[521],"product_tag":[585],"class_list":{"0":"post-25890","1":"product","2":"type-product","3":"status-publish","4":"has-post-thumbnail","6":"product_cat-bols","7":"product_tag-ceramique","8":"pa_ciudad-sevilla","9":"pa_motivo-panoramas","10":"pa_pais-espana","12":"first","13":"instock","14":"shipping-taxable","15":"product-type-simple"},"acf":[],"_links":{"self":[{"href":"https:\/\/olemosaic.com\/fr\/wp-json\/wp\/v2\/product\/25890","targetHints":{"allow":["GET"]}}],"collection":[{"href":"https:\/\/olemosaic.com\/fr\/wp-json\/wp\/v2\/product"}],"about":[{"href":"https:\/\/olemosaic.com\/fr\/wp-json\/wp\/v2\/types\/product"}],"wp:featuredmedia":[{"embeddable":true,"href":"https:\/\/olemosaic.com\/fr\/wp-json\/wp\/v2\/media\/7508"}],"wp:attachment":[{"href":"https:\/\/olemosaic.com\/fr\/wp-json\/wp\/v2\/media?parent=25890"}],"wp:term":[{"taxonomy":"product_brand","embeddable":true,"href":"https:\/\/olemosaic.com\/fr\/wp-json\/wp\/v2\/product_brand?post=25890"},{"taxonomy":"product_cat","embeddable":true,"href":"https:\/\/olemosaic.com\/fr\/wp-json\/wp\/v2\/product_cat?post=25890"},{"taxonomy":"product_tag","embeddable":true,"href":"https:\/\/olemosaic.com\/fr\/wp-json\/wp\/v2\/product_tag?post=25890"}],"curies":[{"name":"wp","href":"https:\/\/api.w.org\/{rel}","templated":true}]}}