{"id":25883,"date":"2025-02-20T23:27:58","date_gmt":"2025-02-20T22:27:58","guid":{"rendered":"http:\/\/olemosaic.com\/producto\/funda-de-telefono-para-iphone-14-pro-tpu-abstracto-negro\/"},"modified":"2025-07-25T19:09:56","modified_gmt":"2025-07-25T17:09:56","slug":"coque-de-telephone-pour-iphone-14-pro-tpu-abstrait-noir","status":"publish","type":"product","link":"https:\/\/olemosaic.com\/fr\/produit\/coque-de-telephone-pour-iphone-14-pro-tpu-abstrait-noir\/","title":{"rendered":"Coque de t\u00e9l\u00e9phone pour iPhone 14 Pro (TPU). Abstrait. Noir. Lignes."},"content":{"rendered":"<p>Coque pour iPhone 14 Pro avec design abstrait<\/p>\n<p>Transformez votre appareil en une \u0153uvre d&rsquo;art avec cette coque pour iPhone 14 Pro, fabriqu\u00e9e en TPU r\u00e9sistant. Son design abstrait et vibrant pr\u00e9sente un fond noir captivant parcouru de lignes multicolores dynamiques, \u00e9voquant un effet lumineux et moderne. Chaque courbe et trait de couleur s&rsquo;int\u00e8gre parfaitement, cr\u00e9ant un impact visuel qui attirera tous les regards ; id\u00e9al pour ceux qui recherchent non seulement une protection, mais aussi un style distinctif.<\/p>\n<p>Cette coque combine fonctionnalit\u00e9 et esth\u00e9tique : son mat\u00e9riau TPU offre une protection efficace contre les chocs et les chutes, assurant l&rsquo;int\u00e9grit\u00e9 de votre iPhone, tout en d\u00e9gageant un air contemporain. Le design abstrait n&rsquo;est pas seulement un ornement visuel, mais refl\u00e8te \u00e9galement une connexion avec l&rsquo;avant-garde de l&rsquo;art moderne, parfait pour ceux qui appr\u00e9cient la diversit\u00e9 dans le design.<\/p>\n<p>Ce produit n&rsquo;est pas seulement un accessoire, mais un v\u00e9ritable souvenir qui capture l&rsquo;essence de la cr\u00e9ativit\u00e9. Chez Ol\u00e9 Mosaic, en tant que distributeurs de produits de mode et de souvenirs contemporains, nous proposons cette coque comme une option id\u00e9ale pour les boutiques de cadeaux touristiques. Un cadeau exceptionnel pour ceux qui recherchent un souvenir fonctionnel et \u00e9l\u00e9gant de leur exp\u00e9rience, soulignant ainsi le lien entre l&rsquo;art et la vie quotidienne.<\/p>\n","protected":false},"excerpt":{"rendered":"<p>Coque pour iPhone 14 Pro en TPU avec un design abstrait percutant. Cet accessoire se distingue par son fond noir sur lequel coulent des lignes multicolores vibrantes cr\u00e9ant un effet lumineux et dynamique. Parfaite pour ceux qui recherchent style et protection, cette coque combine r\u00e9sistance et touche artistique, transformant votre appareil en une pi\u00e8ce unique et moderne. Id\u00e9ale pour ceux qui appr\u00e9cient le design contemporain et color\u00e9.<\/p>\n","protected":false},"featured_media":12389,"template":"","meta":{"_acf_changed":false},"product_brand":[],"product_cat":[674],"product_tag":[],"class_list":{"0":"post-25883","1":"product","2":"type-product","3":"status-publish","4":"has-post-thumbnail","6":"product_cat-etuis-pour-telephones-portables","7":"pa_motivo-resume","9":"first","10":"instock","11":"shipping-taxable","12":"product-type-simple"},"acf":[],"_links":{"self":[{"href":"https:\/\/olemosaic.com\/fr\/wp-json\/wp\/v2\/product\/25883","targetHints":{"allow":["GET"]}}],"collection":[{"href":"https:\/\/olemosaic.com\/fr\/wp-json\/wp\/v2\/product"}],"about":[{"href":"https:\/\/olemosaic.com\/fr\/wp-json\/wp\/v2\/types\/product"}],"wp:featuredmedia":[{"embeddable":true,"href":"https:\/\/olemosaic.com\/fr\/wp-json\/wp\/v2\/media\/12389"}],"wp:attachment":[{"href":"https:\/\/olemosaic.com\/fr\/wp-json\/wp\/v2\/media?parent=25883"}],"wp:term":[{"taxonomy":"product_brand","embeddable":true,"href":"https:\/\/olemosaic.com\/fr\/wp-json\/wp\/v2\/product_brand?post=25883"},{"taxonomy":"product_cat","embeddable":true,"href":"https:\/\/olemosaic.com\/fr\/wp-json\/wp\/v2\/product_cat?post=25883"},{"taxonomy":"product_tag","embeddable":true,"href":"https:\/\/olemosaic.com\/fr\/wp-json\/wp\/v2\/product_tag?post=25883"}],"curies":[{"name":"wp","href":"https:\/\/api.w.org\/{rel}","templated":true}]}}