{"id":25882,"date":"2025-02-20T23:27:58","date_gmt":"2025-02-20T22:27:58","guid":{"rendered":"http:\/\/olemosaic.com\/producto\/taza-de-ceramica-bailaora-beige\/"},"modified":"2025-07-25T19:06:32","modified_gmt":"2025-07-25T17:06:32","slug":"tasse-en-ceramique-danseuse-flamenco-beige","status":"publish","type":"product","link":"https:\/\/olemosaic.com\/fr\/produit\/tasse-en-ceramique-danseuse-flamenco-beige\/","title":{"rendered":"Tasse en c\u00e9ramique. Danseuse de flamenco et texte Espagne. Beige."},"content":{"rendered":"<p>Tasse en c\u00e9ramique illustr\u00e9e avec une danseuse de flamenco<\/p>\n<p>Cette exquise tasse en c\u00e9ramique est un hommage vibrant \u00e0 la culture espagnole, mettant en sc\u00e8ne une majestueuse danseuse de flamenco en pleine performance. Sur un fond beige doux qui met parfaitement en valeur les couleurs vives du costume de la danseuse, chaque d\u00e9tail est soigneusement con\u00e7u pour capturer l&rsquo;\u00e9nergie et le mouvement du flamenco. V\u00eatue d&rsquo;une jupe \u00e0 volants dans les tons rouges, jaunes et bleus, la danseuse se tient avec gr\u00e2ce, \u00e9manant la passion et l&rsquo;\u00e9motion caract\u00e9ristiques de cet art. Le texte \u00ab\u00a0ESPA\u00d1A\u00a0\u00bb compl\u00e8te l&rsquo;illustration, accompagn\u00e9 d&rsquo;un \u0153illet rouge, symbole de la passion ardente du flamenco.<\/p>\n<p>En plus de son attrait visuel, cette tasse comprend une cuill\u00e8re en c\u00e9ramique d&rsquo;une couleur qui s&rsquo;harmonise avec le design, ajoutant fonctionnalit\u00e9 et style \u00e0 la pi\u00e8ce. Id\u00e9ale aussi bien pour savourer un caf\u00e9 matinal que pour \u00eatre expos\u00e9e, cette tasse devient un souvenir authentique et repr\u00e9sentatif du riche h\u00e9ritage culturel de l&rsquo;Espagne. Chez Ol\u00e9 Mosaic, nous sommes distributeurs de souvenirs uniques qui c\u00e9l\u00e8brent la tradition espagnole ; cette tasse est un choix parfait pour les boutiques de cadeaux touristiques cherchant \u00e0 proposer des produits qui soulignent l&rsquo;identit\u00e9 culturelle authentique. En choisissant ce souvenir, les touristes n&rsquo;acqui\u00e8rent pas seulement un objet quotidien, mais un morceau de l&rsquo;histoire et de l&rsquo;art de l&rsquo;Espagne.<\/p>\n","protected":false},"excerpt":{"rendered":"<p>Tasse en c\u00e9ramique illustr\u00e9e d&rsquo;une danseuse de flamenco, avec un design vibrant qui souligne la richesse culturelle de l&rsquo;Espagne. Le fond beige de la tasse contraste avec les couleurs vives du costume de la danseuse, captur\u00e9e dans un mouvement \u00e9l\u00e9gant. En haut, appara\u00eet le texte \u00ab\u00a0ESPA\u00d1A\u00a0\u00bb accompagn\u00e9 d&rsquo;un \u0153illet rouge, symbole de la passion du flamenco. Comprend une cuill\u00e8re en c\u00e9ramique d&rsquo;une couleur compl\u00e9mentaire, ce qui ajoute de la fonctionnalit\u00e9 au design attrayant.<\/p>\n","protected":false},"featured_media":6910,"template":"","meta":{"_acf_changed":false},"product_brand":[],"product_cat":[822],"product_tag":[585],"class_list":{"0":"post-25882","1":"product","2":"type-product","3":"status-publish","4":"has-post-thumbnail","6":"product_cat-mugs-fr","7":"product_tag-ceramique","8":"pa_motivo-danseurs","10":"first","11":"instock","12":"shipping-taxable","13":"product-type-simple"},"acf":[],"_links":{"self":[{"href":"https:\/\/olemosaic.com\/fr\/wp-json\/wp\/v2\/product\/25882","targetHints":{"allow":["GET"]}}],"collection":[{"href":"https:\/\/olemosaic.com\/fr\/wp-json\/wp\/v2\/product"}],"about":[{"href":"https:\/\/olemosaic.com\/fr\/wp-json\/wp\/v2\/types\/product"}],"wp:featuredmedia":[{"embeddable":true,"href":"https:\/\/olemosaic.com\/fr\/wp-json\/wp\/v2\/media\/6910"}],"wp:attachment":[{"href":"https:\/\/olemosaic.com\/fr\/wp-json\/wp\/v2\/media?parent=25882"}],"wp:term":[{"taxonomy":"product_brand","embeddable":true,"href":"https:\/\/olemosaic.com\/fr\/wp-json\/wp\/v2\/product_brand?post=25882"},{"taxonomy":"product_cat","embeddable":true,"href":"https:\/\/olemosaic.com\/fr\/wp-json\/wp\/v2\/product_cat?post=25882"},{"taxonomy":"product_tag","embeddable":true,"href":"https:\/\/olemosaic.com\/fr\/wp-json\/wp\/v2\/product_tag?post=25882"}],"curies":[{"name":"wp","href":"https:\/\/api.w.org\/{rel}","templated":true}]}}