{"id":25881,"date":"2025-02-20T22:27:57","date_gmt":"2025-02-20T22:27:57","guid":{"rendered":"http:\/\/olemosaic.com\/producto\/taza-de-ceramica-valencia-blanco\/"},"modified":"2025-07-25T19:02:46","modified_gmt":"2025-07-25T17:02:46","slug":"tasse-en-ceramique-valence-blanc","status":"publish","type":"product","link":"https:\/\/olemosaic.com\/fr\/produit\/tasse-en-ceramique-valence-blanc\/","title":{"rendered":"Tasse en c\u00e9ramique. Valence. Blanc."},"content":{"rendered":"<p>Tasse en c\u00e9ramique de la Cit\u00e9 des Arts et des Sciences de Valence<\/p>\n<p>Cette tasse en c\u00e9ramique, d&rsquo;un blanc \u00e9l\u00e9gant, est le souvenir parfait de l&#8217;embl\u00e9matique Cit\u00e9 des Arts et des Sciences de Valence. Son design vibrant et d\u00e9taill\u00e9 capture l&rsquo;architecture impressionnante du complexe, o\u00f9 se conjuguent modernit\u00e9 et cr\u00e9ativit\u00e9, en faisant un symbole de la ville. Avec un int\u00e9rieur d&rsquo;un bleu attrayant, la tasse pr\u00e9sente une finition remplie de mosa\u00efques color\u00e9es qui soulignent les contrastes visuels, apportant une touche artistique \u00e0 chaque gorg\u00e9e.<\/p>\n<p>Les illustrations stylis\u00e9es repr\u00e9sentent les structures embl\u00e9matiques du complexe, telles que l&rsquo;Hemisf\u00e8ric et l&rsquo;Oceanogr\u00e0fic, offrant une vision dynamique et contemporaine de la richesse culturelle de Valence. Le nom \u00ab\u00a0Valencia\u00a0\u00bb appara\u00eet en lettres multicolores, ajoutant un air festif et accueillant. Ce souvenir n&rsquo;est pas seulement un objet fonctionnel pour profiter de vos boissons pr\u00e9f\u00e9r\u00e9es, mais il \u00e9voque \u00e9galement l&rsquo;essence culturelle de l&rsquo;une des villes les plus vibrantes d&rsquo;Espagne.<\/p>\n<p>Chez Ol\u00e9 Mosaic, nous nous sp\u00e9cialisons dans la distribution de souvenirs en gros et cette tasse est un choix id\u00e9al pour les boutiques de cadeaux touristiques \u00e0 la recherche de produits authentiques repr\u00e9sentant la richesse culturelle espagnole. Avec sa repr\u00e9sentation fid\u00e8le de Valence, cette tasse devient un excellent cadeau qui permettra aux touristes de ramener un morceau de cette ville incroyable chez eux.<\/p>\n","protected":false},"excerpt":{"rendered":"<p>Tasse en c\u00e9ramique blanche, d\u00e9cor\u00e9e d&rsquo;un design vibrant qui met en valeur l&rsquo;architecture de l&#8217;embl\u00e9matique complexe de la Cit\u00e9 des Arts et des Sciences de Valence. La tasse pr\u00e9sente un int\u00e9rieur bleu et une finition avec des mosa\u00efques color\u00e9es, cr\u00e9ant un contraste attrayant. Les d\u00e9tails graphiques stylis\u00e9s repr\u00e9sentent les structures modernes du complexe, accompagn\u00e9s du nom \u00ab\u00a0Valencia\u00a0\u00bb en lettres multicolores. Id\u00e9al pour savourer vos boissons et \u00e9voquer l&rsquo;essence culturelle de la ville.<\/p>\n","protected":false},"featured_media":9877,"template":"","meta":{"_acf_changed":false},"product_brand":[],"product_cat":[822],"product_tag":[585],"class_list":{"0":"post-25881","1":"product","2":"type-product","3":"status-publish","4":"has-post-thumbnail","6":"product_cat-mugs-fr","7":"product_tag-ceramique","8":"pa_ciudad-valencia","9":"pa_pais-espana","11":"first","12":"instock","13":"shipping-taxable","14":"product-type-simple"},"acf":[],"_links":{"self":[{"href":"https:\/\/olemosaic.com\/fr\/wp-json\/wp\/v2\/product\/25881","targetHints":{"allow":["GET"]}}],"collection":[{"href":"https:\/\/olemosaic.com\/fr\/wp-json\/wp\/v2\/product"}],"about":[{"href":"https:\/\/olemosaic.com\/fr\/wp-json\/wp\/v2\/types\/product"}],"wp:featuredmedia":[{"embeddable":true,"href":"https:\/\/olemosaic.com\/fr\/wp-json\/wp\/v2\/media\/9877"}],"wp:attachment":[{"href":"https:\/\/olemosaic.com\/fr\/wp-json\/wp\/v2\/media?parent=25881"}],"wp:term":[{"taxonomy":"product_brand","embeddable":true,"href":"https:\/\/olemosaic.com\/fr\/wp-json\/wp\/v2\/product_brand?post=25881"},{"taxonomy":"product_cat","embeddable":true,"href":"https:\/\/olemosaic.com\/fr\/wp-json\/wp\/v2\/product_cat?post=25881"},{"taxonomy":"product_tag","embeddable":true,"href":"https:\/\/olemosaic.com\/fr\/wp-json\/wp\/v2\/product_tag?post=25881"}],"curies":[{"name":"wp","href":"https:\/\/api.w.org\/{rel}","templated":true}]}}