{"id":25880,"date":"2025-02-20T23:27:57","date_gmt":"2025-02-20T22:27:57","guid":{"rendered":"http:\/\/olemosaic.com\/producto\/mug-de-ceramica-flores-barcelona-blanco-95-cm\/"},"modified":"2025-07-25T19:11:00","modified_gmt":"2025-07-25T17:11:00","slug":"mug-en-ceramique-fleurs-barcelone-blanc-9-5-cm","status":"publish","type":"product","link":"https:\/\/olemosaic.com\/fr\/produit\/mug-en-ceramique-fleurs-barcelone-blanc-9-5-cm\/","title":{"rendered":"Mug en c\u00e9ramique. Fleurs. Barcelone. Blanc. 9,5 cm."},"content":{"rendered":"<p>Mug en c\u00e9ramique avec design floral inspir\u00e9 des mosa\u00efques de Barcelone<\/p>\n<p>Ce mug vibrant en c\u00e9ramique est un excellent souvenir qui capture l&rsquo;essence color\u00e9e et artistique de Barcelone, \u00e9voquant l&rsquo;\u0153uvre c\u00e9l\u00e8bre d&rsquo;Antoni Gaud\u00ed et ses \u00e9blouissantes mosa\u00efques. D&rsquo;une hauteur de 9,5 cm, sa finition blanche fait ressortir le magnifique motif floral qui orne sa surface, o\u00f9 s&rsquo;entrelacent des tons rouges, jaunes, bleus et verts, formant un trencad\u00eds attrayant qui incarne la cr\u00e9ativit\u00e9 et l&rsquo;esprit innovant de la ville. Le design inclut de grandes fleurs dans diverses tonalit\u00e9s, dont les p\u00e9tales semblent prendre vie, cr\u00e9ant une symphonie visuelle qui enchantera les amateurs d&rsquo;art et de culture catalane.<\/p>\n<p>L&rsquo;anse du mug, stylis\u00e9e et unique, apporte non seulement une touche distinctive, mais assure \u00e9galement une prise en main confortable pour profiter de vos boissons pr\u00e9f\u00e9r\u00e9es. Ce mug est plus qu&rsquo;un simple r\u00e9cipient : c&rsquo;est un hommage au riche h\u00e9ritage culturel de Barcelone et un souvenir parfait d&rsquo;une visite inoubliable. Id\u00e9al pour les touristes \u00e0 la recherche de souvenirs authentiques, cette pi\u00e8ce souligne le lien entre l&rsquo;art et la vie quotidienne dans la ville. Chez Ol\u00e9 Mosaic, en tant que grossistes de souvenirs de qualit\u00e9, nous proposons ce mug d\u00e9coratif en c\u00e9ramique, parfait pour les boutiques de cadeaux touristiques souhaitant offrir \u00e0 leurs clients un souvenir repr\u00e9sentatif de la Barcelone magique.<\/p>\n","protected":false},"excerpt":{"rendered":"<p>Mug en c\u00e9ramique d\u00e9cor\u00e9 d&rsquo;un design floral vibrant inspir\u00e9 des mosa\u00efques de Barcelone. Avec une finition blanche, il se distingue par son motif color\u00e9 incluant des tons rouges, jaunes, bleus et verts, formant un magnifique motif trencad\u00eds. Son anse stylis\u00e9e ajoute une touche distinctive \u00e0 ce mug de 9,5 cm de hauteur, id\u00e9al pour savourer vos boissons pr\u00e9f\u00e9r\u00e9es et \u00e9voquer l&rsquo;essence de la ville.<\/p>\n","protected":false},"featured_media":9065,"template":"","meta":{"_acf_changed":false},"product_brand":[],"product_cat":[728],"product_tag":[585],"class_list":{"0":"post-25880","1":"product","2":"type-product","3":"status-publish","4":"has-post-thumbnail","6":"product_cat-mugs","7":"product_tag-ceramique","8":"pa_ciudad-barcelona","9":"pa_motivo-fleurs","10":"pa_pais-espana","12":"first","13":"instock","14":"shipping-taxable","15":"product-type-simple"},"acf":[],"_links":{"self":[{"href":"https:\/\/olemosaic.com\/fr\/wp-json\/wp\/v2\/product\/25880","targetHints":{"allow":["GET"]}}],"collection":[{"href":"https:\/\/olemosaic.com\/fr\/wp-json\/wp\/v2\/product"}],"about":[{"href":"https:\/\/olemosaic.com\/fr\/wp-json\/wp\/v2\/types\/product"}],"wp:featuredmedia":[{"embeddable":true,"href":"https:\/\/olemosaic.com\/fr\/wp-json\/wp\/v2\/media\/9065"}],"wp:attachment":[{"href":"https:\/\/olemosaic.com\/fr\/wp-json\/wp\/v2\/media?parent=25880"}],"wp:term":[{"taxonomy":"product_brand","embeddable":true,"href":"https:\/\/olemosaic.com\/fr\/wp-json\/wp\/v2\/product_brand?post=25880"},{"taxonomy":"product_cat","embeddable":true,"href":"https:\/\/olemosaic.com\/fr\/wp-json\/wp\/v2\/product_cat?post=25880"},{"taxonomy":"product_tag","embeddable":true,"href":"https:\/\/olemosaic.com\/fr\/wp-json\/wp\/v2\/product_tag?post=25880"}],"curies":[{"name":"wp","href":"https:\/\/api.w.org\/{rel}","templated":true}]}}