{"id":25879,"date":"2025-02-20T22:27:57","date_gmt":"2025-02-20T22:27:57","guid":{"rendered":"http:\/\/olemosaic.com\/producto\/tapon-de-ceramica-punt-de-trobada-barcelona-blanco\/"},"modified":"2025-07-25T18:55:48","modified_gmt":"2025-07-25T16:55:48","slug":"bouchon-en-ceramique-punt-de-trobada-barcelone-blanc","status":"publish","type":"product","link":"https:\/\/olemosaic.com\/fr\/produit\/bouchon-en-ceramique-punt-de-trobada-barcelone-blanc\/","title":{"rendered":"Bouchon en c\u00e9ramique. Punt de trobada. Barcelone. Blanc."},"content":{"rendered":"<p>Bouchon en c\u00e9ramique avec un design inspir\u00e9 de la mosa\u00efque de Barcelone<\/p>\n<p>Ce bouchon en c\u00e9ramique est une repr\u00e9sentation \u00e9l\u00e9gante de l&#8217;embl\u00e9matique mosa\u00efque de Barcelone, con\u00e7u pour les amoureux de la culture et de l&rsquo;art de la ville. Il pr\u00e9sente un motif abstrait color\u00e9 qui \u00e9voque les chefs-d&rsquo;\u0153uvre d&rsquo;Antoni Gaud\u00ed, fusionnant des tons vibrants de rouge, bleu et jaune sur un fond blanc. Le mot \u00ab\u00a0Barcelona\u00a0\u00bb, stylis\u00e9 en lettres noires, ajoute une touche distinctive \u00e0 cet accessoire pratique, en faisant un souvenir id\u00e9al qui capture l&rsquo;essence de la ville.<\/p>\n<p>Fabriqu\u00e9 en c\u00e9ramique de haute qualit\u00e9, ce bouchon n&rsquo;est pas seulement un \u00e9l\u00e9ment d\u00e9coratif, mais aussi une solution fonctionnelle pour sceller les bouteilles et conserver leur contenu frais. Son design unique en fait un v\u00e9ritable objet de collection qui encapsule l&rsquo;h\u00e9ritage artistique de Barcelone.<\/p>\n<p>Ce bouchon est plus qu&rsquo;un ustensile ; c&rsquo;est un souvenir du riche h\u00e9ritage culturel de la ville, parfait pour ceux qui cherchent \u00e0 emporter un morceau de la vie vibrante de Barcelone. Chez Ol\u00e9 Mosaic, nous sommes sp\u00e9cialis\u00e9s dans la distribution de souvenirs en gros, proposant des articles comme ce bouchon en c\u00e9ramique qui repr\u00e9sentent la tradition et l&rsquo;art local. Id\u00e9al pour les boutiques de cadeaux touristiques, c&rsquo;est un excellent souvenir de Barcelone qui souligne l&rsquo;authenticit\u00e9 et la valeur culturelle de la r\u00e9gion.<\/p>\n","protected":false},"excerpt":{"rendered":"<p>Bouchon en c\u00e9ramique avec un design inspir\u00e9 de la c\u00e9l\u00e8bre mosa\u00efque de Barcelone. Ce bouchon \u00e9l\u00e9gant, de couleur blanche, pr\u00e9sente un motif abstrait et color\u00e9 qui \u00e9voque l&rsquo;\u0153uvre de Gaud\u00ed, avec des tons vibrants de rouge, bleu et jaune. Le mot \u00ab\u00a0Barcelona\u00a0\u00bb appara\u00eet stylis\u00e9 en lettres noires, ajoutant une touche distinctive. Id\u00e9al pour sceller les bouteilles et maintenir leur contenu frais, il combine la fonctionnalit\u00e9 avec le riche h\u00e9ritage artistique de la ville.<\/p>\n","protected":false},"featured_media":9151,"template":"","meta":{"_acf_changed":false},"product_brand":[],"product_cat":[825],"product_tag":[585],"class_list":{"0":"post-25879","1":"product","2":"type-product","3":"status-publish","4":"has-post-thumbnail","6":"product_cat-bouchons","7":"product_tag-ceramique","8":"pa_ciudad-barcelona","9":"pa_motivo-punt-de-trobada","10":"pa_pais-espana","12":"first","13":"instock","14":"shipping-taxable","15":"product-type-simple"},"acf":[],"_links":{"self":[{"href":"https:\/\/olemosaic.com\/fr\/wp-json\/wp\/v2\/product\/25879","targetHints":{"allow":["GET"]}}],"collection":[{"href":"https:\/\/olemosaic.com\/fr\/wp-json\/wp\/v2\/product"}],"about":[{"href":"https:\/\/olemosaic.com\/fr\/wp-json\/wp\/v2\/types\/product"}],"wp:featuredmedia":[{"embeddable":true,"href":"https:\/\/olemosaic.com\/fr\/wp-json\/wp\/v2\/media\/9151"}],"wp:attachment":[{"href":"https:\/\/olemosaic.com\/fr\/wp-json\/wp\/v2\/media?parent=25879"}],"wp:term":[{"taxonomy":"product_brand","embeddable":true,"href":"https:\/\/olemosaic.com\/fr\/wp-json\/wp\/v2\/product_brand?post=25879"},{"taxonomy":"product_cat","embeddable":true,"href":"https:\/\/olemosaic.com\/fr\/wp-json\/wp\/v2\/product_cat?post=25879"},{"taxonomy":"product_tag","embeddable":true,"href":"https:\/\/olemosaic.com\/fr\/wp-json\/wp\/v2\/product_tag?post=25879"}],"curies":[{"name":"wp","href":"https:\/\/api.w.org\/{rel}","templated":true}]}}