{"id":25878,"date":"2025-02-20T22:27:57","date_gmt":"2025-02-20T22:27:57","guid":{"rendered":"http:\/\/olemosaic.com\/producto\/saleros-de-ceramica-barcelona-blanco\/"},"modified":"2025-07-25T18:44:42","modified_gmt":"2025-07-25T16:44:42","slug":"salieres-en-ceramique-barcelone-blanc","status":"publish","type":"product","link":"https:\/\/olemosaic.com\/fr\/produit\/salieres-en-ceramique-barcelone-blanc\/","title":{"rendered":"Sali\u00e8res en c\u00e9ramique. Barcelone. Blanc."},"content":{"rendered":"<p>Sali\u00e8res en c\u00e9ramique d\u00e9cor\u00e9es d&rsquo;\u00e9l\u00e9ments iconiques de Barcelone<\/p>\n<p>D\u00e9couvrez le charme de Barcelone avec ces sali\u00e8res en c\u00e9ramique, des souvenirs authentiques qui capturent l&rsquo;essence vibrante de la cit\u00e9 comtale. Chaque sali\u00e8re pr\u00e9sente une d\u00e9coration vibrante illustrant deux des symboles les plus embl\u00e9matiques de Barcelone : un c\u00f4t\u00e9 montre les tours color\u00e9es de la Sagrada Familia, chef-d&rsquo;\u0153uvre de l&rsquo;architecte Antoni Gaud\u00ed, tandis que l&rsquo;autre c\u00f4t\u00e9 met en avant les mosa\u00efques distinctives du Parc G\u00fcell, un autre h\u00e9ritage du c\u00e9l\u00e8bre architecte. La c\u00e9ramique, d&rsquo;un blanc brillant, offre un fond parfait qui fait ressortir les couleurs intenses et les d\u00e9tails m\u00e9ticuleux des illustrations, transformant ces pi\u00e8ces en un \u00e9l\u00e9ment d\u00e9coratif attrayant id\u00e9al pour n&rsquo;importe quelle table.<\/p>\n<p>Parfaites pour les amateurs de la culture catalane, ces sali\u00e8res ne sont pas seulement fonctionnelles, elles agissent \u00e9galement comme un hommage \u00e0 la riche histoire et \u00e0 l&rsquo;art de Barcelone. Avec un design qui refl\u00e8te la singularit\u00e9 de la ville, chaque sali\u00e8re est un excellent souvenir pour les touristes \u00e0 la recherche de souvenirs authentiques repr\u00e9sentant leurs exp\u00e9riences \u00e0 Barcelone. Chez Ol\u00e9 Mosaic, notre engagement est d&rsquo;offrir des souvenirs en c\u00e9ramique qui incarnent l&rsquo;identit\u00e9 culturelle espagnole. Ces sali\u00e8res sont une option indispensable pour les boutiques de cadeaux touristiques souhaitant pr\u00e9senter des produits authentiques et pertinents. En tant que distributeur de souvenirs en gros, nous garantissons la qualit\u00e9 et l&rsquo;exclusivit\u00e9 de chacun de nos articles.<\/p>\n","protected":false},"excerpt":{"rendered":"<p>Sali\u00e8res en c\u00e9ramique d\u00e9cor\u00e9es d&rsquo;\u00e9l\u00e9ments iconiques de Barcelone. Chaque sali\u00e8re pr\u00e9sente une illustration vibrante qui capture l&rsquo;essence de la ville : sur une face, les tours color\u00e9es de la Sagrada Familia, et sur l&rsquo;autre, les mosa\u00efques distinctives du Park G\u00fcell. La c\u00e9ramique blanche et brillante rehausse les d\u00e9tails aux couleurs intenses, cr\u00e9ant une pi\u00e8ce fonctionnelle et esth\u00e9tique id\u00e9ale pour n&rsquo;importe quelle table. Parfaites pour les amateurs de la culture catalane.<\/p>\n","protected":false},"featured_media":9509,"template":"","meta":{"_acf_changed":false},"product_brand":[],"product_cat":[817],"product_tag":[585],"class_list":{"0":"post-25878","1":"product","2":"type-product","3":"status-publish","4":"has-post-thumbnail","6":"product_cat-salieres","7":"product_tag-ceramique","8":"pa_ciudad-barcelona","9":"pa_pais-espana","11":"first","12":"instock","13":"shipping-taxable","14":"product-type-simple"},"acf":[],"_links":{"self":[{"href":"https:\/\/olemosaic.com\/fr\/wp-json\/wp\/v2\/product\/25878","targetHints":{"allow":["GET"]}}],"collection":[{"href":"https:\/\/olemosaic.com\/fr\/wp-json\/wp\/v2\/product"}],"about":[{"href":"https:\/\/olemosaic.com\/fr\/wp-json\/wp\/v2\/types\/product"}],"wp:featuredmedia":[{"embeddable":true,"href":"https:\/\/olemosaic.com\/fr\/wp-json\/wp\/v2\/media\/9509"}],"wp:attachment":[{"href":"https:\/\/olemosaic.com\/fr\/wp-json\/wp\/v2\/media?parent=25878"}],"wp:term":[{"taxonomy":"product_brand","embeddable":true,"href":"https:\/\/olemosaic.com\/fr\/wp-json\/wp\/v2\/product_brand?post=25878"},{"taxonomy":"product_cat","embeddable":true,"href":"https:\/\/olemosaic.com\/fr\/wp-json\/wp\/v2\/product_cat?post=25878"},{"taxonomy":"product_tag","embeddable":true,"href":"https:\/\/olemosaic.com\/fr\/wp-json\/wp\/v2\/product_tag?post=25878"}],"curies":[{"name":"wp","href":"https:\/\/api.w.org\/{rel}","templated":true}]}}