{"id":25876,"date":"2025-02-20T23:27:57","date_gmt":"2025-02-20T22:27:57","guid":{"rendered":"http:\/\/olemosaic.com\/producto\/plato-de-ceramica-de-10-cm-salamandra-mallorca-beige\/"},"modified":"2025-07-25T20:03:15","modified_gmt":"2025-07-25T18:03:15","slug":"assiette-en-ceramique-de-10-cm-salamandre-majorque-beige","status":"publish","type":"product","link":"https:\/\/olemosaic.com\/fr\/produit\/assiette-en-ceramique-de-10-cm-salamandre-majorque-beige\/","title":{"rendered":"Assiette en c\u00e9ramique de 10 cm. Salamandre. Majorque. Beige."},"content":{"rendered":"<p>Assiette en c\u00e9ramique de salamandres de Majorque<\/p>\n<p>Cette charmante assiette en c\u00e9ramique de 10 cm est un v\u00e9ritable tr\u00e9sor qui capture l&rsquo;essence de Majorque. Elle est id\u00e9ale comme souvenir pour les touristes ou comme pi\u00e8ce d\u00e9corative pour n&rsquo;importe quel coin de la maison. Son design vibrant pr\u00e9sente des salamandres dans des tons verts, jaunes et bleus, harmonieusement int\u00e9gr\u00e9es \u00e0 des illustrations color\u00e9es de fleurs \u00e9voquant la flore m\u00e9diterran\u00e9enne luxuriante. Le bord rouge souligne et encadre les d\u00e9tails d\u00e9coratifs complexes, rehaussant l&rsquo;attrait visuel de l&rsquo;assiette.<\/p>\n<p>Le texte \u00ab MALLORCA \u00bb est ing\u00e9nieusement incorpor\u00e9 dans le design, faisant de cette assiette un souvenir parfait symbolisant la riche biodiversit\u00e9 de l&rsquo;\u00eele. La salamandre, symbole de la faune locale, repr\u00e9sente la connexion avec la nature qui caract\u00e9rise Majorque, ajoutant une touche culturelle qui captive les visiteurs. Chaque assiette est peinte \u00e0 la main, ce qui garantit son unicit\u00e9 et son authenticit\u00e9 en tant que souvenir typique de la r\u00e9gion.<\/p>\n<p>Chez Ol\u00e9 Mosaic, nous nous sp\u00e9cialisons dans la distribution de souvenirs en gros, et cette assiette de salamandres est une excellente option pour les boutiques de cadeaux touristiques qui cherchent \u00e0 offrir des produits repr\u00e9sentatifs et de qualit\u00e9. Elle attirera l&rsquo;attention de ceux qui recherchent une pi\u00e8ce d\u00e9corative et fonctionnelle capturant l&rsquo;esprit m\u00e9diterran\u00e9en et la beaut\u00e9 de Majorque.<\/p>\n","protected":false},"excerpt":{"rendered":"<p>Assiette en c\u00e9ramique de 10 cm avec un design vibrant de salamandres repr\u00e9sentant la faune de Majorque. D\u00e9cor\u00e9e d&rsquo;illustrations color\u00e9es et de fleurs, cette assiette au design artisanal, peinte \u00e0 la main, pr\u00e9sente un bord rouge qui fait ressortir les \u00e9l\u00e9ments d\u00e9coratifs. Au centre, les salamandres aux tons verts, jaunes et bleus s&rsquo;entrelacent avec le texte \u00ab\u00a0MALLORCA\u00a0\u00bb, cr\u00e9ant une pi\u00e8ce unique et attrayante qui \u00e9voque l&rsquo;esprit m\u00e9diterran\u00e9en de l&rsquo;\u00eele. Id\u00e9ale comme souvenir ou pour d\u00e9corer n&rsquo;importe quel coin.<\/p>\n","protected":false},"featured_media":7716,"template":"","meta":{"_acf_changed":false},"product_brand":[],"product_cat":[656],"product_tag":[530,585],"class_list":{"0":"post-25876","1":"product","2":"type-product","3":"status-publish","4":"has-post-thumbnail","6":"product_cat-assiettes-decoratives","7":"product_tag-animaux","8":"product_tag-ceramique","9":"pa_ciudad-mallorca","10":"pa_motivo-salamandres","11":"pa_pais-espana","13":"first","14":"instock","15":"shipping-taxable","16":"product-type-simple"},"acf":[],"_links":{"self":[{"href":"https:\/\/olemosaic.com\/fr\/wp-json\/wp\/v2\/product\/25876","targetHints":{"allow":["GET"]}}],"collection":[{"href":"https:\/\/olemosaic.com\/fr\/wp-json\/wp\/v2\/product"}],"about":[{"href":"https:\/\/olemosaic.com\/fr\/wp-json\/wp\/v2\/types\/product"}],"wp:featuredmedia":[{"embeddable":true,"href":"https:\/\/olemosaic.com\/fr\/wp-json\/wp\/v2\/media\/7716"}],"wp:attachment":[{"href":"https:\/\/olemosaic.com\/fr\/wp-json\/wp\/v2\/media?parent=25876"}],"wp:term":[{"taxonomy":"product_brand","embeddable":true,"href":"https:\/\/olemosaic.com\/fr\/wp-json\/wp\/v2\/product_brand?post=25876"},{"taxonomy":"product_cat","embeddable":true,"href":"https:\/\/olemosaic.com\/fr\/wp-json\/wp\/v2\/product_cat?post=25876"},{"taxonomy":"product_tag","embeddable":true,"href":"https:\/\/olemosaic.com\/fr\/wp-json\/wp\/v2\/product_tag?post=25876"}],"curies":[{"name":"wp","href":"https:\/\/api.w.org\/{rel}","templated":true}]}}