{"id":25875,"date":"2025-02-20T23:27:57","date_gmt":"2025-02-20T22:27:57","guid":{"rendered":"http:\/\/olemosaic.com\/producto\/mug-xl-de-ceramica-santiago-blanco-13-cm\/"},"modified":"2025-07-25T18:43:42","modified_gmt":"2025-07-25T16:43:42","slug":"mug-xl-en-ceramique-saint-jacques-blanc-13-cm","status":"publish","type":"product","link":"https:\/\/olemosaic.com\/fr\/produit\/mug-xl-en-ceramique-saint-jacques-blanc-13-cm\/","title":{"rendered":"Mug XL en c\u00e9ramique. Saint-Jacques. Blanc. 13 cm."},"content":{"rendered":"<p>Mug XL en c\u00e9ramique \u00ab\u00a0Camino de Santiago\u00a0\u00bb<\/p>\n<p>Ce mug XL en c\u00e9ramique est un hommage vibrant \u00e0 l&rsquo;iconique Chemin de Saint-Jacques, l&rsquo;une des routes de p\u00e8lerinage les plus c\u00e9l\u00e8bres au monde. D&rsquo;une hauteur de 13 cm, ce r\u00e9cipient attrayant pr\u00e9sente un fond blanc qui se distingue par ses illustrations color\u00e9es, con\u00e7ues dans un style festif et artistique qui capture l&rsquo;essence du chemin. Sur l&rsquo;un de ses c\u00f4t\u00e9s, la c\u00e9l\u00e8bre cath\u00e9drale de Saint-Jacques appara\u00eet majestueusement, entour\u00e9e d&rsquo;\u00e9l\u00e9ments embl\u00e9matiques tels qu&rsquo;un p\u00e8lerin avec son b\u00e2ton caract\u00e9ristique et son sac \u00e0 dos. Ce design ne c\u00e9l\u00e8bre pas seulement l&rsquo;aventure du p\u00e8lerinage, mais permet \u00e9galement aux utilisateurs de revivre l&rsquo;exp\u00e9rience de leur voyage \u00e0 chaque fois qu&rsquo;ils d\u00e9gustent leur boisson pr\u00e9f\u00e9r\u00e9e.<\/p>\n<p>La partie sup\u00e9rieure du mug est orn\u00e9e d&rsquo;une couleur rouge intense, offrant un contraste vibrant qui fait ressortir encore plus les illustrations. De plus, l&rsquo;anse du mug pr\u00e9sente un design unique qui attirera sans aucun doute l&rsquo;attention et l&rsquo;int\u00e9r\u00eat. Chaque pi\u00e8ce semble peinte \u00e0 la main, ce qui garantit que chaque mug est unique et authentique, ajoutant de la valeur \u00e0 ce souvenir insigne.<\/p>\n<p>Ce mug \u00ab\u00a0Camino de Santiago\u00a0\u00bb n&rsquo;est pas seulement un objet fonctionnel, il devient un symbole du voyage personnel et spirituel que beaucoup entreprennent le long de cette route historique. C&rsquo;est un souvenir id\u00e9al pour ceux qui recherchent un objet repr\u00e9sentant leur exp\u00e9rience en Espagne et leur connexion culturelle avec la r\u00e9gion. Chez Ol\u00e9 Mosaic, en tant que distributeurs de c\u00e9ramique en gros, nous proposons des souvenirs authentiques qui r\u00e9pondent aux attentes des touristes. Ce mug est une excellente option pour les boutiques de cadeaux qui cherchent \u00e0 offrir \u00e0 leurs clients des produits de qualit\u00e9 refl\u00e9tant la riche tradition du Chemin de Saint-Jacques.<\/p>\n","protected":false},"excerpt":{"rendered":"<p>Mug XL en c\u00e9ramique au design vibrant rendant hommage au Chemin de Saint-Jacques. D&rsquo;une hauteur de 13 cm, il pr\u00e9sente un fond blanc orn\u00e9 d&rsquo;illustrations color\u00e9es incluant la c\u00e9l\u00e8bre cath\u00e9drale de Saint-Jacques, un p\u00e8lerin avec son bourdon et des \u00e9l\u00e9ments iconiques du trajet. La partie sup\u00e9rieure se distingue en rouge, tandis que l&rsquo;anse poss\u00e8de un design unique. Cette pi\u00e8ce au design artisanal, peinte \u00e0 la main, capture l&rsquo;essence du chemin, en faisant un souvenir id\u00e9al pour quiconque souhaite se souvenir de son voyage.<\/p>\n","protected":false},"featured_media":9926,"template":"","meta":{"_acf_changed":false},"product_brand":[],"product_cat":[728],"product_tag":[585],"class_list":{"0":"post-25875","1":"product","2":"type-product","3":"status-publish","4":"has-post-thumbnail","6":"product_cat-mugs","7":"product_tag-ceramique","8":"pa_ciudad-santiago-de-compostela","9":"pa_pais-espana","11":"first","12":"instock","13":"shipping-taxable","14":"product-type-simple"},"acf":[],"_links":{"self":[{"href":"https:\/\/olemosaic.com\/fr\/wp-json\/wp\/v2\/product\/25875","targetHints":{"allow":["GET"]}}],"collection":[{"href":"https:\/\/olemosaic.com\/fr\/wp-json\/wp\/v2\/product"}],"about":[{"href":"https:\/\/olemosaic.com\/fr\/wp-json\/wp\/v2\/types\/product"}],"wp:featuredmedia":[{"embeddable":true,"href":"https:\/\/olemosaic.com\/fr\/wp-json\/wp\/v2\/media\/9926"}],"wp:attachment":[{"href":"https:\/\/olemosaic.com\/fr\/wp-json\/wp\/v2\/media?parent=25875"}],"wp:term":[{"taxonomy":"product_brand","embeddable":true,"href":"https:\/\/olemosaic.com\/fr\/wp-json\/wp\/v2\/product_brand?post=25875"},{"taxonomy":"product_cat","embeddable":true,"href":"https:\/\/olemosaic.com\/fr\/wp-json\/wp\/v2\/product_cat?post=25875"},{"taxonomy":"product_tag","embeddable":true,"href":"https:\/\/olemosaic.com\/fr\/wp-json\/wp\/v2\/product_tag?post=25875"}],"curies":[{"name":"wp","href":"https:\/\/api.w.org\/{rel}","templated":true}]}}