{"id":25874,"date":"2025-02-20T23:27:56","date_gmt":"2025-02-20T22:27:56","guid":{"rendered":"http:\/\/olemosaic.com\/producto\/mug-de-ceramica-salamandra-beige\/"},"modified":"2025-07-25T19:00:26","modified_gmt":"2025-07-25T17:00:26","slug":"mug-en-ceramique-salamandre-beige","status":"publish","type":"product","link":"https:\/\/olemosaic.com\/fr\/produit\/mug-en-ceramique-salamandre-beige\/","title":{"rendered":"Mug en c\u00e9ramique. Salamandres et fleurs. Beige."},"content":{"rendered":"<p>Mug en c\u00e9ramique avec motif de salamandres<\/p>\n<p>D\u00e9couvrez notre mug en c\u00e9ramique exclusif au design vibrant de salamandres, id\u00e9al pour ajouter une touche de couleur et de culture \u00e0 vos moments caf\u00e9. Ce mug, avec une \u00e9l\u00e9gante finition beige, se distingue par sa d\u00e9coration captivante, o\u00f9 des salamandres multicolores s&rsquo;entrelacent avec des fleurs \u00e9clatantes, apportant un air artistique et plein de vie. Les salamandres, symboles de transformation et de renouveau dans la culture espagnole, sont d\u00e9licatement illustr\u00e9es dans une palette de couleurs vibrantes comprenant des bleus, des rouges et des verts, faisant de chaque gorg\u00e9e une c\u00e9l\u00e9bration visuelle.<\/p>\n<p>L&rsquo;int\u00e9rieur du mug est d&rsquo;un rouge vif, cr\u00e9ant un contraste saisissant qui rehausse la beaut\u00e9 du design ext\u00e9rieur et offre une exp\u00e9rience sensorielle unique. Il comprend une cuill\u00e8re assortie pratique, ce qui rend le mug non seulement fonctionnel, mais aussi un excellent rappel du riche h\u00e9ritage culturel de l&rsquo;Espagne. Ce souvenir ne capture pas seulement l&rsquo;essence de son origine, mais constitue \u00e9galement une excellente id\u00e9e pour les touristes \u00e0 la recherche de produits authentiques et repr\u00e9sentatifs de leur voyage.<\/p>\n<p>Chez Ol\u00e9 Mosaic, en tant que grossistes de souvenirs, nous garantissons la qualit\u00e9 et l&rsquo;authenticit\u00e9 de chaque pi\u00e8ce. Ce mug en c\u00e9ramique est un choix id\u00e9al pour les boutiques de cadeaux touristiques qui souhaitent offrir \u00e0 leurs clients un produit alliant art, tradition et fonctionnalit\u00e9 en un seul accessoire.<\/p>\n","protected":false},"excerpt":{"rendered":"<p>Mug en c\u00e9ramique avec motif de salamandres, id\u00e9al pour donner une touche de couleur et de culture \u00e0 vos moments caf\u00e9. Sa finition beige souligne les illustrations vibrantes de salamandres multicolores entrelac\u00e9es de fleurs \u00e9clatantes, apportant un air artistique et traditionnel. Avec son int\u00e9rieur rouge vif et sa cuill\u00e8re assortie pratique, ce mug est parfait pour savourer vos boissons pr\u00e9f\u00e9r\u00e9es tout en c\u00e9l\u00e9brant l&rsquo;h\u00e9ritage culturel espagnol.<\/p>\n","protected":false},"featured_media":6893,"template":"","meta":{"_acf_changed":false},"product_brand":[],"product_cat":[728],"product_tag":[530,585],"class_list":{"0":"post-25874","1":"product","2":"type-product","3":"status-publish","4":"has-post-thumbnail","6":"product_cat-mugs","7":"product_tag-animaux","8":"product_tag-ceramique","9":"pa_motivo-salamandres","11":"first","12":"instock","13":"shipping-taxable","14":"product-type-simple"},"acf":[],"_links":{"self":[{"href":"https:\/\/olemosaic.com\/fr\/wp-json\/wp\/v2\/product\/25874","targetHints":{"allow":["GET"]}}],"collection":[{"href":"https:\/\/olemosaic.com\/fr\/wp-json\/wp\/v2\/product"}],"about":[{"href":"https:\/\/olemosaic.com\/fr\/wp-json\/wp\/v2\/types\/product"}],"wp:featuredmedia":[{"embeddable":true,"href":"https:\/\/olemosaic.com\/fr\/wp-json\/wp\/v2\/media\/6893"}],"wp:attachment":[{"href":"https:\/\/olemosaic.com\/fr\/wp-json\/wp\/v2\/media?parent=25874"}],"wp:term":[{"taxonomy":"product_brand","embeddable":true,"href":"https:\/\/olemosaic.com\/fr\/wp-json\/wp\/v2\/product_brand?post=25874"},{"taxonomy":"product_cat","embeddable":true,"href":"https:\/\/olemosaic.com\/fr\/wp-json\/wp\/v2\/product_cat?post=25874"},{"taxonomy":"product_tag","embeddable":true,"href":"https:\/\/olemosaic.com\/fr\/wp-json\/wp\/v2\/product_tag?post=25874"}],"curies":[{"name":"wp","href":"https:\/\/api.w.org\/{rel}","templated":true}]}}