{"id":25873,"date":"2025-02-20T23:27:56","date_gmt":"2025-02-20T22:27:56","guid":{"rendered":"http:\/\/olemosaic.com\/producto\/llavero-de-madera-letra-x-barcelona\/"},"modified":"2025-07-25T19:42:51","modified_gmt":"2025-07-25T17:42:51","slug":"porte-cles-bois-lettre-x-barcelone","status":"publish","type":"product","link":"https:\/\/olemosaic.com\/fr\/produit\/porte-cles-bois-lettre-x-barcelone\/","title":{"rendered":"Porte-cl\u00e9s en bois. Lettre X. Sagrada Familia de Barcelone."},"content":{"rendered":"<p>Porte-cl\u00e9s en bois en forme de lettre \u00ab\u00a0X\u00a0\u00bb &#8211; Barcelone<\/p>\n<p>Ce porte-cl\u00e9s en bois en forme de \u00ab\u00a0X\u00a0\u00bb est un charmant hommage \u00e0 l&rsquo;architecture iconique de Barcelone, se distinguant comme un souvenir authentique qui capture l&rsquo;essence culturelle de la ville. Le design pr\u00e9sente l&#8217;embl\u00e9matique Sagrada Familia, avec ses tours color\u00e9es dans des tons vibrants de rouge, jaune et vert, \u00e9voquant la richesse visuelle du chef-d&rsquo;\u0153uvre d&rsquo;Antoni Gaud\u00ed. Chaque d\u00e9tail est m\u00e9ticuleusement peint \u00e0 la main, garantissant que chaque porte-cl\u00e9s est une pi\u00e8ce unique et originale, parfaite pour ceux qui souhaitent emporter un fragment de Barcelone au quotidien.<\/p>\n<p>Visuellement, le porte-cl\u00e9s n&rsquo;est pas seulement un accessoire pratique, mais aussi une \u0153uvre d&rsquo;art portable qui c\u00e9l\u00e8bre la cr\u00e9ativit\u00e9 architecturale de la ville. La combinaison de couleurs vives et les d\u00e9tails complexes de mosa\u00efque rappellent les fa\u00e7ades barcelonaises, pleines de vie et de caract\u00e8re, offrant un souvenir significatif de la visite de cette m\u00e9tropole vibrante.<\/p>\n<p>Ol\u00e9 Mosaic est fier d&rsquo;\u00eatre un distributeur de souvenirs en gros, et ce porte-cl\u00e9s repr\u00e9sente une excellente id\u00e9e de cadeau pour les touristes \u00e0 la recherche de quelque chose d&rsquo;authentique et de repr\u00e9sentatif de Barcelone. Avec ce porte-cl\u00e9s en bois, les visiteurs ont l&rsquo;opportunit\u00e9 de ch\u00e9rir la culture et le patrimoine de la ville, tandis que les boutiques de cadeaux touristiques trouveront un produit attrayant pour leurs clients. D\u00e9couvrez la magie de Barcelone avec ce charmant porte-cl\u00e9s !<\/p>\n","protected":false},"excerpt":{"rendered":"<p>Porte-cl\u00e9s en bois en forme de lettre \u00ab\u00a0X\u00a0\u00bb, inspir\u00e9 de l&rsquo;architecture embl\u00e9matique de Barcelone. Ce porte-cl\u00e9s frappant reproduit la Sagrada Familia, avec ses tours color\u00e9es dans les tons rouges, jaunes et verts, et des d\u00e9tails de mosa\u00efque qui \u00e9voquent la richesse culturelle de la ville. La technique employ\u00e9e est la peinture \u00e0 la main, ce qui garantit une finition unique et originale. C&rsquo;est un souvenir parfait pour ceux qui veulent emporter un morceau de Barcelone toujours avec eux.<\/p>\n","protected":false},"featured_media":10509,"template":"","meta":{"_acf_changed":false},"product_brand":[],"product_cat":[607],"product_tag":[614],"class_list":{"0":"post-25873","1":"product","2":"type-product","3":"status-publish","4":"has-post-thumbnail","6":"product_cat-porte-cles","7":"product_tag-lettres","8":"pa_ciudad-barcelona","9":"pa_motivo-lettre-x","10":"pa_pais-espana","12":"first","13":"instock","14":"shipping-taxable","15":"product-type-simple"},"acf":[],"_links":{"self":[{"href":"https:\/\/olemosaic.com\/fr\/wp-json\/wp\/v2\/product\/25873","targetHints":{"allow":["GET"]}}],"collection":[{"href":"https:\/\/olemosaic.com\/fr\/wp-json\/wp\/v2\/product"}],"about":[{"href":"https:\/\/olemosaic.com\/fr\/wp-json\/wp\/v2\/types\/product"}],"wp:featuredmedia":[{"embeddable":true,"href":"https:\/\/olemosaic.com\/fr\/wp-json\/wp\/v2\/media\/10509"}],"wp:attachment":[{"href":"https:\/\/olemosaic.com\/fr\/wp-json\/wp\/v2\/media?parent=25873"}],"wp:term":[{"taxonomy":"product_brand","embeddable":true,"href":"https:\/\/olemosaic.com\/fr\/wp-json\/wp\/v2\/product_brand?post=25873"},{"taxonomy":"product_cat","embeddable":true,"href":"https:\/\/olemosaic.com\/fr\/wp-json\/wp\/v2\/product_cat?post=25873"},{"taxonomy":"product_tag","embeddable":true,"href":"https:\/\/olemosaic.com\/fr\/wp-json\/wp\/v2\/product_tag?post=25873"}],"curies":[{"name":"wp","href":"https:\/\/api.w.org\/{rel}","templated":true}]}}