{"id":25872,"date":"2025-02-20T23:27:56","date_gmt":"2025-02-20T22:27:56","guid":{"rendered":"http:\/\/olemosaic.com\/producto\/llavero-de-madera-guitarra\/"},"modified":"2025-07-25T19:41:01","modified_gmt":"2025-07-25T17:41:01","slug":"porte-cles-bois-guitare-danseuse","status":"publish","type":"product","link":"https:\/\/olemosaic.com\/fr\/produit\/porte-cles-bois-guitare-danseuse\/","title":{"rendered":"Porte-cl\u00e9s en bois. Guitare et danseuse de flamenco"},"content":{"rendered":"<p>Porte-cl\u00e9s en bois en forme de guitare flamenca<\/p>\n<p>D\u00e9couvrez le porte-cl\u00e9s en bois en forme de guitare, un v\u00e9ritable symbole du flamenco espagnol, id\u00e9al pour ceux qui souhaitent emporter un morceau d&rsquo;Espagne dans leur quotidien. Ce charmant porte-cl\u00e9s est m\u00e9ticuleusement d\u00e9cor\u00e9 \u00e0 la main, avec un design color\u00e9 qui \u00e9voque l&rsquo;atmosph\u00e8re festive de l&rsquo;Andalousie. Les illustrations vibrantes incluent une danseuse v\u00eatue d&rsquo;une robe rouge embl\u00e9matique \u00e0 pois blancs, entour\u00e9e de fleurs, refl\u00e9tant la passion et la joie de la culture flamenca.<\/p>\n<p>Le porte-cl\u00e9s est une repr\u00e9sentation unique de la guitare, un instrument essentiel de la musique flamenca, et est fabriqu\u00e9 en bois de haute qualit\u00e9, garantissant \u00e0 la fois durabilit\u00e9 et touche artisanale. Les fleurs et la danseuse sont finement d\u00e9taill\u00e9es, offrant un attrait visuel qui allie art et tradition.<\/p>\n<p>Ce porte-cl\u00e9s n&rsquo;est pas seulement un accessoire fonctionnel pour organiser vos cl\u00e9s, mais il sert \u00e9galement de souvenir frappant qui capture l&rsquo;essence du folklore espagnol. Avec son authenticit\u00e9 et sa pertinence culturelle, ce porte-cl\u00e9s de guitare flamenca de \u00ab\u00a0Ol\u00e9 Mosaic\u00a0\u00bb est une excellente option pour les boutiques de cadeaux touristiques cherchant \u00e0 offrir un souvenir repr\u00e9sentatif de l&rsquo;Espagne. Ajoutez ce porte-cl\u00e9s original \u00e0 votre collection de souvenirs flamencos et laissez l&rsquo;esprit de l&rsquo;Andalousie vous accompagner partout.<\/p>\n","protected":false},"excerpt":{"rendered":"<p>Porte-cl\u00e9s en bois en forme de guitare, orn\u00e9 d&rsquo;un design color\u00e9 qui refl\u00e8te l&rsquo;essence du flamenco espagnol. D\u00e9cor\u00e9 de fa\u00e7on artisanale, il pr\u00e9sente des illustrations vibrantes de fleurs et d&rsquo;une danseuse en robe rouge \u00e0 pois, \u00e9voquant l&rsquo;atmosph\u00e8re festive de l&rsquo;Andalousie. Ce porte-cl\u00e9s est id\u00e9al comme souvenir, ajoutant une touche culturelle et artistique \u00e0 vos cl\u00e9s tout en affichant l&rsquo;esprit de l&rsquo;Espagne.<\/p>\n","protected":false},"featured_media":10793,"template":"","meta":{"_acf_changed":false},"product_brand":[],"product_cat":[607],"product_tag":[],"class_list":{"0":"post-25872","1":"product","2":"type-product","3":"status-publish","4":"has-post-thumbnail","6":"product_cat-porte-cles","7":"pa_motivo-guitares","9":"first","10":"instock","11":"shipping-taxable","12":"product-type-simple"},"acf":[],"_links":{"self":[{"href":"https:\/\/olemosaic.com\/fr\/wp-json\/wp\/v2\/product\/25872","targetHints":{"allow":["GET"]}}],"collection":[{"href":"https:\/\/olemosaic.com\/fr\/wp-json\/wp\/v2\/product"}],"about":[{"href":"https:\/\/olemosaic.com\/fr\/wp-json\/wp\/v2\/types\/product"}],"wp:featuredmedia":[{"embeddable":true,"href":"https:\/\/olemosaic.com\/fr\/wp-json\/wp\/v2\/media\/10793"}],"wp:attachment":[{"href":"https:\/\/olemosaic.com\/fr\/wp-json\/wp\/v2\/media?parent=25872"}],"wp:term":[{"taxonomy":"product_brand","embeddable":true,"href":"https:\/\/olemosaic.com\/fr\/wp-json\/wp\/v2\/product_brand?post=25872"},{"taxonomy":"product_cat","embeddable":true,"href":"https:\/\/olemosaic.com\/fr\/wp-json\/wp\/v2\/product_cat?post=25872"},{"taxonomy":"product_tag","embeddable":true,"href":"https:\/\/olemosaic.com\/fr\/wp-json\/wp\/v2\/product_tag?post=25872"}],"curies":[{"name":"wp","href":"https:\/\/api.w.org\/{rel}","templated":true}]}}