{"id":25871,"date":"2025-02-20T23:27:56","date_gmt":"2025-02-20T22:27:56","guid":{"rendered":"http:\/\/olemosaic.com\/producto\/libreta-de-80-hojas-panoramica-madrid\/"},"modified":"2025-07-25T19:22:36","modified_gmt":"2025-07-25T17:22:36","slug":"carnet-80-feuilles-panoramique-madrid","status":"publish","type":"product","link":"https:\/\/olemosaic.com\/fr\/produit\/carnet-80-feuilles-panoramique-madrid\/","title":{"rendered":"Carnet de 80 feuilles. Panoramique. Madrid. Puerta del Sol."},"content":{"rendered":"<p>Carnet panoramique de Madrid<\/p>\n<p>D\u00e9couvrez ce charmant carnet panoramique de Madrid, un souvenir id\u00e9al qui capture l&rsquo;essence de la capitale espagnole. Avec 80 feuilles blanches, ce carnet se distingue par son design color\u00e9 repr\u00e9sentant l&#8217;embl\u00e9matique Puerta del Sol, un point iconique et vibrant de la ville. L&rsquo;art des mosa\u00efques inspire la d\u00e9coration de la couverture, o\u00f9 l&rsquo;on peut voir deux personnages v\u00eatus de costumes traditionnels, \u00e9voquant la riche culture et la tradition madril\u00e8ne. De plus, des \u00e9l\u00e9ments caract\u00e9ristiques de Madrid, comme la c\u00e9l\u00e8bre horloge de la Puerta del Sol, s&rsquo;entrelacent dans un motif attrayant mais simple qui ajoute une touche unique.<\/p>\n<p>La couverture du carnet, fabriqu\u00e9e dans un mat\u00e9riau r\u00e9sistant, est id\u00e9ale pour les voyageurs et dispose d&rsquo;un \u00e9lastique rouge pratique qui lui donne un aspect moderne et fonctionnel. Ce carnet n&rsquo;est pas seulement parfait pour noter vos souvenirs de voyage, vos pens\u00e9es ou vos id\u00e9es, mais il devient aussi un authentique souvenir de Madrid, symbolisant la joie et la diversit\u00e9 de la ville.<\/p>\n<p>Chez Ol\u00e9 Mosaic, nous nous sp\u00e9cialisons dans la distribution de souvenirs en gros, et ce carnet panoramique de Madrid est une excellente option pour les boutiques de cadeaux touristiques qui cherchent \u00e0 offrir des produits authentiques et significatifs. Un souvenir qui permet de ramener chez soi un petit morceau de la riche histoire et culture de Madrid.<\/p>\n","protected":false},"excerpt":{"rendered":"<p>Carnet de 80 feuilles avec une vue panoramique color\u00e9e de Madrid, mettant en avant l&#8217;embl\u00e9matique Puerta del Sol. Son design, inspir\u00e9 de l&rsquo;art de la mosa\u00efque, pr\u00e9sente deux personnages en costumes traditionnels, entour\u00e9s d&rsquo;\u00e9l\u00e9ments iconiques de la ville. La couverture, faite d&rsquo;un mat\u00e9riau r\u00e9sistant avec un \u00e9lastique rouge, apporte une touche moderne et fonctionnelle. Id\u00e9al pour noter des souvenirs de voyage ou des pens\u00e9es, ce carnet est un authentique souvenir de la capitale espagnole.<\/p>\n","protected":false},"featured_media":11640,"template":"","meta":{"_acf_changed":false},"product_brand":[],"product_cat":[806],"product_tag":[],"class_list":{"0":"post-25871","1":"product","2":"type-product","3":"status-publish","4":"has-post-thumbnail","6":"product_cat-carnets","7":"pa_ciudad-madrid","8":"pa_motivo-panoramas","9":"pa_pais-espana","11":"first","12":"instock","13":"shipping-taxable","14":"product-type-simple"},"acf":[],"_links":{"self":[{"href":"https:\/\/olemosaic.com\/fr\/wp-json\/wp\/v2\/product\/25871","targetHints":{"allow":["GET"]}}],"collection":[{"href":"https:\/\/olemosaic.com\/fr\/wp-json\/wp\/v2\/product"}],"about":[{"href":"https:\/\/olemosaic.com\/fr\/wp-json\/wp\/v2\/types\/product"}],"wp:featuredmedia":[{"embeddable":true,"href":"https:\/\/olemosaic.com\/fr\/wp-json\/wp\/v2\/media\/11640"}],"wp:attachment":[{"href":"https:\/\/olemosaic.com\/fr\/wp-json\/wp\/v2\/media?parent=25871"}],"wp:term":[{"taxonomy":"product_brand","embeddable":true,"href":"https:\/\/olemosaic.com\/fr\/wp-json\/wp\/v2\/product_brand?post=25871"},{"taxonomy":"product_cat","embeddable":true,"href":"https:\/\/olemosaic.com\/fr\/wp-json\/wp\/v2\/product_cat?post=25871"},{"taxonomy":"product_tag","embeddable":true,"href":"https:\/\/olemosaic.com\/fr\/wp-json\/wp\/v2\/product_tag?post=25871"}],"curies":[{"name":"wp","href":"https:\/\/api.w.org\/{rel}","templated":true}]}}