{"id":25870,"date":"2025-02-20T22:27:56","date_gmt":"2025-02-20T22:27:56","guid":{"rendered":"http:\/\/olemosaic.com\/producto\/libreta-de-80-hojas-punt-de-trobada\/"},"modified":"2025-07-25T18:37:13","modified_gmt":"2025-07-25T16:37:13","slug":"carnet-80-feuilles-punt-de-trobada","status":"publish","type":"product","link":"https:\/\/olemosaic.com\/fr\/produit\/carnet-80-feuilles-punt-de-trobada\/","title":{"rendered":"Carnet de 80 feuilles. Punt de trobada."},"content":{"rendered":"<p>Ce carnet color\u00e9 de 80 feuilles est un hommage \u00e0 l&rsquo;\u0153uvre du c\u00e9l\u00e8bre architecte Antoni Gaud\u00ed, capturant l&rsquo;essence artistique de Barcelone dans chaque d\u00e9tail. Sa couverture pr\u00e9sente une mosa\u00efque d\u00e9corative vibrante qui inclut des formes et des motifs dans les tons rouges, jaunes, bleus et noirs, \u00e9voquant l&rsquo;esth\u00e9tique singuli\u00e8re de la Sagrada Familia et d&rsquo;autres chefs-d&rsquo;\u0153uvre de Gaud\u00ed. Ce design innovant et plein de vie offre non seulement une connexion visuelle unique avec l&rsquo;architecture catalane, mais repr\u00e9sente \u00e9galement un concept rafra\u00eechissant dans le monde des souvenirs.<\/p>\n<p>La fermeture \u00e9lastique rouge pratique garantit que vos notes et pens\u00e9es restent en s\u00e9curit\u00e9, faisant de ce carnet un choix id\u00e9al pour les touristes et les amoureux de l&rsquo;\u00e9criture. Avec 80 feuilles blanches, il est parfait pour les annotations, les croquis ou les pens\u00e9es cr\u00e9atives. C&rsquo;est un souvenir qui c\u00e9l\u00e8bre la riche culture et l&rsquo;art incomparable de Barcelone, ce qui en fait un cadeau id\u00e9al pour ceux qui souhaitent se souvenir de leur visite dans cette ville vibrante.<\/p>\n<p>Chez Ol\u00e9 Mosaic, nous nous sp\u00e9cialisons dans la distribution de souvenirs authentiques en gros, et ce carnet n&rsquo;est pas seulement un objet pratique, mais un v\u00e9ritable hommage \u00e0 Gaud\u00ed et \u00e0 son h\u00e9ritage artistique. C&rsquo;est une excellente option pour les boutiques de cadeaux touristiques qui souhaitent proposer des produits uniques mettant en valeur la cr\u00e9ativit\u00e9 et l&rsquo;histoire culturelle de l&rsquo;Espagne.<\/p>\n","protected":false},"excerpt":{"rendered":"<p>Carnet de 80 feuilles d\u00e9cor\u00e9 d&rsquo;un design vibrant inspir\u00e9 de l&rsquo;\u0153uvre du c\u00e9l\u00e8bre architecte Antoni Gaud\u00ed. La couverture pr\u00e9sente une mosa\u00efque color\u00e9e, compos\u00e9e de formes et de motifs dans les tons rouges, jaunes, bleus et noirs, qui \u00e9voque l&rsquo;esth\u00e9tique singuli\u00e8re de la Sagrada Familia de Barcelone. Avec une fermeture \u00e9lastique rouge pratique, ce carnet est parfait pour prendre des notes et constitue un beau souvenir de la riche culture et de l&rsquo;art de la ville.<\/p>\n","protected":false},"featured_media":9370,"template":"","meta":{"_acf_changed":false},"product_brand":[],"product_cat":[806],"product_tag":[],"class_list":{"0":"post-25870","1":"product","2":"type-product","3":"status-publish","4":"has-post-thumbnail","6":"product_cat-carnets","7":"pa_motivo-punt-de-trobada","9":"first","10":"instock","11":"shipping-taxable","12":"product-type-simple"},"acf":[],"_links":{"self":[{"href":"https:\/\/olemosaic.com\/fr\/wp-json\/wp\/v2\/product\/25870","targetHints":{"allow":["GET"]}}],"collection":[{"href":"https:\/\/olemosaic.com\/fr\/wp-json\/wp\/v2\/product"}],"about":[{"href":"https:\/\/olemosaic.com\/fr\/wp-json\/wp\/v2\/types\/product"}],"wp:featuredmedia":[{"embeddable":true,"href":"https:\/\/olemosaic.com\/fr\/wp-json\/wp\/v2\/media\/9370"}],"wp:attachment":[{"href":"https:\/\/olemosaic.com\/fr\/wp-json\/wp\/v2\/media?parent=25870"}],"wp:term":[{"taxonomy":"product_brand","embeddable":true,"href":"https:\/\/olemosaic.com\/fr\/wp-json\/wp\/v2\/product_brand?post=25870"},{"taxonomy":"product_cat","embeddable":true,"href":"https:\/\/olemosaic.com\/fr\/wp-json\/wp\/v2\/product_cat?post=25870"},{"taxonomy":"product_tag","embeddable":true,"href":"https:\/\/olemosaic.com\/fr\/wp-json\/wp\/v2\/product_tag?post=25870"}],"curies":[{"name":"wp","href":"https:\/\/api.w.org\/{rel}","templated":true}]}}