{"id":25869,"date":"2025-02-20T23:27:55","date_gmt":"2025-02-20T22:27:55","guid":{"rendered":"http:\/\/olemosaic.com\/producto\/libreta-de-80-hojas-salamandra-gran-canaria\/"},"modified":"2025-07-25T18:37:13","modified_gmt":"2025-07-25T16:37:13","slug":"carnet-80-feuilles-salamandre-grande-canarie","status":"publish","type":"product","link":"https:\/\/olemosaic.com\/fr\/produit\/carnet-80-feuilles-salamandre-grande-canarie\/","title":{"rendered":"Carnet de 80 feuilles. Salamandre. Grande Canarie. Mosa\u00efque de fleurs."},"content":{"rendered":"<p>Carnet Salamandre Grande Canarie<\/p>\n<p>D\u00e9couvrez ce carnet vibrant de 80 feuilles, orn\u00e9 d&rsquo;un motif de mosa\u00efque captivant qui refl\u00e8te la riche faune de la Grande Canarie. La couverture pr\u00e9sente une \u00e9blouissante salamandre dans les tons verts et bleus, rehauss\u00e9e par des d\u00e9tails complexes en rouge qui lui donnent une touche dynamique et originale. Ce design visuel est compl\u00e9t\u00e9 par un fond d\u00e9cor\u00e9 de fleurs aux tons vifs de rouge, bleu et jaune, \u00e9voquant la beaut\u00e9 et la biodiversit\u00e9 des \u00eeles Canaries, o\u00f9 chaque \u00e9l\u00e9ment rend hommage \u00e0 son environnement naturel.<\/p>\n<p>La fermeture \u00e9lastique rouge, en plus d&rsquo;\u00eatre fonctionnelle et d&rsquo;assurer la protection de vos notes et souvenirs, s&rsquo;int\u00e8gre parfaitement \u00e0 l&rsquo;esth\u00e9tique vibrante du carnet. Ce souvenir n&rsquo;est pas seulement un accessoire pratique pour vos notes ou pens\u00e9es, mais aussi un rappel artistique de la culture canarienne et de sa diversit\u00e9 biologique.<\/p>\n<p>Chez Ol\u00e9 Mosaic, en tant qu&rsquo;experts de la distribution de souvenirs en gros, nous proposons des produits qui capturent l&rsquo;essence de leurs lieux d&rsquo;origine. Ce carnet salamandre est le cadeau id\u00e9al pour les touristes \u00e0 la recherche d&rsquo;un souvenir authentique et significatif de la Grande Canarie. Parfait pour les boutiques de cadeaux touristiques, son design attrayant et sa riche connexion culturelle en font une option unique qui ravira ceux qui appr\u00e9cient la beaut\u00e9 et la singularit\u00e9 de leur voyage.<\/p>\n","protected":false},"excerpt":{"rendered":"<p>Carnet de 80 feuilles avec un design vibrant de salamandre, inspir\u00e9 de la faune de la Grande Canarie. La couverture pr\u00e9sente un motif de mosa\u00efque color\u00e9 avec des fleurs dans les tons rouges, bleus et jaunes, compl\u00e9t\u00e9 par la salamandre, dans les tons verts et bleus avec des d\u00e9tails rouges. Sa fermeture \u00e9lastique rouge garantit la s\u00e9curit\u00e9 de vos notes, tandis que son style artistique et distinctif en fait un souvenir parfait pour se souvenir de la beaut\u00e9 canarienne.<\/p>\n","protected":false},"featured_media":12011,"template":"","meta":{"_acf_changed":false},"product_brand":[],"product_cat":[806],"product_tag":[530],"class_list":{"0":"post-25869","1":"product","2":"type-product","3":"status-publish","4":"has-post-thumbnail","6":"product_cat-carnets","7":"product_tag-animaux","8":"pa_ciudad-gran-canaria","9":"pa_motivo-salamandres","10":"pa_pais-espana","12":"first","13":"instock","14":"shipping-taxable","15":"product-type-simple"},"acf":[],"_links":{"self":[{"href":"https:\/\/olemosaic.com\/fr\/wp-json\/wp\/v2\/product\/25869","targetHints":{"allow":["GET"]}}],"collection":[{"href":"https:\/\/olemosaic.com\/fr\/wp-json\/wp\/v2\/product"}],"about":[{"href":"https:\/\/olemosaic.com\/fr\/wp-json\/wp\/v2\/types\/product"}],"wp:featuredmedia":[{"embeddable":true,"href":"https:\/\/olemosaic.com\/fr\/wp-json\/wp\/v2\/media\/12011"}],"wp:attachment":[{"href":"https:\/\/olemosaic.com\/fr\/wp-json\/wp\/v2\/media?parent=25869"}],"wp:term":[{"taxonomy":"product_brand","embeddable":true,"href":"https:\/\/olemosaic.com\/fr\/wp-json\/wp\/v2\/product_brand?post=25869"},{"taxonomy":"product_cat","embeddable":true,"href":"https:\/\/olemosaic.com\/fr\/wp-json\/wp\/v2\/product_cat?post=25869"},{"taxonomy":"product_tag","embeddable":true,"href":"https:\/\/olemosaic.com\/fr\/wp-json\/wp\/v2\/product_tag?post=25869"}],"curies":[{"name":"wp","href":"https:\/\/api.w.org\/{rel}","templated":true}]}}