{"id":25868,"date":"2025-02-20T23:27:55","date_gmt":"2025-02-20T22:27:55","guid":{"rendered":"http:\/\/olemosaic.com\/producto\/lata-inox-de-500-ml-patio\/"},"modified":"2025-07-25T18:38:07","modified_gmt":"2025-07-25T16:38:07","slug":"canette-en-inox-de-500-ml-patio","status":"publish","type":"product","link":"https:\/\/olemosaic.com\/fr\/produit\/canette-en-inox-de-500-ml-patio\/","title":{"rendered":"Canette en inox de 500 ml. Patio."},"content":{"rendered":"<p>Canette en acier inoxydable d\u00e9cor\u00e9e d&rsquo;un design andalou vibrant<\/p>\n<p>D\u00e9couvrez l&rsquo;essence de l&rsquo;Andalousie avec cette spectaculaire canette en acier inoxydable de 500 ml, con\u00e7ue pour capturer l&rsquo;esprit festif des patios andalous. Ce souvenir unique, id\u00e9al pour garder vos boissons au frais, pr\u00e9sente un design vibrant avec des illustrations \u00e0 effet peint \u00e0 la main : une danseuse de flamenco avec une spectaculaire robe \u00e0 volants rouge, accompagn\u00e9e d&rsquo;un danseur en costume traditionnel. Le fond de la canette est orn\u00e9 de mosa\u00efques blanches et de fleurs rouges color\u00e9es, cr\u00e9ant une atmosph\u00e8re joyeuse et festive qui nous transporte dans les charmants patios espagnols.<\/p>\n<p>Chaque d\u00e9tail de ce design refl\u00e8te le riche h\u00e9ritage culturel de l&rsquo;Andalousie, o\u00f9 le flamenco et la tradition s&rsquo;entrelacent, offrant un rappel de la joie de vivre dans cette r\u00e9gion. La canette n&rsquo;est pas seulement un objet fonctionnel, mais aussi un souvenir de grande importance, parfait pour ceux qui souhaitent emporter un petit morceau de la culture andalouse chez eux. Chez Ol\u00e9 Mosaic, nous sommes fiers de proposer ce type de souvenirs authentiques, id\u00e9aux pour les boutiques de cadeaux touristiques qui souhaitent offrir \u00e0 leurs clients des produits repr\u00e9sentatifs de la tradition espagnole. Cet article est une excellente option pour ceux qui recherchent des souvenirs de haute qualit\u00e9 c\u00e9l\u00e9brant le meilleur de l&rsquo;Andalousie.<\/p>\n","protected":false},"excerpt":{"rendered":"<p>Canette en acier inoxydable de 500 ml d\u00e9cor\u00e9e d&rsquo;un design vibrant \u00e9voquant un charmant patio andalou. Elle pr\u00e9sente des illustrations \u00e0 effet peint \u00e0 la main d&rsquo;une danseuse avec une robe \u00e0 volants rouge, aux c\u00f4t\u00e9s d&rsquo;un danseur v\u00eatu de costumes traditionnels. Le fond est orn\u00e9 de mosa\u00efques blanches et de fleurs rouges, cr\u00e9ant une atmosph\u00e8re festive. Id\u00e9ale pour garder vos boissons au frais tout en profitant de l&rsquo;esprit du folklore espagnol.<\/p>\n","protected":false},"featured_media":12796,"template":"","meta":{"_acf_changed":false},"product_brand":[],"product_cat":[796],"product_tag":[],"class_list":{"0":"post-25868","1":"product","2":"type-product","3":"status-publish","4":"has-post-thumbnail","6":"product_cat-boites-en-metal","7":"pa_motivo-cours-interieures","9":"first","10":"instock","11":"shipping-taxable","12":"product-type-simple"},"acf":[],"_links":{"self":[{"href":"https:\/\/olemosaic.com\/fr\/wp-json\/wp\/v2\/product\/25868","targetHints":{"allow":["GET"]}}],"collection":[{"href":"https:\/\/olemosaic.com\/fr\/wp-json\/wp\/v2\/product"}],"about":[{"href":"https:\/\/olemosaic.com\/fr\/wp-json\/wp\/v2\/types\/product"}],"wp:featuredmedia":[{"embeddable":true,"href":"https:\/\/olemosaic.com\/fr\/wp-json\/wp\/v2\/media\/12796"}],"wp:attachment":[{"href":"https:\/\/olemosaic.com\/fr\/wp-json\/wp\/v2\/media?parent=25868"}],"wp:term":[{"taxonomy":"product_brand","embeddable":true,"href":"https:\/\/olemosaic.com\/fr\/wp-json\/wp\/v2\/product_brand?post=25868"},{"taxonomy":"product_cat","embeddable":true,"href":"https:\/\/olemosaic.com\/fr\/wp-json\/wp\/v2\/product_cat?post=25868"},{"taxonomy":"product_tag","embeddable":true,"href":"https:\/\/olemosaic.com\/fr\/wp-json\/wp\/v2\/product_tag?post=25868"}],"curies":[{"name":"wp","href":"https:\/\/api.w.org\/{rel}","templated":true}]}}