{"id":25867,"date":"2025-02-20T23:27:55","date_gmt":"2025-02-20T22:27:55","guid":{"rendered":"http:\/\/olemosaic.com\/producto\/iman-de-metal-panoramica-barcelona-8-cm\/"},"modified":"2025-07-25T18:48:17","modified_gmt":"2025-07-25T16:48:17","slug":"aimant-en-metal-panoramique-barcelone-8-cm","status":"publish","type":"product","link":"https:\/\/olemosaic.com\/fr\/produit\/aimant-en-metal-panoramique-barcelone-8-cm\/","title":{"rendered":"Aimant en m\u00e9tal. Panoramique. Barcelone. Drac Parc G\u00fcell. 8 cm."},"content":{"rendered":"<p>Aimant d\u00e9coratif de Barcelone<\/p>\n<p>Cet aimant m\u00e9tallique, au design panoramique de 8 cm, est une pi\u00e8ce incontournable pour les amoureux de Barcelone, car il capture l&rsquo;essence vibrante de la ville. Dans une illustration frappante de style mosa\u00efque, deux des ic\u00f4nes les plus repr\u00e9sentatives de la capitale catalane se distinguent : la majestueuse Sagrada Familia et le c\u00e9l\u00e8bre dragon du Park G\u00fcell, tous deux reconnaissables \u00e0 leurs formes uniques et leurs couleurs \u00e9clatantes. Le fond bleu fait ressortir les reliefs artistiques \u00e9voquant le modernisme et le g\u00e9nie de Gaud\u00ed, tandis que le mot \u00ab\u00a0Barcelone\u00a0\u00bb appara\u00eet en lettres blanches stylis\u00e9es, offrant un contraste attrayant et percutant.<\/p>\n<p>L&rsquo;utilisation de teintes brillantes et les d\u00e9tails complexes font de cet aimant non seulement un accessoire d\u00e9coratif, mais aussi un souvenir refl\u00e9tant la richesse culturelle et artistique de la ville. Ce souvenir est id\u00e9al pour les touristes \u00e0 la recherche d&rsquo;une mani\u00e8re authentique d&#8217;emporter un morceau de Barcelone, se rem\u00e9morant les moments v\u00e9cus dans sa splendeur architecturale et paysag\u00e8re. Chez Ol\u00e9 Mosaic, nous sommes experts dans la distribution de souvenirs de qualit\u00e9 en gros, et cet aimant de Barcelone est une excellente option pour les boutiques de cadeaux touristiques souhaitant proposer des produits c\u00e9l\u00e9brant l&rsquo;h\u00e9ritage culturel de la r\u00e9gion. Avec cet aimant, la magie de Barcelone peut toujours \u00eatre pr\u00e9sente dans la maison.<\/p>\n","protected":false},"excerpt":{"rendered":"<p>Aimant m\u00e9tallique de 8 cm au design panoramique capturant l&rsquo;essence de Barcelone. Cet aimant color\u00e9 pr\u00e9sente une illustration vibrante de la Sagrada Familia et du c\u00e9l\u00e8bre dragon du Parc G\u00fcell, avec un style mosa\u00efque qui se distingue par ses teintes brillantes et ses d\u00e9tails artistiques. Avec le mot \u00ab\u00a0Barcelone\u00a0\u00bb en lettres blanches sur fond bleu, c&rsquo;est un souvenir id\u00e9al pour se souvenir de l&rsquo;architecture moderniste de la ville.<\/p>\n","protected":false},"featured_media":11427,"template":"","meta":{"_acf_changed":false},"product_brand":[],"product_cat":[697],"product_tag":[],"class_list":{"0":"post-25867","1":"product","2":"type-product","3":"status-publish","4":"has-post-thumbnail","6":"product_cat-aimants","7":"pa_ciudad-barcelona","8":"pa_motivo-panoramas","9":"pa_pais-espana","11":"first","12":"instock","13":"shipping-taxable","14":"product-type-simple"},"acf":[],"_links":{"self":[{"href":"https:\/\/olemosaic.com\/fr\/wp-json\/wp\/v2\/product\/25867","targetHints":{"allow":["GET"]}}],"collection":[{"href":"https:\/\/olemosaic.com\/fr\/wp-json\/wp\/v2\/product"}],"about":[{"href":"https:\/\/olemosaic.com\/fr\/wp-json\/wp\/v2\/types\/product"}],"wp:featuredmedia":[{"embeddable":true,"href":"https:\/\/olemosaic.com\/fr\/wp-json\/wp\/v2\/media\/11427"}],"wp:attachment":[{"href":"https:\/\/olemosaic.com\/fr\/wp-json\/wp\/v2\/media?parent=25867"}],"wp:term":[{"taxonomy":"product_brand","embeddable":true,"href":"https:\/\/olemosaic.com\/fr\/wp-json\/wp\/v2\/product_brand?post=25867"},{"taxonomy":"product_cat","embeddable":true,"href":"https:\/\/olemosaic.com\/fr\/wp-json\/wp\/v2\/product_cat?post=25867"},{"taxonomy":"product_tag","embeddable":true,"href":"https:\/\/olemosaic.com\/fr\/wp-json\/wp\/v2\/product_tag?post=25867"}],"curies":[{"name":"wp","href":"https:\/\/api.w.org\/{rel}","templated":true}]}}