{"id":25866,"date":"2025-02-20T23:27:55","date_gmt":"2025-02-20T22:27:55","guid":{"rendered":"http:\/\/olemosaic.com\/producto\/iman-de-metal-salamandra-tenerife-plata-8-cm\/"},"modified":"2025-07-25T18:55:04","modified_gmt":"2025-07-25T16:55:04","slug":"aimant-en-metal-salamandre-tenerife-argent-8-cm","status":"publish","type":"product","link":"https:\/\/olemosaic.com\/fr\/produit\/aimant-en-metal-salamandre-tenerife-argent-8-cm\/","title":{"rendered":"Aimant en m\u00e9tal. Salamandre. \u00cele de Tenerife. Argent. 8 cm."},"content":{"rendered":"<p>Aimant m\u00e9tallique salamandre de Tenerife<\/p>\n<p>Cet aimant m\u00e9tallique se distingue par son design vibrant et color\u00e9, \u00e9voquant la riche biodiversit\u00e9 de Tenerife. D&rsquo;une dimension de 8 cm, il pr\u00e9sente une illustration en mosa\u00efque d&rsquo;une salamandre, soigneusement con\u00e7ue avec une palette de bleus, verts, rouges et jaunes repr\u00e9sentant la beaut\u00e9 naturelle de l&rsquo;\u00eele. Le fond blanc pr\u00e9sente une texture \u00e9l\u00e9gante qui fait ressortir l&rsquo;illustration centrale, lui donnant une touche moderne et fra\u00eeche. Dans la partie sup\u00e9rieure, le texte \u00ab\u00a0TENERIFE\u00a0\u00bb appara\u00eet en lettres frappantes, captant instantan\u00e9ment l&rsquo;attention.<\/p>\n<p>La salamandre est un symbole embl\u00e9matique des \u00eeles Canaries, refl\u00e9tant le lien culturel et le folklore de la r\u00e9gion, ce qui fait de cet aimant un souvenir authentique et repr\u00e9sentatif de l&rsquo;\u00eele. Id\u00e9al comme souvenir, ce produit sert non seulement \u00e0 d\u00e9corer n&rsquo;importe quelle surface m\u00e9tallique, mais aussi \u00e0 rappeler aux visiteurs la chaleur et la beaut\u00e9 de Tenerife.<\/p>\n<p>Chez Ol\u00e9 Mosaic, nous nous sp\u00e9cialisons dans la distribution de souvenirs en gros, et cet aimant salamandre est une excellente option pour les boutiques de cadeaux touristiques cherchant \u00e0 offrir des produits uniques et culturellement significatifs. Parfait pour ceux qui souhaitent ramener un morceau de Tenerife chez eux, cet aimant est un gage de qualit\u00e9 et d&rsquo;authenticit\u00e9 dans chaque d\u00e9tail.<\/p>\n","protected":false},"excerpt":{"rendered":"<p>Aimant m\u00e9tallique au design vibrant de salamandre, inspir\u00e9 du folklore color\u00e9 de Tenerife. D&rsquo;une dimension de 8 cm, il pr\u00e9sente une illustration en mosa\u00efque aux tons bleus, verts, rouges et jaunes, \u00e9voquant la riche biodiversit\u00e9 de l&rsquo;\u00eele. Dans la partie sup\u00e9rieure, le texte \u00ab\u00a0TENERIFE\u00a0\u00bb se d\u00e9tache en lettres frappantes. La base blanche textur\u00e9e ajoute une touche moderne, en faisant un souvenir attrayant qui capture l&rsquo;essence des Canaries.<\/p>\n","protected":false},"featured_media":12873,"template":"","meta":{"_acf_changed":false},"product_brand":[],"product_cat":[697],"product_tag":[530],"class_list":{"0":"post-25866","1":"product","2":"type-product","3":"status-publish","4":"has-post-thumbnail","6":"product_cat-aimants","7":"product_tag-animaux","8":"pa_ciudad-tenerife","9":"pa_motivo-salamandres","10":"pa_pais-espana","12":"first","13":"instock","14":"shipping-taxable","15":"product-type-simple"},"acf":[],"_links":{"self":[{"href":"https:\/\/olemosaic.com\/fr\/wp-json\/wp\/v2\/product\/25866","targetHints":{"allow":["GET"]}}],"collection":[{"href":"https:\/\/olemosaic.com\/fr\/wp-json\/wp\/v2\/product"}],"about":[{"href":"https:\/\/olemosaic.com\/fr\/wp-json\/wp\/v2\/types\/product"}],"wp:featuredmedia":[{"embeddable":true,"href":"https:\/\/olemosaic.com\/fr\/wp-json\/wp\/v2\/media\/12873"}],"wp:attachment":[{"href":"https:\/\/olemosaic.com\/fr\/wp-json\/wp\/v2\/media?parent=25866"}],"wp:term":[{"taxonomy":"product_brand","embeddable":true,"href":"https:\/\/olemosaic.com\/fr\/wp-json\/wp\/v2\/product_brand?post=25866"},{"taxonomy":"product_cat","embeddable":true,"href":"https:\/\/olemosaic.com\/fr\/wp-json\/wp\/v2\/product_cat?post=25866"},{"taxonomy":"product_tag","embeddable":true,"href":"https:\/\/olemosaic.com\/fr\/wp-json\/wp\/v2\/product_tag?post=25866"}],"curies":[{"name":"wp","href":"https:\/\/api.w.org\/{rel}","templated":true}]}}