{"id":25865,"date":"2025-02-20T23:27:55","date_gmt":"2025-02-20T22:27:55","guid":{"rendered":"http:\/\/olemosaic.com\/producto\/iman-de-metal-mariposa-plata-8-cm\/"},"modified":"2025-07-25T18:38:53","modified_gmt":"2025-07-25T16:38:53","slug":"aimant-en-metal-papillon-argent-8-cm","status":"publish","type":"product","link":"https:\/\/olemosaic.com\/fr\/produit\/aimant-en-metal-papillon-argent-8-cm\/","title":{"rendered":"Aimant en m\u00e9tal. Papillon. Argent. 8 cm."},"content":{"rendered":"<p>Aimant m\u00e9tallique avec papillons color\u00e9s<\/p>\n<p>Cet aimant m\u00e9tallique de 8 cm est un charmant souvenir qui refl\u00e8te la riche culture visuelle de l&rsquo;Espagne. Orn\u00e9 de papillons color\u00e9s sur un fond de style mosa\u00efque, ce produit attrayant se distingue par son design vibrant et peint \u00e0 la main. Les papillons, dans diverses nuances de bleu, jaune et rose, donnent vie \u00e0 la pi\u00e8ce, accompagn\u00e9s de fleurs qui apportent une touche suppl\u00e9mentaire de joie et de beaut\u00e9. Le contraste des couleurs vives sur la base blanche souligne non seulement le savoir-faire artisanal, mais \u00e9voque \u00e9galement la luminosit\u00e9 des paysages et de l&rsquo;art espagnols.<\/p>\n<p>Cet aimant n&rsquo;est pas seulement un souvenir fonctionnel, mais aussi une petite \u0153uvre d&rsquo;art qui encapsule l&rsquo;essence de la cr\u00e9ativit\u00e9 et de la passion pour la nature, si pr\u00e9sentes dans la culture ib\u00e9rique. Les papillons, symboles de transformation et de beaut\u00e9, sont une repr\u00e9sentation parfaite de la flore et de la faune qui ornent les terres espagnoles. En tant qu&rsquo;excellent souvenir pour les touristes et ajout attrayant pour les boutiques de cadeaux, cet aimant est une fa\u00e7on fantastique d&#8217;emporter un petit morceau d&rsquo;Espagne chez soi.<\/p>\n<p>Chez Ol\u00e9 Mosaic, nous sommes distributeurs de souvenirs en gros et cet aimant m\u00e9tallique est une option id\u00e9ale pour ceux qui recherchent des produits authentiques et de qualit\u00e9. Parfait pour ceux qui souhaitent offrir des souvenirs uniques mettant en valeur le meilleur de la tradition artistique espagnole, cet aimant est un choix de premier ordre pour toute entreprise li\u00e9e au tourisme.<\/p>\n","protected":false},"excerpt":{"rendered":"<p>Aimant m\u00e9tallique de 8 cm orn\u00e9 de papillons color\u00e9s sur un fond de style mosa\u00efque. Ce souvenir attrayant se distingue par son design vibrant et artisanal, peint \u00e0 la main, pr\u00e9sentant des papillons dans diff\u00e9rents tons de bleu, jaune et rose, accompagn\u00e9s de fleurs. Le contraste des couleurs vives sur la base blanche lui donne une touche joyeuse et artistique, en faisant un souvenir id\u00e9al pour emporter un petit morceau de la beaut\u00e9 de l&rsquo;Espagne.<\/p>\n","protected":false},"featured_media":11445,"template":"","meta":{"_acf_changed":false},"product_brand":[],"product_cat":[697],"product_tag":[530],"class_list":{"0":"post-25865","1":"product","2":"type-product","3":"status-publish","4":"has-post-thumbnail","6":"product_cat-aimants","7":"product_tag-animaux","8":"pa_motivo-papillons","10":"first","11":"instock","12":"shipping-taxable","13":"product-type-simple"},"acf":[],"_links":{"self":[{"href":"https:\/\/olemosaic.com\/fr\/wp-json\/wp\/v2\/product\/25865","targetHints":{"allow":["GET"]}}],"collection":[{"href":"https:\/\/olemosaic.com\/fr\/wp-json\/wp\/v2\/product"}],"about":[{"href":"https:\/\/olemosaic.com\/fr\/wp-json\/wp\/v2\/types\/product"}],"wp:featuredmedia":[{"embeddable":true,"href":"https:\/\/olemosaic.com\/fr\/wp-json\/wp\/v2\/media\/11445"}],"wp:attachment":[{"href":"https:\/\/olemosaic.com\/fr\/wp-json\/wp\/v2\/media?parent=25865"}],"wp:term":[{"taxonomy":"product_brand","embeddable":true,"href":"https:\/\/olemosaic.com\/fr\/wp-json\/wp\/v2\/product_brand?post=25865"},{"taxonomy":"product_cat","embeddable":true,"href":"https:\/\/olemosaic.com\/fr\/wp-json\/wp\/v2\/product_cat?post=25865"},{"taxonomy":"product_tag","embeddable":true,"href":"https:\/\/olemosaic.com\/fr\/wp-json\/wp\/v2\/product_tag?post=25865"}],"curies":[{"name":"wp","href":"https:\/\/api.w.org\/{rel}","templated":true}]}}