{"id":25821,"date":"2025-02-20T23:27:55","date_gmt":"2025-02-20T22:27:55","guid":{"rendered":"http:\/\/olemosaic.com\/producto\/funda-de-telefono-para-samsung-a14-tpu-panoramica-barcelona-azul\/"},"modified":"2025-07-25T18:39:44","modified_gmt":"2025-07-25T16:39:44","slug":"coque-de-telephone-pour-samsung-a14-tpu-panoramique-barcelone-bleu","status":"publish","type":"product","link":"https:\/\/olemosaic.com\/fr\/produit\/coque-de-telephone-pour-samsung-a14-tpu-panoramique-barcelone-bleu\/","title":{"rendered":"Coque de t\u00e9l\u00e9phone pour Samsung A14 (TPU). Panoramique. Skyline de Barcelone. Bleu"},"content":{"rendered":"<p>Coque pour Samsung A14 avec vue panoramique de Barcelone<\/p>\n<p>D\u00e9couvrez l&rsquo;essence vibrante de Barcelone \u00e0 travers cette coque exclusive pour Samsung A14, fabriqu\u00e9e en TPU de haute qualit\u00e9. Ce design unique pr\u00e9sente une vue panoramique color\u00e9e de l&rsquo;iconique Sagrada Familia, entour\u00e9e de l&#8217;embl\u00e9matique horizon de la ville, avec une palette de tons bleus, oranges et jaunes qui \u00e9voquent la chaleur et la joie de la M\u00e9diterran\u00e9e. La Sagrada Familia, chef-d&rsquo;\u0153uvre d&rsquo;Antoni Gaud\u00ed, se dresse majestueusement au centre, repr\u00e9sentant le riche h\u00e9ritage architectural de Barcelone, tandis que le ciel bleu et le soleil radieux ajoutent une touche vibrante.<\/p>\n<p>Cette coque garantit non seulement une durabilit\u00e9 exceptionnelle, prot\u00e9geant votre appareil contre les chocs et les chutes, mais constitue \u00e9galement un charmant souvenir qui capture l&rsquo;essence de l&rsquo;une des villes les plus visit\u00e9es d&rsquo;Espagne. Id\u00e9ale pour les touristes \u00e0 la recherche d&rsquo;un souvenir authentique et fonctionnel, cet article souligne la connexion culturelle avec Barcelone, refl\u00e9tant son art et son paysage urbain. Chez Ol\u00e9 Mosaic, en tant que grossistes de souvenirs, nous proposons des produits qui c\u00e9l\u00e8brent la culture et le patrimoine local, et cette coque est une option parfaite pour les boutiques de cadeaux touristiques souhaitant offrir des articles uniques et repr\u00e9sentatifs de Barcelone.<\/p>\n","protected":false},"excerpt":{"rendered":"<p>Coque de t\u00e9l\u00e9phone pour Samsung A14 en TPU avec une vue panoramique vibrante de Barcelone. Ce design color\u00e9 pr\u00e9sente l&rsquo;iconique Sagrada Familia et l&#8217;embl\u00e9matique skyline de la ville, se distinguant par des tons bleus et des d\u00e9tails aux couleurs chaudes comme l&rsquo;orange et le jaune. Id\u00e9ale pour prot\u00e9ger votre appareil avec style, cette coque offre non seulement de la durabilit\u00e9, mais capture \u00e9galement l&rsquo;essence et l&rsquo;architecture unique de Barcelone, en faisant un souvenir parfait de la ville.<\/p>\n","protected":false},"featured_media":12546,"template":"","meta":{"_acf_changed":false},"product_brand":[],"product_cat":[674],"product_tag":[],"class_list":{"0":"post-25821","1":"product","2":"type-product","3":"status-publish","4":"has-post-thumbnail","6":"product_cat-etuis-pour-telephones-portables","7":"pa_ciudad-barcelona","8":"pa_motivo-panoramas","9":"pa_pais-espana","11":"first","12":"instock","13":"shipping-taxable","14":"product-type-simple"},"acf":[],"_links":{"self":[{"href":"https:\/\/olemosaic.com\/fr\/wp-json\/wp\/v2\/product\/25821","targetHints":{"allow":["GET"]}}],"collection":[{"href":"https:\/\/olemosaic.com\/fr\/wp-json\/wp\/v2\/product"}],"about":[{"href":"https:\/\/olemosaic.com\/fr\/wp-json\/wp\/v2\/types\/product"}],"wp:featuredmedia":[{"embeddable":true,"href":"https:\/\/olemosaic.com\/fr\/wp-json\/wp\/v2\/media\/12546"}],"wp:attachment":[{"href":"https:\/\/olemosaic.com\/fr\/wp-json\/wp\/v2\/media?parent=25821"}],"wp:term":[{"taxonomy":"product_brand","embeddable":true,"href":"https:\/\/olemosaic.com\/fr\/wp-json\/wp\/v2\/product_brand?post=25821"},{"taxonomy":"product_cat","embeddable":true,"href":"https:\/\/olemosaic.com\/fr\/wp-json\/wp\/v2\/product_cat?post=25821"},{"taxonomy":"product_tag","embeddable":true,"href":"https:\/\/olemosaic.com\/fr\/wp-json\/wp\/v2\/product_tag?post=25821"}],"curies":[{"name":"wp","href":"https:\/\/api.w.org\/{rel}","templated":true}]}}