{"id":25820,"date":"2025-02-20T23:27:54","date_gmt":"2025-02-20T22:27:54","guid":{"rendered":"http:\/\/olemosaic.com\/producto\/funda-de-telefono-para-samsung-a12-tpu-panoramica-barcelona-azul\/"},"modified":"2025-07-25T18:47:59","modified_gmt":"2025-07-25T16:47:59","slug":"coque-de-telephone-pour-samsung-a12-tpu-panoramique-barcelone-bleu","status":"publish","type":"product","link":"https:\/\/olemosaic.com\/fr\/produit\/coque-de-telephone-pour-samsung-a12-tpu-panoramique-barcelone-bleu\/","title":{"rendered":"Coque de t\u00e9l\u00e9phone pour Samsung A12 (TPU). Panoramique de Barcelone avec palmiers. Bleu"},"content":{"rendered":"<p>Coque pour Samsung A12 avec vue panoramique de Barcelone<\/p>\n<p>Cette coque pour Samsung A12 est le souvenir parfait pour capturer l&rsquo;essence vibrante de Barcelone. Fabriqu\u00e9e en TPU, cet accessoire combine une protection durable avec un design attrayant qui met en valeur l&#8217;embl\u00e9matique Sagrada Familia, l&rsquo;un des monuments les plus iconiques de la ville. L&rsquo;illustration color\u00e9e s&rsquo;\u00e9tend sur une vue panoramique qui inclut des palmiers et un ciel bleu d\u00e9gag\u00e9 avec un soleil radieux, \u00e9voquant les journ\u00e9es ensoleill\u00e9es qui caract\u00e9risent la c\u00f4te m\u00e9diterran\u00e9enne.<\/p>\n<p>Les d\u00e9tails artistiques pr\u00e9sentent non seulement l&rsquo;architecture moderniste majestueuse de Gaud\u00ed, mais aussi des \u00e9l\u00e9ments maritimes et d&rsquo;autres b\u00e2timents embl\u00e9matiques, le tout dans des tons brillants qui attirent le regard et donnent vie \u00e0 la coque. Ce produit n&rsquo;offre pas seulement une s\u00e9curit\u00e9 pour votre appareil, mais agit \u00e9galement comme un souvenir culturel qui synth\u00e9tise la vie vibrante et le patrimoine de Barcelone, faisant de chaque utilisation un voyage visuel dans cette ville merveilleuse. Id\u00e9ale pour les touristes \u00e0 la recherche de souvenirs uniques, cette coque est une excellente option pour les boutiques de cadeaux touristiques. Chez Ol\u00e9 Mosaic, nous nous sp\u00e9cialisons dans la distribution de souvenirs en gros, offrant des produits authentiques et de qualit\u00e9 qui mettent en valeur la riche culture espagnole.<\/p>\n","protected":false},"excerpt":{"rendered":"<p>Coque pour t\u00e9l\u00e9phone Samsung A12 fabriqu\u00e9e en TPU avec une vue panoramique vibrante de Barcelone. Ce design color\u00e9 pr\u00e9sente l&rsquo;iconique Sagrada Familia, entour\u00e9e de palmiers et d&rsquo;un ciel bleu d\u00e9gag\u00e9 avec un soleil radieux. L&rsquo;illustration met en avant des \u00e9l\u00e9ments embl\u00e9matiques de la ville, tels que des b\u00e2timents modernistes et des d\u00e9tails maritimes, le tout dans des tons brillants. Avec une finition durable et flexible, cette coque embellit non seulement votre appareil, mais offre \u00e9galement une protection efficace.<\/p>\n","protected":false},"featured_media":12494,"template":"","meta":{"_acf_changed":false},"product_brand":[],"product_cat":[674],"product_tag":[],"class_list":{"0":"post-25820","1":"product","2":"type-product","3":"status-publish","4":"has-post-thumbnail","6":"product_cat-etuis-pour-telephones-portables","7":"pa_ciudad-barcelona","8":"pa_motivo-panoramas","9":"pa_pais-espana","11":"first","12":"instock","13":"shipping-taxable","14":"product-type-simple"},"acf":[],"_links":{"self":[{"href":"https:\/\/olemosaic.com\/fr\/wp-json\/wp\/v2\/product\/25820","targetHints":{"allow":["GET"]}}],"collection":[{"href":"https:\/\/olemosaic.com\/fr\/wp-json\/wp\/v2\/product"}],"about":[{"href":"https:\/\/olemosaic.com\/fr\/wp-json\/wp\/v2\/types\/product"}],"wp:featuredmedia":[{"embeddable":true,"href":"https:\/\/olemosaic.com\/fr\/wp-json\/wp\/v2\/media\/12494"}],"wp:attachment":[{"href":"https:\/\/olemosaic.com\/fr\/wp-json\/wp\/v2\/media?parent=25820"}],"wp:term":[{"taxonomy":"product_brand","embeddable":true,"href":"https:\/\/olemosaic.com\/fr\/wp-json\/wp\/v2\/product_brand?post=25820"},{"taxonomy":"product_cat","embeddable":true,"href":"https:\/\/olemosaic.com\/fr\/wp-json\/wp\/v2\/product_cat?post=25820"},{"taxonomy":"product_tag","embeddable":true,"href":"https:\/\/olemosaic.com\/fr\/wp-json\/wp\/v2\/product_tag?post=25820"}],"curies":[{"name":"wp","href":"https:\/\/api.w.org\/{rel}","templated":true}]}}