{"id":25818,"date":"2025-02-20T22:27:54","date_gmt":"2025-02-20T22:27:54","guid":{"rendered":"http:\/\/olemosaic.com\/producto\/funda-de-telefono-para-iphone-12-pro-tpu-forjas-azul\/"},"modified":"2025-07-25T18:48:06","modified_gmt":"2025-07-25T16:48:06","slug":"coque-de-telephone-pour-iphone-12-pro-tpu-forges-bleu","status":"publish","type":"product","link":"https:\/\/olemosaic.com\/fr\/produit\/coque-de-telephone-pour-iphone-12-pro-tpu-forges-bleu\/","title":{"rendered":"Coque de t\u00e9l\u00e9phone pour iPhone 12 Pro (TPU). Forges. Bleu"},"content":{"rendered":"<p>Coque pour iPhone 12 Pro avec design de forge classique bleue<\/p>\n<p>Cette coque pour iPhone 12 Pro allie \u00e9l\u00e9gance et protection, constituant un excellent souvenir qui capture l&rsquo;essence de la riche culture architecturale espagnole, particuli\u00e8rement de villes comme S\u00e9ville. Fabriqu\u00e9e en TPU, cet accessoire offre une r\u00e9sistance sup\u00e9rieure, garantissant que votre appareil est prot\u00e9g\u00e9 contre les chocs et les rayures, tandis que son design artistique apporte une touche distinctive et \u00e9l\u00e9gante.<\/p>\n<p>La couleur bleue vibrante de la coque se d\u00e9marque, tandis que les d\u00e9tails blancs complexes imitant les forges de style classique \u00e9voquent la beaut\u00e9 des b\u00e2timents historiques et des places de S\u00e9ville, o\u00f9 l&rsquo;art et l&rsquo;architecture s&rsquo;entrelacent. Ce design, avec ses formes courbes et ses motifs \u00e9labor\u00e9s, n&rsquo;est pas seulement visuellement attrayant, mais refl\u00e8te \u00e9galement la ma\u00eetrise artisanale qui caract\u00e9rise la r\u00e9gion.<\/p>\n<p>Parfaite pour les touristes \u00e0 la recherche de souvenirs authentiques de haute qualit\u00e9, cette coque de t\u00e9l\u00e9phone est plus qu&rsquo;un simple accessoire : c&rsquo;est une fa\u00e7on d&#8217;emporter avec soi un morceau de la culture espagnole. Chez Ol\u00e9 Mosaic, en tant que grossistes de souvenirs technologiques, nous garantissons que chaque produit, y compris nos coques, est un souvenir repr\u00e9sentatif c\u00e9l\u00e9brant la tradition et l&rsquo;esth\u00e9tique. Id\u00e9ale pour les boutiques de cadeaux touristiques souhaitant offrir des options uniques et fonctionnelles \u00e0 leurs clients, cette coque est la combinaison parfaite d&rsquo;art et d&rsquo;utilit\u00e9.<\/p>\n","protected":false},"excerpt":{"rendered":"<p>Coque pour iPhone 12 Pro fabriqu\u00e9e en TPU, d\u00e9cor\u00e9e d&rsquo;un \u00e9l\u00e9gant design de forge de style classique dans une couleur bleue vibrante. Le motif pr\u00e9sente des d\u00e9tails blancs complexes, \u00e9voquant la riche culture architecturale de villes comme S\u00e9ville. Cette coque prot\u00e8ge non seulement votre appareil, mais apporte \u00e9galement une touche artistique et distinctive, id\u00e9ale pour ceux qui appr\u00e9cient l&rsquo;esth\u00e9tique et la fonctionnalit\u00e9 de leurs accessoires technologiques.<\/p>\n","protected":false},"featured_media":12249,"template":"","meta":{"_acf_changed":false},"product_brand":[],"product_cat":[674],"product_tag":[],"class_list":{"0":"post-25818","1":"product","2":"type-product","3":"status-publish","4":"has-post-thumbnail","6":"product_cat-etuis-pour-telephones-portables","7":"pa_motivo-forges","9":"first","10":"instock","11":"shipping-taxable","12":"product-type-simple"},"acf":[],"_links":{"self":[{"href":"https:\/\/olemosaic.com\/fr\/wp-json\/wp\/v2\/product\/25818","targetHints":{"allow":["GET"]}}],"collection":[{"href":"https:\/\/olemosaic.com\/fr\/wp-json\/wp\/v2\/product"}],"about":[{"href":"https:\/\/olemosaic.com\/fr\/wp-json\/wp\/v2\/types\/product"}],"wp:featuredmedia":[{"embeddable":true,"href":"https:\/\/olemosaic.com\/fr\/wp-json\/wp\/v2\/media\/12249"}],"wp:attachment":[{"href":"https:\/\/olemosaic.com\/fr\/wp-json\/wp\/v2\/media?parent=25818"}],"wp:term":[{"taxonomy":"product_brand","embeddable":true,"href":"https:\/\/olemosaic.com\/fr\/wp-json\/wp\/v2\/product_brand?post=25818"},{"taxonomy":"product_cat","embeddable":true,"href":"https:\/\/olemosaic.com\/fr\/wp-json\/wp\/v2\/product_cat?post=25818"},{"taxonomy":"product_tag","embeddable":true,"href":"https:\/\/olemosaic.com\/fr\/wp-json\/wp\/v2\/product_tag?post=25818"}],"curies":[{"name":"wp","href":"https:\/\/api.w.org\/{rel}","templated":true}]}}