{"id":25817,"date":"2025-02-20T22:27:54","date_gmt":"2025-02-20T22:27:54","guid":{"rendered":"http:\/\/olemosaic.com\/producto\/funda-de-telefono-para-iphone-12-tpu-gato-mallorca-negro\/"},"modified":"2025-07-25T18:59:41","modified_gmt":"2025-07-25T16:59:41","slug":"coque-de-telephone-pour-iphone-12-tpu-chat-majorque-noir","status":"publish","type":"product","link":"https:\/\/olemosaic.com\/fr\/produit\/coque-de-telephone-pour-iphone-12-tpu-chat-majorque-noir\/","title":{"rendered":"Coque de t\u00e9l\u00e9phone pour iPhone 12 (TPU). Chat. Majorque. Noir"},"content":{"rendered":"<p>Coque pour iPhone 12 avec design de chat en mosa\u00efque &#8211; Majorque<\/p>\n<p>D\u00e9couvrez la coque pour iPhone 12 qui fusionne fonctionnalit\u00e9 et art en un seul produit. Fabriqu\u00e9e en TPU, un mat\u00e9riau de haute r\u00e9sistance qui prot\u00e8ge efficacement contre les chocs et les rayures, cette coque se distingue par son design vibrant. L&rsquo;illustration pr\u00e9sente un charmant chat de style mosa\u00efque, dans des tons multicolores, qui symbolise la beaut\u00e9 et la diversit\u00e9 de Majorque. Avec son expression curieuse et son corps form\u00e9 de pi\u00e8ces de c\u00e9ramique de diff\u00e9rentes couleurs, le chat \u00e9voque la riche tradition artisanale de la mosa\u00efque, si embl\u00e9matique des \u00eeles Bal\u00e9ares.<\/p>\n<p>Le fond noir de la coque rehausse les couleurs \u00e9clatantes du design, cr\u00e9ant un contraste qui attire tous les regards. De plus, la d\u00e9coration de papillons entourant le chat ajoute une touche de joie et de dynamisme, \u00e9voquant la nature vibrante de l&rsquo;environnement majorquin. Cette coque ne prot\u00e8ge pas seulement votre appareil, mais sert \u00e9galement de rappel du magnifique paysage m\u00e9diterran\u00e9en et de la culture locale.<\/p>\n<p>Un souvenir id\u00e9al pour les touristes cherchant \u00e0 se souvenir de leur passage \u00e0 Majorque, cette coque est une excellente option pour les boutiques de cadeaux touristiques. Chez Ol\u00e9 Mosaic, nous nous sp\u00e9cialisons dans la distribution de souvenirs en gros, offrant des produits authentiques et artistiques qui soulignent l&rsquo;essence de l&rsquo;h\u00e9ritage culturel espagnol. Assurez-vous d&rsquo;inclure cette coque de chat dans votre offre de souvenirs, parfaite pour ceux qui appr\u00e9cient autant l&rsquo;esth\u00e9tique que la fonctionnalit\u00e9.<\/p>\n","protected":false},"excerpt":{"rendered":"<p>Coque pour iPhone 12 fabriqu\u00e9e en TPU, avec un design vibrant montrant un chat de style mosa\u00efque dans des tons multicolores. Inspir\u00e9e par la beaut\u00e9 de Majorque, l&rsquo;illustration inclut des papillons qui apportent une touche de joie et de dynamisme au design. Avec un fond noir contrastant avec les couleurs \u00e9clatantes, cette coque prot\u00e8ge non seulement votre appareil, mais capture \u00e9galement l&rsquo;essence m\u00e9diterran\u00e9enne avec une finition artistique \u00e9voquant la culture locale.<\/p>\n","protected":false},"featured_media":12913,"template":"","meta":{"_acf_changed":false},"product_brand":[],"product_cat":[674],"product_tag":[530],"class_list":{"0":"post-25817","1":"product","2":"type-product","3":"status-publish","4":"has-post-thumbnail","6":"product_cat-etuis-pour-telephones-portables","7":"product_tag-animaux","8":"pa_ciudad-mallorca","9":"pa_motivo-chats","10":"pa_pais-espana","12":"first","13":"instock","14":"shipping-taxable","15":"product-type-simple"},"acf":[],"_links":{"self":[{"href":"https:\/\/olemosaic.com\/fr\/wp-json\/wp\/v2\/product\/25817","targetHints":{"allow":["GET"]}}],"collection":[{"href":"https:\/\/olemosaic.com\/fr\/wp-json\/wp\/v2\/product"}],"about":[{"href":"https:\/\/olemosaic.com\/fr\/wp-json\/wp\/v2\/types\/product"}],"wp:featuredmedia":[{"embeddable":true,"href":"https:\/\/olemosaic.com\/fr\/wp-json\/wp\/v2\/media\/12913"}],"wp:attachment":[{"href":"https:\/\/olemosaic.com\/fr\/wp-json\/wp\/v2\/media?parent=25817"}],"wp:term":[{"taxonomy":"product_brand","embeddable":true,"href":"https:\/\/olemosaic.com\/fr\/wp-json\/wp\/v2\/product_brand?post=25817"},{"taxonomy":"product_cat","embeddable":true,"href":"https:\/\/olemosaic.com\/fr\/wp-json\/wp\/v2\/product_cat?post=25817"},{"taxonomy":"product_tag","embeddable":true,"href":"https:\/\/olemosaic.com\/fr\/wp-json\/wp\/v2\/product_tag?post=25817"}],"curies":[{"name":"wp","href":"https:\/\/api.w.org\/{rel}","templated":true}]}}