{"id":25816,"date":"2025-02-20T23:27:54","date_gmt":"2025-02-20T22:27:54","guid":{"rendered":"http:\/\/olemosaic.com\/producto\/funda-de-telefono-para-iphone-12-tpu-abstracto-verde\/"},"modified":"2025-07-25T19:10:24","modified_gmt":"2025-07-25T17:10:24","slug":"coque-de-telephone-pour-iphone-12-tpu-abstrait-mouvement-vert","status":"publish","type":"product","link":"https:\/\/olemosaic.com\/fr\/produit\/coque-de-telephone-pour-iphone-12-tpu-abstrait-mouvement-vert\/","title":{"rendered":"Coque de t\u00e9l\u00e9phone pour iPhone 12 (TPU). Abstrait avec mouvement. Vert"},"content":{"rendered":"<p>Coque de t\u00e9l\u00e9phone pour iPhone 12 &#8211; Design abstrait dans des tons verts et multicolores<\/p>\n<p>D\u00e9couvrez notre coque pour iPhone 12, fabriqu\u00e9e en TPU, qui fusionne fonctionnalit\u00e9 et art en un seul produit. Ce design abstrait, avec un m\u00e9lange vibrant de tons verts et d&rsquo;autres couleurs, cr\u00e9e une image visuelle de formes fluides \u00e9voquant le mouvement et la cr\u00e9ativit\u00e9. La surface de la coque, avec des motifs rappelant les vagues d&rsquo;un paysage aquatique, est con\u00e7ue pour attirer les regards, transformant votre t\u00e9l\u00e9phone en une v\u00e9ritable \u0153uvre d&rsquo;art.<\/p>\n<p>Cette coque ne se distingue pas seulement par son aspect moderne et frappant, elle offre \u00e9galement une protection flexible et durable pour votre appareil, garantissant que votre iPhone 12 soit \u00e0 l&rsquo;abri des chocs et des rayures. Le mat\u00e9riau TPU garantit une couverture l\u00e9g\u00e8re et maniable, id\u00e9ale pour ceux qui ne veulent pas renoncer au style pour la s\u00e9curit\u00e9.<\/p>\n<p>Ce produit repr\u00e9sente l&rsquo;union du design contemporain avec le besoin de protection, devenant un souvenir attrayant pour ceux qui cherchent \u00e0 exprimer leur personnalit\u00e9 \u00e0 travers leurs accessoires technologiques. Chez Ol\u00e9 Mosaic, nous distribuons des produits uniques et repr\u00e9sentatifs, faisant de cette coque une excellente option pour les boutiques de cadeaux touristiques qui appr\u00e9cient l&rsquo;authenticit\u00e9 et l&rsquo;art dans leurs souvenirs.<\/p>\n","protected":false},"excerpt":{"rendered":"<p>Coque pour iPhone 12 fabriqu\u00e9e en TPU avec un design abstrait dans des tons verts et multicolores. La surface pr\u00e9sente un m\u00e9lange attrayant de formes fluides et vibrantes \u00e9voquant le mouvement et la cr\u00e9ativit\u00e9. Cette coque offre une protection flexible et durable pour votre appareil, tout en se distinguant par son style frappant et moderne. Id\u00e9ale pour ceux qui recherchent une combinaison de fonctionnalit\u00e9 et de design artistique dans leurs accessoires technologiques.<\/p>\n","protected":false},"featured_media":12222,"template":"","meta":{"_acf_changed":false},"product_brand":[],"product_cat":[674],"product_tag":[],"class_list":{"0":"post-25816","1":"product","2":"type-product","3":"status-publish","4":"has-post-thumbnail","6":"product_cat-etuis-pour-telephones-portables","7":"pa_motivo-resume","9":"first","10":"instock","11":"shipping-taxable","12":"product-type-simple"},"acf":[],"_links":{"self":[{"href":"https:\/\/olemosaic.com\/fr\/wp-json\/wp\/v2\/product\/25816","targetHints":{"allow":["GET"]}}],"collection":[{"href":"https:\/\/olemosaic.com\/fr\/wp-json\/wp\/v2\/product"}],"about":[{"href":"https:\/\/olemosaic.com\/fr\/wp-json\/wp\/v2\/types\/product"}],"wp:featuredmedia":[{"embeddable":true,"href":"https:\/\/olemosaic.com\/fr\/wp-json\/wp\/v2\/media\/12222"}],"wp:attachment":[{"href":"https:\/\/olemosaic.com\/fr\/wp-json\/wp\/v2\/media?parent=25816"}],"wp:term":[{"taxonomy":"product_brand","embeddable":true,"href":"https:\/\/olemosaic.com\/fr\/wp-json\/wp\/v2\/product_brand?post=25816"},{"taxonomy":"product_cat","embeddable":true,"href":"https:\/\/olemosaic.com\/fr\/wp-json\/wp\/v2\/product_cat?post=25816"},{"taxonomy":"product_tag","embeddable":true,"href":"https:\/\/olemosaic.com\/fr\/wp-json\/wp\/v2\/product_tag?post=25816"}],"curies":[{"name":"wp","href":"https:\/\/api.w.org\/{rel}","templated":true}]}}