{"id":25815,"date":"2025-02-20T22:27:54","date_gmt":"2025-02-20T22:27:54","guid":{"rendered":"http:\/\/olemosaic.com\/producto\/funda-de-telefono-para-iphone-11-pro-tpu-gato-mallorca-blanco\/"},"modified":"2025-07-25T18:52:57","modified_gmt":"2025-07-25T16:52:57","slug":"coque-de-telephone-pour-iphone-11-pro-tpu-chat-majorque-blanc","status":"publish","type":"product","link":"https:\/\/olemosaic.com\/fr\/produit\/coque-de-telephone-pour-iphone-11-pro-tpu-chat-majorque-blanc\/","title":{"rendered":"Coque de t\u00e9l\u00e9phone pour iPhone 11 Pro (TPU). Chat. Majorque. Blanc"},"content":{"rendered":"<p>Coque de t\u00e9l\u00e9phone pour iPhone 11 Pro \u2013 Chat de Majorque<\/p>\n<p>D\u00e9couvrez la charmante coque pour iPhone 11 Pro, \u00e9labor\u00e9e en TPU, qui se distingue par son design vibrant et culturellement significatif. D\u00e9cor\u00e9e d&rsquo;un chat color\u00e9 de style mosa\u00efque, cette coque capture l&rsquo;essence de Majorque, mettant en valeur la beaut\u00e9 naturelle et artistique de l&rsquo;\u00eele. Le chat, avec son corps form\u00e9 d&rsquo;une mosa\u00efque de couleurs \u00e9clatantes \u2014 rouges, bleus, verts et jaunes \u2014, d\u00e9gage joie et vivacit\u00e9, cr\u00e9ant une connexion visuelle imm\u00e9diate. Ce design impressionnant est situ\u00e9 sur un fond blanc cass\u00e9 qui \u00e9voque les traditions artisanales de la r\u00e9gion, mettant en avant l&rsquo;art de la mosa\u00efque, partie int\u00e9grante du patrimoine majorquin.<\/p>\n<p>En plus de son attrait visuel, cette coque offre une protection durable pour votre appareil, combinant style et fonctionnalit\u00e9 de mani\u00e8re exceptionnelle. Les papillons qui ornent la partie sup\u00e9rieure ajoutent une touche de l\u00e9g\u00e8ret\u00e9 et de bonheur, symbolisant la biodiversit\u00e9 de l&rsquo;\u00eele. Ce souvenir n&rsquo;est pas seulement parfait pour ceux qui recherchent un accessoire unique, il repr\u00e9sente \u00e9galement une pi\u00e8ce de la riche culture majorquine.<\/p>\n<p>En tant que grossistes de souvenirs, chez Ol\u00e9 Mosaic, nous sommes fiers de proposer des produits authentiques qui connectent les touristes \u00e0 l&rsquo;h\u00e9ritage de leurs destinations. La coque pour iPhone 11 Pro avec design de chat est une id\u00e9e brillante pour les boutiques de cadeaux touristiques cherchant \u00e0 offrir des pi\u00e8ces significatives et de haute qualit\u00e9 qui refl\u00e8tent l&rsquo;identit\u00e9 culturelle de Majorque.<\/p>\n","protected":false},"excerpt":{"rendered":"<p>Coque pour iPhone 11 Pro fabriqu\u00e9e en TPU, d\u00e9cor\u00e9e d&rsquo;un chat color\u00e9 de style mosa\u00efque, inspir\u00e9 par la beaut\u00e9 de Majorque. Le design pr\u00e9sente un m\u00e9lange de couleurs vibrantes qui ressortent sur un fond blanc cass\u00e9, accompagn\u00e9 de papillons qui ajoutent une touche joyeuse. Cet accessoire ne prot\u00e8ge pas seulement votre t\u00e9l\u00e9phone, il refl\u00e8te \u00e9galement le charme culturel de l&rsquo;\u00eele, devenant un compl\u00e9ment id\u00e9al pour les amoureux des animaux et de l&rsquo;art.<\/p>\n","protected":false},"featured_media":13382,"template":"","meta":{"_acf_changed":false},"product_brand":[],"product_cat":[674],"product_tag":[530],"class_list":{"0":"post-25815","1":"product","2":"type-product","3":"status-publish","4":"has-post-thumbnail","6":"product_cat-etuis-pour-telephones-portables","7":"product_tag-animaux","8":"pa_ciudad-mallorca","9":"pa_motivo-chats","10":"pa_pais-espana","12":"first","13":"instock","14":"shipping-taxable","15":"product-type-simple"},"acf":[],"_links":{"self":[{"href":"https:\/\/olemosaic.com\/fr\/wp-json\/wp\/v2\/product\/25815","targetHints":{"allow":["GET"]}}],"collection":[{"href":"https:\/\/olemosaic.com\/fr\/wp-json\/wp\/v2\/product"}],"about":[{"href":"https:\/\/olemosaic.com\/fr\/wp-json\/wp\/v2\/types\/product"}],"wp:featuredmedia":[{"embeddable":true,"href":"https:\/\/olemosaic.com\/fr\/wp-json\/wp\/v2\/media\/13382"}],"wp:attachment":[{"href":"https:\/\/olemosaic.com\/fr\/wp-json\/wp\/v2\/media?parent=25815"}],"wp:term":[{"taxonomy":"product_brand","embeddable":true,"href":"https:\/\/olemosaic.com\/fr\/wp-json\/wp\/v2\/product_brand?post=25815"},{"taxonomy":"product_cat","embeddable":true,"href":"https:\/\/olemosaic.com\/fr\/wp-json\/wp\/v2\/product_cat?post=25815"},{"taxonomy":"product_tag","embeddable":true,"href":"https:\/\/olemosaic.com\/fr\/wp-json\/wp\/v2\/product_tag?post=25815"}],"curies":[{"name":"wp","href":"https:\/\/api.w.org\/{rel}","templated":true}]}}