{"id":25814,"date":"2025-02-20T22:27:54","date_gmt":"2025-02-20T22:27:54","guid":{"rendered":"http:\/\/olemosaic.com\/producto\/funda-de-telefono-para-iphone-11-tpu-forjas-azul\/"},"modified":"2025-07-25T20:16:28","modified_gmt":"2025-07-25T18:16:28","slug":"coque-de-telephone-pour-iphone-11-tpu-fer-forge-bleu","status":"publish","type":"product","link":"https:\/\/olemosaic.com\/fr\/produit\/coque-de-telephone-pour-iphone-11-tpu-fer-forge-bleu\/","title":{"rendered":"Coque de t\u00e9l\u00e9phone pour iPhone 11 (TPU). Fer forg\u00e9. Bleu"},"content":{"rendered":"<p>Coque pour iPhone 11 avec design en fer forg\u00e9 bleu.<\/p>\n<p>Cette coque pour iPhone 11 est une pi\u00e8ce unique qui allie fonctionnalit\u00e9 et touche distinctive d&rsquo;art traditionnel. Fabriqu\u00e9e en TPU, un mat\u00e9riau flexible et r\u00e9sistant, elle offre une excellente protection contre les chocs et les rayures, assurant la s\u00e9curit\u00e9 de votre appareil \u00e0 tout moment. Le design pr\u00e9sente un fond bleu captivant, d\u00e9cor\u00e9 de motifs complexes de fer forg\u00e9 en blanc, qui \u00e9voquent l&rsquo;\u00e9l\u00e9gance du style architectural classique, caract\u00e9ristique des ferronneries ornementales espagnoles, et apportent un air de sophistication et de culture.<\/p>\n<p>Les motifs de courbes et de spirales, m\u00e9ticuleusement \u00e9labor\u00e9s, ajoutent non seulement un attrait visuel, mais refl\u00e8tent \u00e9galement le riche h\u00e9ritage artistique de l&rsquo;Espagne, faisant de cette coque un souvenir id\u00e9al pour ceux qui cherchent \u00e0 emporter un morceau de la culture espagnole avec eux. Son style polyvalent la rend parfaite aussi bien pour un usage quotidien que pour des occasions sp\u00e9ciales, se d\u00e9marquant parmi d&rsquo;autres accessoires technologiques.<\/p>\n<p>Chez Ol\u00e9 Mosaic, nous nous sp\u00e9cialisons dans la distribution de souvenirs en gros, et cette coque en fer forg\u00e9 est une option exceptionnelle pour les boutiques de cadeaux touristiques souhaitant proposer des produits authentiques et culturellement significatifs. Ce souvenir ne prot\u00e8ge pas seulement votre t\u00e9l\u00e9phone, il c\u00e9l\u00e8bre \u00e9galement l&rsquo;esth\u00e9tique du patrimoine espagnol, en faisant un choix id\u00e9al pour les touristes et les amateurs de design.<\/p>\n","protected":false},"excerpt":{"rendered":"<p>Coque pour iPhone 11 fabriqu\u00e9e en TPU, d\u00e9cor\u00e9e d&rsquo;\u00e9l\u00e9gants motifs de fer forg\u00e9 dans un ton bleu captivant. Le design pr\u00e9sente des motifs complexes de courbes et de spirales en blanc, \u00e9voquant le style architectural classique de la ferronnerie ornementale. Parfaite pour prot\u00e9ger votre appareil tout en ajoutant une touche distinctive inspir\u00e9e de l&rsquo;art traditionnel. Id\u00e9ale pour ceux qui cherchent \u00e0 combiner fonctionnalit\u00e9 et esth\u00e9tique culturelle.<\/p>\n","protected":false},"featured_media":12147,"template":"","meta":{"_acf_changed":false},"product_brand":[],"product_cat":[674],"product_tag":[],"class_list":{"0":"post-25814","1":"product","2":"type-product","3":"status-publish","4":"has-post-thumbnail","6":"product_cat-etuis-pour-telephones-portables","7":"pa_motivo-forges","9":"first","10":"instock","11":"shipping-taxable","12":"product-type-simple"},"acf":[],"_links":{"self":[{"href":"https:\/\/olemosaic.com\/fr\/wp-json\/wp\/v2\/product\/25814","targetHints":{"allow":["GET"]}}],"collection":[{"href":"https:\/\/olemosaic.com\/fr\/wp-json\/wp\/v2\/product"}],"about":[{"href":"https:\/\/olemosaic.com\/fr\/wp-json\/wp\/v2\/types\/product"}],"wp:featuredmedia":[{"embeddable":true,"href":"https:\/\/olemosaic.com\/fr\/wp-json\/wp\/v2\/media\/12147"}],"wp:attachment":[{"href":"https:\/\/olemosaic.com\/fr\/wp-json\/wp\/v2\/media?parent=25814"}],"wp:term":[{"taxonomy":"product_brand","embeddable":true,"href":"https:\/\/olemosaic.com\/fr\/wp-json\/wp\/v2\/product_brand?post=25814"},{"taxonomy":"product_cat","embeddable":true,"href":"https:\/\/olemosaic.com\/fr\/wp-json\/wp\/v2\/product_cat?post=25814"},{"taxonomy":"product_tag","embeddable":true,"href":"https:\/\/olemosaic.com\/fr\/wp-json\/wp\/v2\/product_tag?post=25814"}],"curies":[{"name":"wp","href":"https:\/\/api.w.org\/{rel}","templated":true}]}}