{"id":25813,"date":"2025-02-20T22:27:53","date_gmt":"2025-02-20T22:27:53","guid":{"rendered":"http:\/\/olemosaic.com\/producto\/funda-de-telefono-para-iphone-13-tpu-panoramica-barcelona-blanco\/"},"modified":"2025-07-25T20:31:18","modified_gmt":"2025-07-25T18:31:18","slug":"coque-de-telephone-pour-iphone-13-tpu-panoramique-barcelone-blanc","status":"publish","type":"product","link":"https:\/\/olemosaic.com\/fr\/produit\/coque-de-telephone-pour-iphone-13-tpu-panoramique-barcelone-blanc\/","title":{"rendered":"Coque de t\u00e9l\u00e9phone pour iPhone 13 (TPU). Panoramique. Barcelone. Blanc"},"content":{"rendered":"<p>Coque panoramique de Barcelone pour iPhone 13<\/p>\n<p>D\u00e9couvrez l&rsquo;essence vibrante de Barcelone avec notre coque pour iPhone 13, fabriqu\u00e9e en TPU de haute qualit\u00e9. Ce design attrayant se distingue par sa vue panoramique color\u00e9e qui capture l&#8217;embl\u00e9matique Sagrada Familia, l&rsquo;un des monuments les plus reconnaissables et repr\u00e9sentatifs de la ville, ainsi que d&rsquo;autres ic\u00f4nes du modernisme catalan. La base blanche constitue la toile parfaite pour rehausser les couleurs vives de la mosa\u00efque qui orne la coque, offrant une vue spectaculaire et unique de l&rsquo;architecture de Gaud\u00ed.<\/p>\n<p>L&rsquo;illustration combine des nuances de rouge, jaune, vert et bleu, cr\u00e9ant un effet visuel qui \u00e9voque l&rsquo;\u00e9nergie de la m\u00e9tropole cosmopolite de Barcelone. L&rsquo;inscription \u00ab\u00a0Barcelona\u00a0\u00bb dans la partie inf\u00e9rieure ajoute une touche distinctive, faisant de cet article un souvenir parfait pour ceux qui souhaitent emporter un petit morceau de la ville dans leur quotidien.<\/p>\n<p>Cette coque ne prot\u00e8ge pas seulement votre appareil des chocs et des rayures, elle sert \u00e9galement de souvenir authentique c\u00e9l\u00e9brant la culture et l&rsquo;art de cette m\u00e9tropole vibrante. Id\u00e9al pour les touristes \u00e0 la recherche de souvenirs de Barcelone, chez Ol\u00e9 Mosaic, nous sommes distributeurs de produits originaux et repr\u00e9sentatifs. Cette coque panoramique est une excellente option pour les boutiques de cadeaux touristiques souhaitant proposer des articles de qualit\u00e9 et de pertinence culturelle.<\/p>\n","protected":false},"excerpt":{"rendered":"<p>Coque pour iPhone 13 fabriqu\u00e9e en TPU, avec une vue panoramique attrayante de Barcelone. Son design comprend une illustration color\u00e9e qui met en valeur l&#8217;embl\u00e9matique Sagrada Familia et d&rsquo;autres monuments reconnaissables de la ville, capturant l&rsquo;essence du modernisme catalan. La base blanche rehausse les couleurs vives de la mosa\u00efque, tandis que l&rsquo;inscription \u00ab\u00a0Barcelona\u00a0\u00bb ajoute une touche distinctive. Id\u00e9ale pour prot\u00e9ger votre appareil et afficher le charme de cette ville vibrante.<\/p>\n","protected":false},"featured_media":12281,"template":"","meta":{"_acf_changed":false},"product_brand":[],"product_cat":[674],"product_tag":[],"class_list":{"0":"post-25813","1":"product","2":"type-product","3":"status-publish","4":"has-post-thumbnail","6":"product_cat-etuis-pour-telephones-portables","7":"pa_ciudad-barcelona","8":"pa_motivo-panoramas","9":"pa_pais-espana","11":"first","12":"instock","13":"shipping-taxable","14":"product-type-simple"},"acf":[],"_links":{"self":[{"href":"https:\/\/olemosaic.com\/fr\/wp-json\/wp\/v2\/product\/25813","targetHints":{"allow":["GET"]}}],"collection":[{"href":"https:\/\/olemosaic.com\/fr\/wp-json\/wp\/v2\/product"}],"about":[{"href":"https:\/\/olemosaic.com\/fr\/wp-json\/wp\/v2\/types\/product"}],"wp:featuredmedia":[{"embeddable":true,"href":"https:\/\/olemosaic.com\/fr\/wp-json\/wp\/v2\/media\/12281"}],"wp:attachment":[{"href":"https:\/\/olemosaic.com\/fr\/wp-json\/wp\/v2\/media?parent=25813"}],"wp:term":[{"taxonomy":"product_brand","embeddable":true,"href":"https:\/\/olemosaic.com\/fr\/wp-json\/wp\/v2\/product_brand?post=25813"},{"taxonomy":"product_cat","embeddable":true,"href":"https:\/\/olemosaic.com\/fr\/wp-json\/wp\/v2\/product_cat?post=25813"},{"taxonomy":"product_tag","embeddable":true,"href":"https:\/\/olemosaic.com\/fr\/wp-json\/wp\/v2\/product_tag?post=25813"}],"curies":[{"name":"wp","href":"https:\/\/api.w.org\/{rel}","templated":true}]}}