{"id":25812,"date":"2025-02-20T22:27:53","date_gmt":"2025-02-20T22:27:53","guid":{"rendered":"http:\/\/olemosaic.com\/producto\/funda-de-telefono-para-iphone-14-promax-tpu-mosaico-blanco\/"},"modified":"2025-07-25T18:51:04","modified_gmt":"2025-07-25T16:51:04","slug":"coque-de-telephone-pour-iphone-14-pro-max-tpu-mosaique-blanc","status":"publish","type":"product","link":"https:\/\/olemosaic.com\/fr\/produit\/coque-de-telephone-pour-iphone-14-pro-max-tpu-mosaique-blanc\/","title":{"rendered":"Coque de t\u00e9l\u00e9phone pour iPhone 14 Pro Max (TPU). Mosa\u00efque. Blanc"},"content":{"rendered":"<p>Coque pour iPhone 14 Pro Max avec design en mosa\u00efque<\/p>\n<p>Cette coque pour iPhone 14 Pro Max, \u00e9l\u00e9gante et fonctionnelle, fusionne protection et style, et est con\u00e7ue pour ceux qui recherchent un accessoire refl\u00e9tant la riche tradition culturelle espagnole. Fabriqu\u00e9e en TPU de haute qualit\u00e9, la coque se distingue par son design vibrant qui reproduit le c\u00e9l\u00e8bre art de la mosa\u00efque, un \u00e9l\u00e9ment iconique de l&rsquo;architecture espagnole, particuli\u00e8rement dans des r\u00e9gions comme l&rsquo;Andalousie. Son imprim\u00e9 color\u00e9 comprend des motifs floraux et g\u00e9om\u00e9triques dans des tons captivants de rouge, bleu et jaune, cr\u00e9ant une composition visuelle percutante qui, en plus de prot\u00e9ger l&rsquo;appareil, le transforme en une v\u00e9ritable \u0153uvre d&rsquo;art.<\/p>\n<p>Le fond blanc de la coque offre un contraste attrayant, rehaussant les d\u00e9tails des mosa\u00efques et apportant un air de fra\u00eecheur et de modernit\u00e9. La connexion culturelle de ce design \u00e9voque la diversit\u00e9 artistique de l&rsquo;Espagne, o\u00f9 les azulejos et les mosa\u00efques sont les protagonistes de monuments et de places embl\u00e9matiques. Ol\u00e9 Mosaic est fier de proposer cette coque comme un souvenir authentique et repr\u00e9sentatif, id\u00e9al pour les touristes et les amoureux de la culture espagnole souhaitant emporter avec eux un morceau de sa splendeur. En tant que distributeurs de souvenirs en gros, nous garantissons un produit de qualit\u00e9 parfait pour les boutiques de cadeaux touristiques ax\u00e9es sur une client\u00e8le qui appr\u00e9cie la culture et l&rsquo;artisanat authentiques. Cette coque en mosa\u00efque n&rsquo;est pas seulement un accessoire, mais un souvenir fascinant de l&rsquo;h\u00e9ritage artistique espagnol.<\/p>\n","protected":false},"excerpt":{"rendered":"<p>Coque pour iPhone 14 Pro Max fabriqu\u00e9e en TPU, orn\u00e9e d&rsquo;un design vibrant en mosa\u00efque. Cette \u00e9l\u00e9gante coque de protection se distingue par son imprim\u00e9 color\u00e9, incluant divers motifs floraux et g\u00e9om\u00e9triques dans des tons rouges, bleus et jaunes, \u00e9voquant la riche tradition des azulejos espagnols. Sa finition blanche offre un contraste attrayant, faisant de cette coque une option id\u00e9ale pour ceux qui cherchent \u00e0 combiner style et protection pour leur appareil.<\/p>\n","protected":false},"featured_media":13025,"template":"","meta":{"_acf_changed":false},"product_brand":[],"product_cat":[674],"product_tag":[],"class_list":{"0":"post-25812","1":"product","2":"type-product","3":"status-publish","4":"has-post-thumbnail","6":"product_cat-etuis-pour-telephones-portables","7":"pa_motivo-mosaique","9":"first","10":"instock","11":"shipping-taxable","12":"product-type-simple"},"acf":[],"_links":{"self":[{"href":"https:\/\/olemosaic.com\/fr\/wp-json\/wp\/v2\/product\/25812","targetHints":{"allow":["GET"]}}],"collection":[{"href":"https:\/\/olemosaic.com\/fr\/wp-json\/wp\/v2\/product"}],"about":[{"href":"https:\/\/olemosaic.com\/fr\/wp-json\/wp\/v2\/types\/product"}],"wp:featuredmedia":[{"embeddable":true,"href":"https:\/\/olemosaic.com\/fr\/wp-json\/wp\/v2\/media\/13025"}],"wp:attachment":[{"href":"https:\/\/olemosaic.com\/fr\/wp-json\/wp\/v2\/media?parent=25812"}],"wp:term":[{"taxonomy":"product_brand","embeddable":true,"href":"https:\/\/olemosaic.com\/fr\/wp-json\/wp\/v2\/product_brand?post=25812"},{"taxonomy":"product_cat","embeddable":true,"href":"https:\/\/olemosaic.com\/fr\/wp-json\/wp\/v2\/product_cat?post=25812"},{"taxonomy":"product_tag","embeddable":true,"href":"https:\/\/olemosaic.com\/fr\/wp-json\/wp\/v2\/product_tag?post=25812"}],"curies":[{"name":"wp","href":"https:\/\/api.w.org\/{rel}","templated":true}]}}