{"id":25810,"date":"2025-02-20T22:27:53","date_gmt":"2025-02-20T22:27:53","guid":{"rendered":"http:\/\/olemosaic.com\/producto\/funda-de-telefono-para-iphone-11-promax-tpu-mosaico-barcelona-blanco\/"},"modified":"2025-07-25T18:39:38","modified_gmt":"2025-07-25T16:39:38","slug":"coque-de-telephone-pour-iphone-11-pro-max-tpu-mosaique-barcelone-blanc","status":"publish","type":"product","link":"https:\/\/olemosaic.com\/fr\/produit\/coque-de-telephone-pour-iphone-11-pro-max-tpu-mosaique-barcelone-blanc\/","title":{"rendered":"Coque de t\u00e9l\u00e9phone pour iPhone 11 Pro Max (TPU). Mosa\u00efque. Barcelone. Blanc"},"content":{"rendered":"<p>Coque en mosa\u00efque pour iPhone 11 Pro Max &#8211; Barcelone<\/p>\n<p>Prot\u00e9gez votre t\u00e9l\u00e9phone avec cette coque vibrante pour iPhone 11 Pro Max, con\u00e7ue avec une mosa\u00efque attrayante qui capture l&rsquo;essence de Barcelone. Fabriqu\u00e9e en TPU, cette coque n&rsquo;est pas seulement compatible avec votre appareil, mais offre \u00e9galement une excellente protection contre les chocs et les rayures. Son design se distingue par une riche palette de couleurs, combinant des bleus, des rouges et des oranges dans des motifs d\u00e9coratifs inspir\u00e9s de l&rsquo;architecture moderniste embl\u00e9matique de la ville, \u00e9voquant les carreaux color\u00e9s de chefs-d&rsquo;\u0153uvre tels que la Casa Batll\u00f3 et le Parc G\u00fcell.<\/p>\n<p>Le nom \u00ab\u00a0Barcelona\u00a0\u00bb est pr\u00e9sent\u00e9 dans un style accrocheur, ajoutant une touche personnelle et distinctive \u00e0 la coque. Cette pi\u00e8ce n&rsquo;est pas seulement pratique, mais agit \u00e9galement comme un v\u00e9ritable souvenir de la ville, ce qui en fait un accessoire id\u00e9al pour les touristes qui cherchent \u00e0 emporter un souvenir authentique de leur exp\u00e9rience dans la capitale catalane. Chez Ol\u00e9 Mosaic, en tant que distributeurs de souvenirs de qualit\u00e9, nous proposons cette coque comme une excellente option pour les boutiques de souvenirs touristiques souhaitant inclure dans leur offre des produits refl\u00e9tant la culture locale. Cette coque en mosa\u00efque est plus qu&rsquo;un simple protecteur ; c&rsquo;est une pi\u00e8ce d&rsquo;art qui c\u00e9l\u00e8bre la singularit\u00e9 de Barcelone, parfaite pour ceux qui appr\u00e9cient l&rsquo;authenticit\u00e9 et le style.<\/p>\n","protected":false},"excerpt":{"rendered":"<p>Coque pour iPhone 11 Pro Max fabriqu\u00e9e en TPU, orn\u00e9e d&rsquo;un design vibrant de mosa\u00efques \u00e9voquant l&rsquo;essence de Barcelone. Elle se distingue par sa riche palette de couleurs, avec des bleus, des rouges et des oranges formant un motif d\u00e9coratif inspir\u00e9 de l&rsquo;architecture moderniste. Comprend le nom \u00ab\u00a0Barcelona\u00a0\u00bb dans un style accrocheur, une option id\u00e9ale pour prot\u00e9ger votre appareil et emporter avec vous un morceau de la culture catalane.<\/p>\n","protected":false},"featured_media":12200,"template":"","meta":{"_acf_changed":false},"product_brand":[],"product_cat":[674],"product_tag":[],"class_list":{"0":"post-25810","1":"product","2":"type-product","3":"status-publish","4":"has-post-thumbnail","6":"product_cat-etuis-pour-telephones-portables","7":"pa_ciudad-barcelona","8":"pa_motivo-mosaique","9":"pa_pais-espana","11":"first","12":"instock","13":"shipping-taxable","14":"product-type-simple"},"acf":[],"_links":{"self":[{"href":"https:\/\/olemosaic.com\/fr\/wp-json\/wp\/v2\/product\/25810","targetHints":{"allow":["GET"]}}],"collection":[{"href":"https:\/\/olemosaic.com\/fr\/wp-json\/wp\/v2\/product"}],"about":[{"href":"https:\/\/olemosaic.com\/fr\/wp-json\/wp\/v2\/types\/product"}],"wp:featuredmedia":[{"embeddable":true,"href":"https:\/\/olemosaic.com\/fr\/wp-json\/wp\/v2\/media\/12200"}],"wp:attachment":[{"href":"https:\/\/olemosaic.com\/fr\/wp-json\/wp\/v2\/media?parent=25810"}],"wp:term":[{"taxonomy":"product_brand","embeddable":true,"href":"https:\/\/olemosaic.com\/fr\/wp-json\/wp\/v2\/product_brand?post=25810"},{"taxonomy":"product_cat","embeddable":true,"href":"https:\/\/olemosaic.com\/fr\/wp-json\/wp\/v2\/product_cat?post=25810"},{"taxonomy":"product_tag","embeddable":true,"href":"https:\/\/olemosaic.com\/fr\/wp-json\/wp\/v2\/product_tag?post=25810"}],"curies":[{"name":"wp","href":"https:\/\/api.w.org\/{rel}","templated":true}]}}