{"id":25809,"date":"2025-02-20T23:27:53","date_gmt":"2025-02-20T22:27:53","guid":{"rendered":"http:\/\/olemosaic.com\/producto\/funda-de-telefono-para-samsung-a23-tpu-mosaico\/"},"modified":"2025-07-25T18:42:56","modified_gmt":"2025-07-25T16:42:56","slug":"coque-de-telephone-pour-samsung-a23-tpu-mosaique","status":"publish","type":"product","link":"https:\/\/olemosaic.com\/fr\/produit\/coque-de-telephone-pour-samsung-a23-tpu-mosaique\/","title":{"rendered":"Coque de t\u00e9l\u00e9phone pour Samsung A23 (TPU). Mosa\u00efque Barcelone"},"content":{"rendered":"<p>Coque de t\u00e9l\u00e9phone avec mosa\u00efque de Barcelone pour Samsung A23<\/p>\n<p>Cette coque pour Samsung A23 est une fa\u00e7on vibrante et stylis\u00e9e d&#8217;emporter avec vous un morceau de l&rsquo;art et de la culture de Barcelone. Fabriqu\u00e9e en TPU, cet accessoire combine fonctionnalit\u00e9 et design, offrant une protection durable pour votre appareil tout en l&#8217;embellissant avec une mosa\u00efque color\u00e9e inspir\u00e9e des carreaux embl\u00e9matiques qui ornent les fa\u00e7ades de la ville. La coque pr\u00e9sente une palette de couleurs joyeuse, avec des bleus, des oranges et des rouges qui s&rsquo;entrelacent dans des motifs floraux et g\u00e9om\u00e9triques, \u00e9voquant l&rsquo;essence du modernisme catalan.<\/p>\n<p>Le design met en avant un texte \u00e9l\u00e9gant indiquant \u00ab\u00a0Barcelona\u00a0\u00bb, capturant l&rsquo;essence de cette ville embl\u00e9matique, connue pour sa riche architecture et sa vie culturelle vibrante. Ce souvenir n&rsquo;est pas seulement une excellente option pour prot\u00e9ger votre t\u00e9l\u00e9phone, mais aussi un souvenir repr\u00e9sentatif qui c\u00e9l\u00e8bre l&rsquo;histoire et l&rsquo;art de Barcelone. Chaque fois que vous utiliserez votre t\u00e9l\u00e9phone, vous revivrez la magie des rues de Barcelone.<\/p>\n<p>Chez Ol\u00e9 Mosaic, nous nous consacrons \u00e0 la distribution de souvenirs en gros, garantissant des produits authentiques qui refl\u00e8tent la culture locale. Cette coque en mosa\u00efque est id\u00e9ale pour les touristes et les collaborateurs de boutiques de souvenirs touristiques qui cherchent \u00e0 offrir \u00e0 leurs clients un souvenir unique et fonctionnel. En tant que grossistes d&rsquo;articles li\u00e9s \u00e0 Barcelone, nous assurons la qualit\u00e9 et le design dans chacune de nos pi\u00e8ces.<\/p>\n","protected":false},"excerpt":{"rendered":"<p>Coque pour t\u00e9l\u00e9phone Samsung A23 fabriqu\u00e9e en TPU, orn\u00e9e d&rsquo;un design vibrant de mosa\u00efque typique de Barcelone. Ce produit pr\u00e9sente une combinaison color\u00e9e de bleus, d&rsquo;oranges et de rouges, inspir\u00e9e des carreaux caract\u00e9ristiques qui d\u00e9corent nombre de ses fa\u00e7ades. La d\u00e9coration comprend des motifs floraux et g\u00e9om\u00e9triques, ainsi qu&rsquo;un texte \u00e9l\u00e9gant avec le mot \u00ab\u00a0Barcelona\u00a0\u00bb, offrant une protection durable et stylis\u00e9e pour votre appareil, id\u00e9al pour ceux qui aiment cette ville embl\u00e9matique.<\/p>\n","protected":false},"featured_media":12600,"template":"","meta":{"_acf_changed":false},"product_brand":[],"product_cat":[674],"product_tag":[],"class_list":{"0":"post-25809","1":"product","2":"type-product","3":"status-publish","4":"has-post-thumbnail","6":"product_cat-etuis-pour-telephones-portables","7":"pa_ciudad-barcelona","8":"pa_motivo-mosaique","9":"pa_pais-espana","11":"first","12":"instock","13":"shipping-taxable","14":"product-type-simple"},"acf":[],"_links":{"self":[{"href":"https:\/\/olemosaic.com\/fr\/wp-json\/wp\/v2\/product\/25809","targetHints":{"allow":["GET"]}}],"collection":[{"href":"https:\/\/olemosaic.com\/fr\/wp-json\/wp\/v2\/product"}],"about":[{"href":"https:\/\/olemosaic.com\/fr\/wp-json\/wp\/v2\/types\/product"}],"wp:featuredmedia":[{"embeddable":true,"href":"https:\/\/olemosaic.com\/fr\/wp-json\/wp\/v2\/media\/12600"}],"wp:attachment":[{"href":"https:\/\/olemosaic.com\/fr\/wp-json\/wp\/v2\/media?parent=25809"}],"wp:term":[{"taxonomy":"product_brand","embeddable":true,"href":"https:\/\/olemosaic.com\/fr\/wp-json\/wp\/v2\/product_brand?post=25809"},{"taxonomy":"product_cat","embeddable":true,"href":"https:\/\/olemosaic.com\/fr\/wp-json\/wp\/v2\/product_cat?post=25809"},{"taxonomy":"product_tag","embeddable":true,"href":"https:\/\/olemosaic.com\/fr\/wp-json\/wp\/v2\/product_tag?post=25809"}],"curies":[{"name":"wp","href":"https:\/\/api.w.org\/{rel}","templated":true}]}}