{"id":25808,"date":"2025-02-20T23:27:53","date_gmt":"2025-02-20T22:27:53","guid":{"rendered":"http:\/\/olemosaic.com\/producto\/funda-de-telefono-para-iphone-12-promax-tpu-abstracto-negro\/"},"modified":"2025-07-25T20:20:37","modified_gmt":"2025-07-25T18:20:37","slug":"coque-de-telephone-pour-iphone-12-pro-max-tpu-abstrait-noir","status":"publish","type":"product","link":"https:\/\/olemosaic.com\/fr\/produit\/coque-de-telephone-pour-iphone-12-pro-max-tpu-abstrait-noir\/","title":{"rendered":"Coque de t\u00e9l\u00e9phone pour iPhone 12 Pro Max (TPU). Abstrait. Noir et couleurs n\u00e9on"},"content":{"rendered":"<p>Coque abstraite pour iPhone 12 Pro Max<\/p>\n<p>Cette coque pour iPhone 12 Pro Max est id\u00e9ale pour ceux qui recherchent un accessoire alliant protection et style. Fabriqu\u00e9e en TPU, elle offre une r\u00e9sistance exceptionnelle contre les chocs et les rayures, garantissant que votre appareil est toujours prot\u00e9g\u00e9. Son design abstrait se distingue par la fusion de courbes douces aux couleurs n\u00e9on qui s&rsquo;entrelacent sur un fond noir profond, cr\u00e9ant un effet visuel dynamique et moderne. Chaque ligne vibrante apporte une touche d&rsquo;\u00e9nergie, faisant de cette coque une expression artistique qui fera ressortir votre t\u00e9l\u00e9phone dans n&rsquo;importe quel environnement.<\/p>\n<p>Le fond noir rehausse les couleurs \u00e9clatantes, offrant un contraste attrayant qui refl\u00e8te une esth\u00e9tique contemporaine, parfaite pour les jeunes et les amateurs d&rsquo;art. Cette coque n&rsquo;est pas seulement pratique, mais aussi un v\u00e9ritable souvenir moderne qui encapsule l&rsquo;essence d&rsquo;un style de vie vibrant et \u00e9nergique. Chez Ol\u00e9 Mosaic, nous comprenons l&rsquo;importance de proposer des produits fonctionnels et de caract\u00e8re. Cette coque est une excellente option pour les boutiques de souvenirs touristiques \u00e0 la recherche de sophistication et d&rsquo;authenticit\u00e9 dans leurs souvenirs technologiques. En tant que grossistes d&rsquo;accessoires technologiques, nous garantissons la qualit\u00e9 et des designs uniques qui captent l&rsquo;attention des touristes \u00e0 la recherche de souvenirs originaux.<\/p>\n","protected":false},"excerpt":{"rendered":"<p>Coque pour iPhone 12 Pro Max fabriqu\u00e9e en TPU avec un design abstrait et vibrant. La coque pr\u00e9sente des courbes douces aux couleurs n\u00e9on qui s&rsquo;entrelacent sur un fond noir, apportant une touche moderne et artistique. Son mat\u00e9riau r\u00e9sistant offre une protection efficace contre les chocs et les rayures, tandis que le design color\u00e9 ajoute un style unique et contemporain, id\u00e9al pour ceux qui souhaitent mettre en valeur leur appareil.<\/p>\n","protected":false},"featured_media":12276,"template":"","meta":{"_acf_changed":false},"product_brand":[],"product_cat":[674],"product_tag":[],"class_list":{"0":"post-25808","1":"product","2":"type-product","3":"status-publish","4":"has-post-thumbnail","6":"product_cat-etuis-pour-telephones-portables","7":"pa_motivo-resume","9":"first","10":"instock","11":"shipping-taxable","12":"product-type-simple"},"acf":[],"_links":{"self":[{"href":"https:\/\/olemosaic.com\/fr\/wp-json\/wp\/v2\/product\/25808","targetHints":{"allow":["GET"]}}],"collection":[{"href":"https:\/\/olemosaic.com\/fr\/wp-json\/wp\/v2\/product"}],"about":[{"href":"https:\/\/olemosaic.com\/fr\/wp-json\/wp\/v2\/types\/product"}],"wp:featuredmedia":[{"embeddable":true,"href":"https:\/\/olemosaic.com\/fr\/wp-json\/wp\/v2\/media\/12276"}],"wp:attachment":[{"href":"https:\/\/olemosaic.com\/fr\/wp-json\/wp\/v2\/media?parent=25808"}],"wp:term":[{"taxonomy":"product_brand","embeddable":true,"href":"https:\/\/olemosaic.com\/fr\/wp-json\/wp\/v2\/product_brand?post=25808"},{"taxonomy":"product_cat","embeddable":true,"href":"https:\/\/olemosaic.com\/fr\/wp-json\/wp\/v2\/product_cat?post=25808"},{"taxonomy":"product_tag","embeddable":true,"href":"https:\/\/olemosaic.com\/fr\/wp-json\/wp\/v2\/product_tag?post=25808"}],"curies":[{"name":"wp","href":"https:\/\/api.w.org\/{rel}","templated":true}]}}