{"id":25806,"date":"2025-02-20T23:27:53","date_gmt":"2025-02-20T22:27:53","guid":{"rendered":"http:\/\/olemosaic.com\/producto\/salamandra-figura-de-resina-de-17-cm-verde-pintada-a-mano\/"},"modified":"2025-07-25T18:48:49","modified_gmt":"2025-07-25T16:48:49","slug":"salamandre-figurine-resine-17-cm-verte-peinte-a-la-main","status":"publish","type":"product","link":"https:\/\/olemosaic.com\/fr\/produit\/salamandre-figurine-resine-17-cm-verte-peinte-a-la-main\/","title":{"rendered":"Salamandre. Figurine mosa\u00efque de 17 cm. Verte."},"content":{"rendered":"<p>Figurine de salamandre en r\u00e9sine<\/p>\n<p>Cette figurine vibrante de salamandre en r\u00e9sine, de 17 cm de hauteur, est un reflet authentique de la faune m\u00e9diterran\u00e9enne et un exemple de l&rsquo;art populaire de la r\u00e9gion. La pi\u00e8ce, effet peint \u00e0 la main, combine une palette de couleurs joyeuses \u2014 verts, bleus, rouges et jaunes \u2014 qui \u00e9voquent la diversit\u00e9 et la beaut\u00e9 de la nature. Les motifs complexes de mosa\u00efque qui l&rsquo;ornent apportent une touche artistique et festive, en faisant un objet d\u00e9coratif id\u00e9al pour n&rsquo;importe quel espace.<\/p>\n<p>La salamandre, symbole de transformation et de renouveau, est culturellement associ\u00e9e \u00e0 la chaleur et \u00e0 la vie du climat m\u00e9diterran\u00e9en. Ce souvenir est une magnifique option pour ceux qui recherchent un souvenir encapsulant l&rsquo;esprit joyeux et color\u00e9 de la zone. Sa finition d\u00e9taill\u00e9e et la qualit\u00e9 des mat\u00e9riaux garantissent que chaque pi\u00e8ce est unique et durable, ce qui en fait un excellent cadeau pour les touristes ou les amateurs d&rsquo;art folklorique.<\/p>\n<p>Chez Ol\u00e9 Mosaic, nous sommes fiers d&rsquo;\u00eatre distributeurs de souvenirs authentiques et de haute qualit\u00e9. Cette figurine de salamandre est parfaite pour les boutiques de cadeaux touristiques souhaitant proposer des produits refl\u00e9tant le riche h\u00e9ritage culturel de la r\u00e9gion. Donnez une touche distinctive \u00e0 votre boutique avec nos figurines exclusives effet peint \u00e0 la main, qui apportent un morceau de M\u00e9diterran\u00e9e dans chaque foyer.<\/p>\n","protected":false},"excerpt":{"rendered":"<p>Figurine de salamandre, design artisanal, peint \u00e0 la main, avec une combinaison vibrante de couleurs : vert, bleu, rouge et jaune. Cette pi\u00e8ce d\u00e9corative de 17 cm \u00e9voque la faune m\u00e9diterran\u00e9enne, avec un design qui souligne les motifs en mosa\u00efque, apportant une touche artistique et joyeuse \u00e0 n&rsquo;importe quel espace. Sa finition d\u00e9taill\u00e9e et la qualit\u00e9 du mat\u00e9riau en font un souvenir parfait qui refl\u00e8te le caract\u00e8re culturel de la r\u00e9gion.<\/p>\n","protected":false},"featured_media":7430,"template":"","meta":{"_acf_changed":false},"product_brand":[],"product_cat":[540],"product_tag":[530],"class_list":{"0":"post-25806","1":"product","2":"type-product","3":"status-publish","4":"has-post-thumbnail","6":"product_cat-chiffres","7":"product_tag-animaux","8":"pa_motivo-salamandres","10":"first","11":"instock","12":"shipping-taxable","13":"product-type-simple"},"acf":[],"_links":{"self":[{"href":"https:\/\/olemosaic.com\/fr\/wp-json\/wp\/v2\/product\/25806","targetHints":{"allow":["GET"]}}],"collection":[{"href":"https:\/\/olemosaic.com\/fr\/wp-json\/wp\/v2\/product"}],"about":[{"href":"https:\/\/olemosaic.com\/fr\/wp-json\/wp\/v2\/types\/product"}],"wp:featuredmedia":[{"embeddable":true,"href":"https:\/\/olemosaic.com\/fr\/wp-json\/wp\/v2\/media\/7430"}],"wp:attachment":[{"href":"https:\/\/olemosaic.com\/fr\/wp-json\/wp\/v2\/media?parent=25806"}],"wp:term":[{"taxonomy":"product_brand","embeddable":true,"href":"https:\/\/olemosaic.com\/fr\/wp-json\/wp\/v2\/product_brand?post=25806"},{"taxonomy":"product_cat","embeddable":true,"href":"https:\/\/olemosaic.com\/fr\/wp-json\/wp\/v2\/product_cat?post=25806"},{"taxonomy":"product_tag","embeddable":true,"href":"https:\/\/olemosaic.com\/fr\/wp-json\/wp\/v2\/product_tag?post=25806"}],"curies":[{"name":"wp","href":"https:\/\/api.w.org\/{rel}","templated":true}]}}